{"id":3935,"date":"2024-07-02T18:39:56","date_gmt":"2024-07-02T18:39:56","guid":{"rendered":"https:\/\/verbalate.ai\/?page_id=3935"},"modified":"2024-07-02T18:42:30","modified_gmt":"2024-07-02T18:42:30","slug":"integritetspolicy","status":"publish","type":"page","link":"https:\/\/verbalate.ai\/sv\/privacy-policy\/","title":{"rendered":"POLICY F\u00d6R SKYDD AV PRIVATLIVET"},"content":{"rendered":"<div data-elementor-type=\"wp-page\" data-elementor-id=\"3935\" class=\"elementor elementor-3935\" data-elementor-post-type=\"page\">\n\t\t\t\t<div class=\"elementor-element elementor-element-b5fbd69 pad-tb-huge e-flex e-con-boxed e-con e-parent\" data-id=\"b5fbd69\" data-element_type=\"container\" data-e-type=\"container\">\n\t\t\t\t\t<div class=\"e-con-inner\">\n\t\t\t\t<div class=\"elementor-element elementor-element-0e6bd5f elementor-widget elementor-widget-text-editor\" data-id=\"0e6bd5f\" data-element_type=\"widget\" data-e-type=\"widget\" data-widget_type=\"text-editor.default\">\n\t\t\t\t<div class=\"elementor-widget-container\">\n\t\t\t\t\t\t\t\t\t<p><\/p><main id=\"content\" class=\"site-main post-327 page type-page status-publish hentry\"><p><\/p>\n<div class=\"page-content\">\n<div class=\"elementor elementor-327\" data-elementor-type=\"wp-page\" data-elementor-id=\"327\" data-elementor-post-type=\"page\">\n<div class=\"elementor-element elementor-element-4f64f00 e-flex e-con-boxed e-con e-parent\" data-id=\"4f64f00\" data-element_type=\"container\" data-core-v316-plus=\"true\">\n<div class=\"e-con-inner\">\n<div class=\"elementor-element elementor-element-bdb5181 elementor-widget elementor-widget-text-editor\" data-id=\"bdb5181\" data-element_type=\"widget\" data-widget_type=\"text-editor.default\">\n<div class=\"elementor-widget-container\">\n<h5>INLEDNING<\/h5>\n<ol>\n<li>I detta dokument anges integritetspolicyn f\u00f6r Verbalate Pty Ltd ACN 667 685 216 (i denna integritetspolicy kallad \"vi\", \"oss\" eller \"v\u00e5r\"). I enlighet med till\u00e4mplig dataskyddslagstiftning (i synnerhet den allm\u00e4nna dataskyddsf\u00f6rordningen (EU) 2016\/679 (\"<strong>GDPR<\/strong>\") och UK Data Protection Act 2018), kommer dina uppgifter att kontrolleras av oss.<\/li>\n<li>Denna integritetspolicy g\u00e4ller n\u00e4r vi samlar in din personliga information och\/eller personuppgifter (din&nbsp;<strong>Personuppgifter<\/strong>). Detta inkluderar mellan dig, bes\u00f6karen p\u00e5 denna webbplats (antingen direkt som v\u00e5r kund eller som personal hos v\u00e5r kund), och oss, \u00e4garen och leverant\u00f6ren av denna webbplats och \u00e4ven d\u00e4r vi instrueras av en tredje part att behandla dina personuppgifter. Denna integritetspolicy g\u00e4ller f\u00f6r v\u00e5r anv\u00e4ndning av alla uppgifter som samlas in av oss eller som tillhandah\u00e5lls av dig i samband med din anv\u00e4ndning av webbplatsen och tillhandah\u00e5llandet av v\u00e5ra tj\u00e4nster till dig.<\/li>\n<li>Vi tar v\u00e5ra integritetsf\u00f6rpliktelser p\u00e5 allvar. L\u00e4s denna integritetspolicy noggrant eftersom den inneh\u00e5ller viktig information om vilka vi \u00e4r och hur och varf\u00f6r vi samlar in, lagrar, anv\u00e4nder och delar dina personuppgifter i samband med att du anv\u00e4nder v\u00e5r webbplats. Den f\u00f6rklarar ocks\u00e5 dina r\u00e4ttigheter i f\u00f6rh\u00e5llande till dina personuppgifter och hur du kontaktar oss eller en relevant tillsynsmyndighet om du har ett klagom\u00e5l.<\/li>\n<\/ol><div><br><\/div>\n<h5>TYPER AV PERSONLIG INFORMATION SOM VI SAMLAR IN<\/h5>\n<ol start=\"4\">\n<li>De personuppgifter som vi samlar in kan omfatta f\u00f6ljande:<br><\/li><ol type=\"a\">\n<li>namn;<\/li>\n<li>Post- eller gatuadress;<\/li>\n<li>E-postadress;<\/li>\n<li>information om sociala medier;<\/li>\n<li>telefonnummer och andra kontaktuppgifter;<\/li>\n<li>\u00e5lder;<\/li>\n<li>f\u00f6delsedatum;<\/li>\n<li>kreditkorts- eller annan betalningsinformation;<\/li>\n<li>information om ditt f\u00f6retag eller dina personliga f\u00f6rh\u00e5llanden;<\/li>\n<li>information i samband med kundunders\u00f6kningar, fr\u00e5geformul\u00e4r och kampanjer som du deltar i;<\/li>\n<li>n\u00e4r vi anv\u00e4nder analytiska cookies, din enhets identitet och typ, IP-adress, geografisk information, sidvisningsstatistik, reklamdata och standardwebblogginformation;<\/li>\n<li>information om tredje part; och<\/li>\n<li>all annan information som du l\u00e4mnar till oss via denna webbplats, i samband med att vi tillhandah\u00e5ller tj\u00e4nster till dig, eller p\u00e5 annat s\u00e4tt kr\u00e4vs av oss eller l\u00e4mnas av dig.<\/li>\n<\/ol>\n\n<\/ol><div><br><\/div>\n<h5>HUR VI SAMLAR IN PERSONLIG INFORMATION<\/h5>\n<ol start=\"5\">\n<li>Vi str\u00e4var efter att se till att den information vi samlar in \u00e4r fullst\u00e4ndig, korrekt, tillg\u00e4nglig och inte f\u00f6rem\u00e5l f\u00f6r obeh\u00f6rig \u00e5tkomst.\n<p>Vi kan samla in personuppgifter antingen direkt fr\u00e5n dig eller fr\u00e5n tredje part, inklusive n\u00e4r du:<\/p>\n<ol type=\"a\">\n<li>kontakta oss via v\u00e5r webbplats;<\/li>\n<li>kommunicera med oss via e-post, telefon, SMS, sociala applikationer (s\u00e5som LinkedIn, Facebook eller Twitter) eller p\u00e5 annat s\u00e4tt;<\/li>\n<li>anlita oss f\u00f6r att utf\u00f6ra tj\u00e4nster \u00e5t dig;<\/li>\n<li>n\u00e4r du eller din organisation erbjuder er att tillhandah\u00e5lla, eller tillhandah\u00e5ller, tj\u00e4nster till oss;<\/li>\n<li>interagera med v\u00e5r webbplats, sociala applikationer, tj\u00e4nster, inneh\u00e5ll och reklam; och<\/li>\n<li>\n<blockquote>\n<p>investera i v\u00e5r verksamhet eller fr\u00e5ga om ett potentiellt k\u00f6p i v\u00e5r verksamhet.<\/p>\n<\/blockquote>\n<\/li>\n<\/ol>\n<p>Vi kan ocks\u00e5 samla in personuppgifter fr\u00e5n dig n\u00e4r du anv\u00e4nder eller g\u00e5r in p\u00e5 v\u00e5r webbplats eller v\u00e5ra sidor p\u00e5 sociala medier. Detta kan ske genom anv\u00e4ndning av webbanalysverktyg, \"cookies\" eller andra liknande sp\u00e5rningstekniker som g\u00f6r det m\u00f6jligt f\u00f6r oss att sp\u00e5ra och analysera din webbplatsanv\u00e4ndning. F\u00f6r mer information, se v\u00e5r cookiepolicy.<\/p>\n<\/li>\n<\/ol><div><br><\/div>\n<h5>ANV\u00c4NDNING AV DIN PERSONLIGA INFORMATION<\/h5>\n<ol start=\"8\">\n<li>Vi samlar in och anv\u00e4nder personuppgifter f\u00f6r f\u00f6ljande \u00e4ndam\u00e5l:<br><\/li><ol type=\"a\">\n<li>f\u00f6r att tillhandah\u00e5lla tj\u00e4nster eller information till dig;<\/li>\n<li>f\u00f6r registerh\u00e5llning och administrativa \u00e4ndam\u00e5l;<\/li>\n<li>f\u00f6r att uppfylla v\u00e5ra r\u00e4ttsliga skyldigheter, l\u00f6sa tvister eller verkst\u00e4lla v\u00e5ra avtal med tredje part;<\/li>\n<li>d\u00e4r vi har ditt samtycke, inklusive f\u00f6r att skicka dig marknadsf\u00f6rings- och reklammeddelanden och annan information som kan vara av intresse f\u00f6r dig. I detta avseende kan vi anv\u00e4nda e-post, SMS, sociala medier eller post f\u00f6r att skicka direkt marknadsf\u00f6ringskommunikation till dig. Du kan v\u00e4lja att inte ta emot marknadsf\u00f6ringsmaterial fr\u00e5n oss genom att anv\u00e4nda den avregistreringsfunktion som tillhandah\u00e5lls (t.ex. en l\u00e4nk f\u00f6r avregistrering);<\/li>\n<li>f\u00f6r v\u00e5ra legitima intressen inklusive:<br><\/li><ol type=\"i\">\n<li>f\u00f6r att utveckla och genomf\u00f6ra marknadsf\u00f6ringsaktiviteter och f\u00f6r att genomf\u00f6ra marknadsunders\u00f6kningar och analyser samt ta fram statistik;<\/li>\n<li>f\u00f6r att f\u00f6rb\u00e4ttra och optimera v\u00e5rt tj\u00e4nsteutbud och v\u00e5r kundupplevelse;<\/li>\n<li>f\u00f6r att skicka administrativa meddelanden, p\u00e5minnelser, meddelanden, uppdateringar och annan information som du har beg\u00e4rt;<\/li>\n<li>f\u00f6r att \u00f6verv\u00e4ga en ans\u00f6kan om anst\u00e4llning fr\u00e5n dig; och<\/li>\n<li>leverans av v\u00e5ra tj\u00e4nster.<\/li>\n<\/ol>\n\n<\/ol>\n\n<\/ol><div><br><\/div>\n<h5>DELA DINA UPPGIFTER<\/h5>\n<ol start=\"9\">\n<li>Vi kan dela dina personuppgifter under vissa omst\u00e4ndigheter, enligt f\u00f6ljande:<br><\/li><ol type=\"a\">\n<li>Om det sker en f\u00f6r\u00e4ndring av kontrollen \u00f6ver v\u00e5r verksamhet eller en f\u00f6rs\u00e4ljning eller \u00f6verf\u00f6ring av aff\u00e4rstillg\u00e5ngar f\u00f6rbeh\u00e5ller vi oss r\u00e4tten att i den utstr\u00e4ckning som till\u00e5ts enligt lag \u00f6verf\u00f6ra v\u00e5ra anv\u00e4ndardatabaser, tillsammans med alla personuppgifter och icke-personliga uppgifter som finns i dessa databaser. Denna information kan komma att l\u00e4mnas ut till en potentiell k\u00f6pare enligt ett avtal om att uppr\u00e4tth\u00e5lla sekretess. Vi str\u00e4var efter att endast l\u00e4mna ut information i god tro och n\u00e4r det kr\u00e4vs av n\u00e5gon av ovanst\u00e5ende omst\u00e4ndigheter;<\/li>\n<li>kreditupplysningsf\u00f6retag av kreditkontrollsk\u00e4l;<\/li>\n<li>upplysningar som kr\u00e4vs enligt lag eller f\u00f6rordning; och<\/li>\n<li>tj\u00e4nsteleverant\u00f6rer och andra anknutna tredje parter f\u00f6r att vi ska kunna tillhandah\u00e5lla v\u00e5ra tj\u00e4nster till dig, inklusive andra professionella r\u00e5dgivare s\u00e5som revisorer, leverant\u00f6rer av katastrof\u00e5terst\u00e4llningstj\u00e4nster eller revisorer och\/eller utl\u00e4ndsk juridisk r\u00e5dgivning.<\/li>\n<\/ol>\n\n<\/ol><div><br><\/div>\n<h5>S\u00c4KERHET<\/h5>\n<ol start=\"10\">\n<li>Vi vidtar rimliga \u00e5tg\u00e4rder f\u00f6r att s\u00e4kerst\u00e4lla att dina personuppgifter \u00e4r s\u00e4kra och skyddade mot missbruk eller obeh\u00f6rig \u00e5tkomst. V\u00e5ra informationstekniska system \u00e4r l\u00f6senordsskyddade och vi anv\u00e4nder en rad administrativa och tekniska \u00e5tg\u00e4rder f\u00f6r att skydda dessa system. Vi kan dock inte garantera s\u00e4kerheten f\u00f6r dina personuppgifter.<\/li>\n<\/ol><div><br><\/div>\n<h5>L\u00c4NKAR<\/h5>\n<ol start=\"11\">\n<li>V\u00e5r webbplats kan inneh\u00e5lla l\u00e4nkar till andra webbplatser. Dessa l\u00e4nkar tillhandah\u00e5lls f\u00f6r enkelhets skull och kanske inte \u00e4r aktuella eller underh\u00e5lls. Vi ansvarar inte f\u00f6r sekretesspraxis p\u00e5 de l\u00e4nkade webbplatserna och vi f\u00f6resl\u00e5r att du granskar sekretesspolicyn p\u00e5 dessa webbplatser innan du anv\u00e4nder dem.<\/li>\n<\/ol><div><br><\/div>\n<h5>DINA R\u00c4TTIGHETER<\/h5>\n<ol start=\"12\">\n<li>Du har olika r\u00e4ttigheter n\u00e4r det g\u00e4ller v\u00e5r anv\u00e4ndning av dina personuppgifter:<br><ol type=\"a\">\n<li><strong>Tillg\u00e5ng<\/strong>: Du har r\u00e4tt att f\u00e5 tillg\u00e5ng till dina uppgifter (om vi behandlar dem) och viss annan information (liknande den som anges i detta integritetsmeddelande). Detta \u00e4r f\u00f6r att du ska vara medveten om och kunna kontrollera att vi anv\u00e4nder dina uppgifter i enlighet med dataskyddslagstiftningen.<\/li>\n<li><strong>Bli informerad<\/strong>: Du har r\u00e4tt att f\u00e5 tydlig, transparent och l\u00e4ttf\u00f6rst\u00e5elig information om hur vi anv\u00e4nder dina uppgifter och dina r\u00e4ttigheter. Det \u00e4r d\u00e4rf\u00f6r vi ger dig informationen i denna integritetspolicy.<\/li>\n<li><strong>R\u00e4ttelse<\/strong>: Vi str\u00e4var efter att h\u00e5lla dina personuppgifter korrekta, aktuella och fullst\u00e4ndiga. Vi uppmuntrar dig att kontakta oss via v\u00e5rt kontaktformul\u00e4r f\u00f6r att meddela oss om n\u00e5gra av dina personuppgifter inte \u00e4r korrekta eller \u00e4ndras, s\u00e5 att vi kan h\u00e5lla dina personuppgifter uppdaterade.<\/li>\n<li><strong>Inv\u00e4ndning<\/strong>: Du har ocks\u00e5 r\u00e4tt att inv\u00e4nda mot behandling av dina personuppgifter under vissa omst\u00e4ndigheter, inklusive behandling f\u00f6r direktmarknadsf\u00f6ring.<\/li>\n<li><strong>Begr\u00e4nsning<\/strong>: Du har r\u00e4tt att \"blockera\" eller undertrycka vidare anv\u00e4ndning av din information. N\u00e4r behandlingen \u00e4r begr\u00e4nsad kan vi fortfarande lagra dina uppgifter, men vi f\u00e5r inte anv\u00e4nda dem vidare.<\/li>\n<li><strong>Utpl\u00e5ning<\/strong>: Du har r\u00e4tt att be oss radera dina personuppgifter n\u00e4r personuppgifterna inte l\u00e4ngre \u00e4r n\u00f6dv\u00e4ndiga f\u00f6r de \u00e4ndam\u00e5l f\u00f6r vilka de samlades in, eller n\u00e4r, bland annat, dina personuppgifter har behandlats p\u00e5 ett olagligt s\u00e4tt.<\/li>\n<li><strong>B\u00e4rbarhet<\/strong>: Du har r\u00e4tt att beg\u00e4ra att vissa av dina personuppgifter l\u00e4mnas till dig, eller till en annan personuppgiftsansvarig, i ett allm\u00e4nt anv\u00e4nt, maskinl\u00e4sbart format.<\/li>\n<li><strong>Klagom\u00e5l<\/strong>: Om du anser att dina dataskyddsr\u00e4ttigheter kan ha kr\u00e4nkts har du r\u00e4tt att l\u00e4mna in ett klagom\u00e5l till den till\u00e4mpliga tillsynsmyndigheten. I Storbritannien \u00e4r tillsynsmyndigheten Information Commissioner's Office.<\/li>\n<li><strong>\u00c5terkalla samtycke<\/strong>: Om du har gett ditt samtycke till n\u00e5got som vi g\u00f6r med dina personuppgifter har du r\u00e4tt att n\u00e4r som helst \u00e5terkalla ditt samtycke. Detta inkluderar din r\u00e4tt att \u00e5terkalla ditt samtycke till att vi anv\u00e4nder dina personuppgifter f\u00f6r marknadsf\u00f6rings\u00e4ndam\u00e5l.<\/li>\n<\/ol>\n<p>Du kan n\u00e4r som helst ut\u00f6va n\u00e5gon av ovanst\u00e5ende r\u00e4ttigheter genom att kontakta v\u00e5r e-postadress som anges nedan.<\/p>\n<\/li>\n<\/ol><div><br><\/div>\n<h5>HUR L\u00c4NGE VI SPARAR DATA<\/h5>\n<ol start=\"14\">\n<li>Vi kommer endast att beh\u00e5lla dina personuppgifter s\u00e5 l\u00e4nge som det \u00e4r n\u00f6dv\u00e4ndigt f\u00f6r att uppfylla de syften f\u00f6r vilka vi samlade in dem, inklusive f\u00f6r att uppfylla eventuella r\u00e4ttsliga krav, redovisningskrav eller rapporteringskrav. Vi kommer att f\u00f6rst\u00f6ra dina personuppgifter p\u00e5 ett s\u00e4kert s\u00e4tt i enlighet med till\u00e4mpliga lagar och f\u00f6rordningar.\n<p>Om du vill ha ytterligare information om v\u00e5ra specifika lagringsperioder f\u00f6r dina personuppgifter, v\u00e4nligen kontakta oss via v\u00e5r e-postadress som anges nedan.<\/p>\n<\/li>\n<\/ol><div><br><\/div>\n<h5>\u00d6VERF\u00d6RINGAR UTANF\u00d6R EUROPEISKA EKONOMISKA SAMARBETSOMR\u00c5DET (\"EES\")<\/h5>\n<ol start=\"16\">\n<li>F\u00f6r att tillhandah\u00e5lla v\u00e5ra tj\u00e4nster kan vi komma att \u00f6verf\u00f6ra de personuppgifter vi samlar in till l\u00e4nder utanf\u00f6r Storbritannien eller EES som inte tillhandah\u00e5ller samma niv\u00e5 av dataskydd som det land d\u00e4r du \u00e4r bosatt och som inte erk\u00e4nns av Europeiska kommissionen som ett land som tillhandah\u00e5ller en adekvat niv\u00e5 av dataskydd.\n<p>N\u00e4r vi g\u00f6r detta kommer vi att se till att de skyddas i samma utstr\u00e4ckning som i EES och Storbritannien eftersom vi kommer att vidta l\u00e4mpliga skydds\u00e5tg\u00e4rder f\u00f6r att skydda dina personuppgifter, vilket kan omfatta standardavtalsklausuler.<\/p>\n<p>F\u00f6r mer information, v\u00e4nligen kontakta oss p\u00e5 v\u00e5r e-postadress som anges nedan.<\/p>\n<\/li>\n<\/ol><div><br><\/div>\n<h5>KONTAKTA OSS<\/h5>\n<ol start=\"19\">\n<li>F\u00f6r ytterligare information om v\u00e5r integritetspolicy eller praxis, eller f\u00f6r att f\u00e5 tillg\u00e5ng till eller korrigera dina personuppgifter, eller l\u00e4mna ett klagom\u00e5l, v\u00e4nligen kontakta oss med hj\u00e4lp av de uppgifter som anges nedan:\n<p><strong>E-post<\/strong>: grant.davies@eclicks.com.au<\/p>\n<p>Vi kan komma att \u00e4ndra denna integritetspolicy fr\u00e5n tid till annan genom att publicera en uppdaterad kopia p\u00e5 v\u00e5r webbplats och vi uppmuntrar dig att regelbundet bes\u00f6ka v\u00e5r webbplats f\u00f6r att s\u00e4kerst\u00e4lla att du k\u00e4nner till v\u00e5r senaste integritetspolicy. Om vi g\u00f6r n\u00e5gra betydande \u00e4ndringar kommer vi att f\u00f6rs\u00f6ka meddela dig via e-post.<\/p>\n<\/li>\n<\/ol>\n<\/div>\n<\/div>\n<\/div>\n<\/div>\n<\/div>\n<\/div>\n<p><\/p><\/main><p><\/p>\t\t\t\t\t\t\t\t<\/div>\n\t\t\t\t<\/div>\n\t\t\t\t\t<\/div>\n\t\t\t\t<\/div>\n\t\t\t\t<\/div>","protected":false},"excerpt":{"rendered":"<p>INTRODUCTION This document sets out the privacy policy of Verbalate Pty Ltd ACN 667 685 216 (referred to in this privacy policy as \u2018we\u2019, \u2018us\u2019, or \u2018our\u2019). For the purposes of applicable data protection law, (in particular, the General Data Protection Regulation (EU) 2016\/679 (the \u201cGDPR\u201d) and the UK Data Protection Act 2018), your data [&hellip;]<\/p>\n","protected":false},"author":2,"featured_media":0,"parent":0,"menu_order":0,"comment_status":"closed","ping_status":"closed","template":"","meta":{"_acf_changed":false,"footnotes":""},"class_list":["post-3935","page","type-page","status-publish","hentry"],"acf":[],"yoast_head":"<!-- This site is optimized with the Yoast SEO Premium plugin v25.6 (Yoast SEO v27.4) - https:\/\/yoast.com\/product\/yoast-seo-premium-wordpress\/ -->\n<title>PRIVACY POLICY - Verbalate\u2122<\/title>\n<meta name=\"robots\" content=\"index, follow, max-snippet:-1, max-image-preview:large, max-video-preview:-1\" \/>\n<link rel=\"canonical\" href=\"https:\/\/verbalate.ai\/sv\/integritetspolicy\/\" \/>\n<meta property=\"og:locale\" content=\"sv_SE\" \/>\n<meta property=\"og:type\" content=\"article\" \/>\n<meta property=\"og:title\" content=\"PRIVACY POLICY\" \/>\n<meta property=\"og:description\" content=\"INTRODUCTION This document sets out the privacy policy of Verbalate Pty Ltd ACN 667 685 216 (referred to in this privacy policy as \u2018we\u2019, \u2018us\u2019, or \u2018our\u2019). For the purposes of applicable data protection law, (in particular, the General Data Protection Regulation (EU) 2016\/679 (the \u201cGDPR\u201d) and the UK Data Protection Act 2018), your data [&hellip;]\" \/>\n<meta property=\"og:url\" content=\"https:\/\/verbalate.ai\/sv\/integritetspolicy\/\" \/>\n<meta property=\"og:site_name\" content=\"Verbalate\u2122\" \/>\n<meta property=\"article:publisher\" content=\"https:\/\/www.facebook.com\/verbalateai\" \/>\n<meta property=\"article:modified_time\" content=\"2024-07-02T18:42:30+00:00\" \/>\n<meta property=\"og:image\" content=\"https:\/\/verbalate.ai\/wp-content\/uploads\/2024\/05\/verbalate-og.png\" \/>\n\t<meta property=\"og:image:width\" content=\"1200\" \/>\n\t<meta property=\"og:image:height\" content=\"675\" \/>\n\t<meta property=\"og:image:type\" content=\"image\/png\" \/>\n<meta name=\"twitter:card\" content=\"summary_large_image\" \/>\n<meta name=\"twitter:site\" content=\"@verbalateai\" \/>\n<meta name=\"twitter:label1\" content=\"Ber\u00e4knad l\u00e4stid\" \/>\n\t<meta name=\"twitter:data1\" content=\"14 minuter\" \/>\n<script type=\"application\/ld+json\" class=\"yoast-schema-graph\">{\"@context\":\"https:\\\/\\\/schema.org\",\"@graph\":[{\"@type\":\"WebPage\",\"@id\":\"https:\\\/\\\/verbalate.ai\\\/privacy-policy\\\/\",\"url\":\"https:\\\/\\\/verbalate.ai\\\/privacy-policy\\\/\",\"name\":\"PRIVACY POLICY - Verbalate\u2122\",\"isPartOf\":{\"@id\":\"https:\\\/\\\/verbalate.ai\\\/#website\"},\"datePublished\":\"2024-07-02T18:39:56+00:00\",\"dateModified\":\"2024-07-02T18:42:30+00:00\",\"breadcrumb\":{\"@id\":\"https:\\\/\\\/verbalate.ai\\\/privacy-policy\\\/#breadcrumb\"},\"inLanguage\":\"sv-SE\",\"potentialAction\":[{\"@type\":\"ReadAction\",\"target\":[\"https:\\\/\\\/verbalate.ai\\\/privacy-policy\\\/\"]}]},{\"@type\":\"BreadcrumbList\",\"@id\":\"https:\\\/\\\/verbalate.ai\\\/privacy-policy\\\/#breadcrumb\",\"itemListElement\":[{\"@type\":\"ListItem\",\"position\":1,\"name\":\"Home\",\"item\":\"https:\\\/\\\/verbalate.ai\\\/\"},{\"@type\":\"ListItem\",\"position\":2,\"name\":\"PRIVACY POLICY\"}]},{\"@type\":\"WebSite\",\"@id\":\"https:\\\/\\\/verbalate.ai\\\/#website\",\"url\":\"https:\\\/\\\/verbalate.ai\\\/\",\"name\":\"Verbalate\",\"description\":\"Video Translation &amp; Dubbing Platform.\",\"publisher\":{\"@id\":\"https:\\\/\\\/verbalate.ai\\\/#organization\"},\"potentialAction\":[{\"@type\":\"SearchAction\",\"target\":{\"@type\":\"EntryPoint\",\"urlTemplate\":\"https:\\\/\\\/verbalate.ai\\\/?s={search_term_string}\"},\"query-input\":{\"@type\":\"PropertyValueSpecification\",\"valueRequired\":true,\"valueName\":\"search_term_string\"}}],\"inLanguage\":\"sv-SE\"},{\"@type\":\"Organization\",\"@id\":\"https:\\\/\\\/verbalate.ai\\\/#organization\",\"name\":\"Verbalate\",\"url\":\"https:\\\/\\\/verbalate.ai\\\/\",\"logo\":{\"@type\":\"ImageObject\",\"inLanguage\":\"sv-SE\",\"@id\":\"https:\\\/\\\/verbalate.ai\\\/#\\\/schema\\\/logo\\\/image\\\/\",\"url\":\"https:\\\/\\\/verbalate.ai\\\/wp-content\\\/uploads\\\/2024\\\/05\\\/Link-\u2192-verbalate-translation-software-logo.svg.svg\",\"contentUrl\":\"https:\\\/\\\/verbalate.ai\\\/wp-content\\\/uploads\\\/2024\\\/05\\\/Link-\u2192-verbalate-translation-software-logo.svg.svg\",\"caption\":\"Verbalate\"},\"image\":{\"@id\":\"https:\\\/\\\/verbalate.ai\\\/#\\\/schema\\\/logo\\\/image\\\/\"},\"sameAs\":[\"https:\\\/\\\/www.facebook.com\\\/verbalateai\",\"https:\\\/\\\/x.com\\\/verbalateai\",\"https:\\\/\\\/www.youtube.com\\\/@verbalateai\",\"https:\\\/\\\/www.linkedin.com\\\/company\\\/verbalate-ai\",\"https:\\\/\\\/www.instagram.com\\\/verbalateai\\\/\"]}]}<\/script>\n<!-- \/ Yoast SEO Premium plugin. -->","yoast_head_json":{"title":"PRIVATPOLICY - Verbalate\u2122","robots":{"index":"index","follow":"follow","max-snippet":"max-snippet:-1","max-image-preview":"max-image-preview:large","max-video-preview":"max-video-preview:-1"},"canonical":"https:\/\/verbalate.ai\/sv\/integritetspolicy\/","og_locale":"sv_SE","og_type":"article","og_title":"PRIVACY POLICY","og_description":"INTRODUCTION This document sets out the privacy policy of Verbalate Pty Ltd ACN 667 685 216 (referred to in this privacy policy as \u2018we\u2019, \u2018us\u2019, or \u2018our\u2019). For the purposes of applicable data protection law, (in particular, the General Data Protection Regulation (EU) 2016\/679 (the \u201cGDPR\u201d) and the UK Data Protection Act 2018), your data [&hellip;]","og_url":"https:\/\/verbalate.ai\/sv\/integritetspolicy\/","og_site_name":"Verbalate\u2122","article_publisher":"https:\/\/www.facebook.com\/verbalateai","article_modified_time":"2024-07-02T18:42:30+00:00","og_image":[{"width":1200,"height":675,"url":"https:\/\/verbalate.ai\/wp-content\/uploads\/2024\/05\/verbalate-og.png","type":"image\/png"}],"twitter_card":"summary_large_image","twitter_site":"@verbalateai","twitter_misc":{"Ber\u00e4knad l\u00e4stid":"14 minuter"},"schema":{"@context":"https:\/\/schema.org","@graph":[{"@type":"WebPage","@id":"https:\/\/verbalate.ai\/privacy-policy\/","url":"https:\/\/verbalate.ai\/privacy-policy\/","name":"PRIVATPOLICY - Verbalate\u2122","isPartOf":{"@id":"https:\/\/verbalate.ai\/#website"},"datePublished":"2024-07-02T18:39:56+00:00","dateModified":"2024-07-02T18:42:30+00:00","breadcrumb":{"@id":"https:\/\/verbalate.ai\/privacy-policy\/#breadcrumb"},"inLanguage":"sv-SE","potentialAction":[{"@type":"ReadAction","target":["https:\/\/verbalate.ai\/privacy-policy\/"]}]},{"@type":"BreadcrumbList","@id":"https:\/\/verbalate.ai\/privacy-policy\/#breadcrumb","itemListElement":[{"@type":"ListItem","position":1,"name":"Home","item":"https:\/\/verbalate.ai\/"},{"@type":"ListItem","position":2,"name":"PRIVACY POLICY"}]},{"@type":"WebSite","@id":"https:\/\/verbalate.ai\/#website","url":"https:\/\/verbalate.ai\/","name":"Verbalate","description":"Plattform f\u00f6r \u00f6vers\u00e4ttning och dubbning av video.","publisher":{"@id":"https:\/\/verbalate.ai\/#organization"},"potentialAction":[{"@type":"SearchAction","target":{"@type":"EntryPoint","urlTemplate":"https:\/\/verbalate.ai\/?s={search_term_string}"},"query-input":{"@type":"PropertyValueSpecification","valueRequired":true,"valueName":"search_term_string"}}],"inLanguage":"sv-SE"},{"@type":"Organization","@id":"https:\/\/verbalate.ai\/#organization","name":"Verbalate","url":"https:\/\/verbalate.ai\/","logo":{"@type":"ImageObject","inLanguage":"sv-SE","@id":"https:\/\/verbalate.ai\/#\/schema\/logo\/image\/","url":"https:\/\/verbalate.ai\/wp-content\/uploads\/2024\/05\/Link-\u2192-verbalate-translation-software-logo.svg.svg","contentUrl":"https:\/\/verbalate.ai\/wp-content\/uploads\/2024\/05\/Link-\u2192-verbalate-translation-software-logo.svg.svg","caption":"Verbalate"},"image":{"@id":"https:\/\/verbalate.ai\/#\/schema\/logo\/image\/"},"sameAs":["https:\/\/www.facebook.com\/verbalateai","https:\/\/x.com\/verbalateai","https:\/\/www.youtube.com\/@verbalateai","https:\/\/www.linkedin.com\/company\/verbalate-ai","https:\/\/www.instagram.com\/verbalateai\/"]}]}},"jetpack_sharing_enabled":true,"_links":{"self":[{"href":"https:\/\/verbalate.ai\/sv\/wp-json\/wp\/v2\/pages\/3935","targetHints":{"allow":["GET"]}}],"collection":[{"href":"https:\/\/verbalate.ai\/sv\/wp-json\/wp\/v2\/pages"}],"about":[{"href":"https:\/\/verbalate.ai\/sv\/wp-json\/wp\/v2\/types\/page"}],"author":[{"embeddable":true,"href":"https:\/\/verbalate.ai\/sv\/wp-json\/wp\/v2\/users\/2"}],"replies":[{"embeddable":true,"href":"https:\/\/verbalate.ai\/sv\/wp-json\/wp\/v2\/comments?post=3935"}],"version-history":[{"count":0,"href":"https:\/\/verbalate.ai\/sv\/wp-json\/wp\/v2\/pages\/3935\/revisions"}],"wp:attachment":[{"href":"https:\/\/verbalate.ai\/sv\/wp-json\/wp\/v2\/media?parent=3935"}],"curies":[{"name":"wp","href":"https:\/\/api.w.org\/{rel}","templated":true}]}}