{"id":3599,"date":"2024-05-31T18:09:15","date_gmt":"2024-05-31T18:09:15","guid":{"rendered":"https:\/\/verbalate.ai\/?page_id=3599"},"modified":"2025-01-11T00:39:11","modified_gmt":"2025-01-11T00:39:11","slug":"pobocky","status":"publish","type":"page","link":"https:\/\/verbalate.ai\/sk\/affiliates\/","title":{"rendered":"Pridajte sa k n\u00e1m"},"content":{"rendered":"<div data-elementor-type=\"wp-page\" data-elementor-id=\"3599\" class=\"elementor elementor-3599\" data-elementor-post-type=\"page\">\n\t\t\t\t<div class=\"elementor-element elementor-element-104e373 pad-tb-l e-flex e-con-boxed e-con e-parent\" data-id=\"104e373\" data-element_type=\"container\" data-e-type=\"container\">\n\t\t\t\t\t<div class=\"e-con-inner\">\n\t\t\t\t<div class=\"elementor-element elementor-element-b067f6f elementor-widget elementor-widget-heading\" data-id=\"b067f6f\" data-element_type=\"widget\" data-e-type=\"widget\" data-widget_type=\"heading.default\">\n\t\t\t\t<div class=\"elementor-widget-container\">\n\t\t\t\t\t<h1 class=\"elementor-heading-title elementor-size-default\">Pridajte sa k n\u00e1m\n<\/h1>\t\t\t\t<\/div>\n\t\t\t\t<\/div>\n\t\t\t\t<div class=\"elementor-element elementor-element-8dbcd46 elementor-widget elementor-widget-text-editor\" data-id=\"8dbcd46\" data-element_type=\"widget\" data-e-type=\"widget\" data-widget_type=\"text-editor.default\">\n\t\t\t\t<div class=\"elementor-widget-container\">\n\t\t\t\t\t\t\t\t\t<p><iframe style=\"height: 100vh;\" title=\"partneri\" src=\"https:\/\/verbalate.firstpromoter.com\/\"><\/iframe><\/p>\t\t\t\t\t\t\t\t<\/div>\n\t\t\t\t<\/div>\n\t\t\t\t\t<\/div>\n\t\t\t\t<\/div>\n\t\t\t\t<\/div>","protected":false},"excerpt":{"rendered":"<p>Pridajte sa k n\u00e1m<\/p>","protected":false},"author":2,"featured_media":0,"parent":0,"menu_order":0,"comment_status":"closed","ping_status":"closed","template":"","meta":{"_acf_changed":false,"footnotes":""},"class_list":["post-3599","page","type-page","status-publish","hentry"],"acf":[],"yoast_head":"<!-- This site is optimized with the Yoast SEO Premium plugin v25.6 (Yoast SEO v27.3) - https:\/\/yoast.com\/product\/yoast-seo-premium-wordpress\/ -->\n<title>Verbalate AI Dubbing Affiliate Program For Resellers<\/title>\n<meta name=\"description\" content=\"Sign-up for Verbalate.ai affiliate program and receive 25% ongoing commission on all referrals.\" \/>\n<meta name=\"robots\" content=\"index, follow, max-snippet:-1, max-image-preview:large, max-video-preview:-1\" \/>\n<link rel=\"canonical\" href=\"https:\/\/verbalate.ai\/sk\/pobocky\/\" \/>\n<meta property=\"og:locale\" content=\"sk_SK\" \/>\n<meta property=\"og:type\" content=\"article\" \/>\n<meta property=\"og:title\" content=\"Join Us\" \/>\n<meta property=\"og:description\" content=\"Sign-up for Verbalate.ai affiliate program and receive 25% ongoing commission on all referrals.\" \/>\n<meta property=\"og:url\" content=\"https:\/\/verbalate.ai\/sk\/pobocky\/\" \/>\n<meta property=\"og:site_name\" content=\"Verbalate\u2122\" \/>\n<meta property=\"article:publisher\" content=\"https:\/\/www.facebook.com\/verbalateai\" \/>\n<meta property=\"article:modified_time\" content=\"2025-01-11T00:39:11+00:00\" \/>\n<meta property=\"og:image\" content=\"https:\/\/verbalate.ai\/wp-content\/uploads\/2024\/05\/verbalate-og.png\" \/>\n\t<meta property=\"og:image:width\" content=\"1200\" \/>\n\t<meta property=\"og:image:height\" content=\"675\" \/>\n\t<meta property=\"og:image:type\" content=\"image\/png\" \/>\n<meta name=\"twitter:card\" content=\"summary_large_image\" \/>\n<meta name=\"twitter:site\" content=\"@verbalateai\" \/>\n<meta name=\"twitter:label1\" content=\"Predpokladan\u00fd \u010das \u010d\u00edtania\" \/>\n\t<meta name=\"twitter:data1\" content=\"1 min\u00fata\" \/>\n<script type=\"application\/ld+json\" class=\"yoast-schema-graph\">{\"@context\":\"https:\\\/\\\/schema.org\",\"@graph\":[{\"@type\":\"WebPage\",\"@id\":\"https:\\\/\\\/verbalate.ai\\\/affiliates\\\/\",\"url\":\"https:\\\/\\\/verbalate.ai\\\/affiliates\\\/\",\"name\":\"Verbalate AI Dubbing Affiliate Program For Resellers\",\"isPartOf\":{\"@id\":\"https:\\\/\\\/verbalate.ai\\\/#website\"},\"datePublished\":\"2024-05-31T18:09:15+00:00\",\"dateModified\":\"2025-01-11T00:39:11+00:00\",\"description\":\"Sign-up for Verbalate.ai affiliate program and receive 25% ongoing commission on all referrals.\",\"breadcrumb\":{\"@id\":\"https:\\\/\\\/verbalate.ai\\\/affiliates\\\/#breadcrumb\"},\"inLanguage\":\"sk-SK\",\"potentialAction\":[{\"@type\":\"ReadAction\",\"target\":[\"https:\\\/\\\/verbalate.ai\\\/affiliates\\\/\"]}]},{\"@type\":\"BreadcrumbList\",\"@id\":\"https:\\\/\\\/verbalate.ai\\\/affiliates\\\/#breadcrumb\",\"itemListElement\":[{\"@type\":\"ListItem\",\"position\":1,\"name\":\"Home\",\"item\":\"https:\\\/\\\/verbalate.ai\\\/\"},{\"@type\":\"ListItem\",\"position\":2,\"name\":\"Join Us\"}]},{\"@type\":\"WebSite\",\"@id\":\"https:\\\/\\\/verbalate.ai\\\/#website\",\"url\":\"https:\\\/\\\/verbalate.ai\\\/\",\"name\":\"Verbalate\",\"description\":\"Video Translation &amp; Dubbing Platform.\",\"publisher\":{\"@id\":\"https:\\\/\\\/verbalate.ai\\\/#organization\"},\"potentialAction\":[{\"@type\":\"SearchAction\",\"target\":{\"@type\":\"EntryPoint\",\"urlTemplate\":\"https:\\\/\\\/verbalate.ai\\\/?s={search_term_string}\"},\"query-input\":{\"@type\":\"PropertyValueSpecification\",\"valueRequired\":true,\"valueName\":\"search_term_string\"}}],\"inLanguage\":\"sk-SK\"},{\"@type\":\"Organization\",\"@id\":\"https:\\\/\\\/verbalate.ai\\\/#organization\",\"name\":\"Verbalate\",\"url\":\"https:\\\/\\\/verbalate.ai\\\/\",\"logo\":{\"@type\":\"ImageObject\",\"inLanguage\":\"sk-SK\",\"@id\":\"https:\\\/\\\/verbalate.ai\\\/#\\\/schema\\\/logo\\\/image\\\/\",\"url\":\"https:\\\/\\\/verbalate.ai\\\/wp-content\\\/uploads\\\/2024\\\/05\\\/Link-\u2192-verbalate-translation-software-logo.svg.svg\",\"contentUrl\":\"https:\\\/\\\/verbalate.ai\\\/wp-content\\\/uploads\\\/2024\\\/05\\\/Link-\u2192-verbalate-translation-software-logo.svg.svg\",\"caption\":\"Verbalate\"},\"image\":{\"@id\":\"https:\\\/\\\/verbalate.ai\\\/#\\\/schema\\\/logo\\\/image\\\/\"},\"sameAs\":[\"https:\\\/\\\/www.facebook.com\\\/verbalateai\",\"https:\\\/\\\/x.com\\\/verbalateai\",\"https:\\\/\\\/www.youtube.com\\\/@verbalateai\",\"https:\\\/\\\/www.linkedin.com\\\/company\\\/verbalate-ai\",\"https:\\\/\\\/www.instagram.com\\\/verbalateai\\\/\"]}]}<\/script>\n<!-- \/ Yoast SEO Premium plugin. -->","yoast_head_json":{"title":"Affiliate program Verbalate AI Dubbing pre predajcov","description":"Zaregistrujte sa do partnersk\u00e9ho programu Verbalate.ai a z\u00edskajte priebe\u017en\u00fa prov\u00edziu 25% zo v\u0161etk\u00fdch odpor\u00fa\u010dan\u00ed.","robots":{"index":"index","follow":"follow","max-snippet":"max-snippet:-1","max-image-preview":"max-image-preview:large","max-video-preview":"max-video-preview:-1"},"canonical":"https:\/\/verbalate.ai\/sk\/pobocky\/","og_locale":"sk_SK","og_type":"article","og_title":"Join Us","og_description":"Sign-up for Verbalate.ai affiliate program and receive 25% ongoing commission on all referrals.","og_url":"https:\/\/verbalate.ai\/sk\/pobocky\/","og_site_name":"Verbalate\u2122","article_publisher":"https:\/\/www.facebook.com\/verbalateai","article_modified_time":"2025-01-11T00:39:11+00:00","og_image":[{"width":1200,"height":675,"url":"https:\/\/verbalate.ai\/wp-content\/uploads\/2024\/05\/verbalate-og.png","type":"image\/png"}],"twitter_card":"summary_large_image","twitter_site":"@verbalateai","twitter_misc":{"Predpokladan\u00fd \u010das \u010d\u00edtania":"1 min\u00fata"},"schema":{"@context":"https:\/\/schema.org","@graph":[{"@type":"WebPage","@id":"https:\/\/verbalate.ai\/affiliates\/","url":"https:\/\/verbalate.ai\/affiliates\/","name":"Affiliate program Verbalate AI Dubbing pre predajcov","isPartOf":{"@id":"https:\/\/verbalate.ai\/#website"},"datePublished":"2024-05-31T18:09:15+00:00","dateModified":"2025-01-11T00:39:11+00:00","description":"Zaregistrujte sa do partnersk\u00e9ho programu Verbalate.ai a z\u00edskajte priebe\u017en\u00fa prov\u00edziu 25% zo v\u0161etk\u00fdch odpor\u00fa\u010dan\u00ed.","breadcrumb":{"@id":"https:\/\/verbalate.ai\/affiliates\/#breadcrumb"},"inLanguage":"sk-SK","potentialAction":[{"@type":"ReadAction","target":["https:\/\/verbalate.ai\/affiliates\/"]}]},{"@type":"BreadcrumbList","@id":"https:\/\/verbalate.ai\/affiliates\/#breadcrumb","itemListElement":[{"@type":"ListItem","position":1,"name":"Home","item":"https:\/\/verbalate.ai\/"},{"@type":"ListItem","position":2,"name":"Join Us"}]},{"@type":"WebSite","@id":"https:\/\/verbalate.ai\/#website","url":"https:\/\/verbalate.ai\/","name":"Verbalate","description":"Platforma na preklad a dabing videa.","publisher":{"@id":"https:\/\/verbalate.ai\/#organization"},"potentialAction":[{"@type":"SearchAction","target":{"@type":"EntryPoint","urlTemplate":"https:\/\/verbalate.ai\/?s={search_term_string}"},"query-input":{"@type":"PropertyValueSpecification","valueRequired":true,"valueName":"search_term_string"}}],"inLanguage":"sk-SK"},{"@type":"Organization","@id":"https:\/\/verbalate.ai\/#organization","name":"Verbalate","url":"https:\/\/verbalate.ai\/","logo":{"@type":"ImageObject","inLanguage":"sk-SK","@id":"https:\/\/verbalate.ai\/#\/schema\/logo\/image\/","url":"https:\/\/verbalate.ai\/wp-content\/uploads\/2024\/05\/Link-\u2192-verbalate-translation-software-logo.svg.svg","contentUrl":"https:\/\/verbalate.ai\/wp-content\/uploads\/2024\/05\/Link-\u2192-verbalate-translation-software-logo.svg.svg","caption":"Verbalate"},"image":{"@id":"https:\/\/verbalate.ai\/#\/schema\/logo\/image\/"},"sameAs":["https:\/\/www.facebook.com\/verbalateai","https:\/\/x.com\/verbalateai","https:\/\/www.youtube.com\/@verbalateai","https:\/\/www.linkedin.com\/company\/verbalate-ai","https:\/\/www.instagram.com\/verbalateai\/"]}]}},"jetpack_sharing_enabled":true,"_links":{"self":[{"href":"https:\/\/verbalate.ai\/sk\/wp-json\/wp\/v2\/pages\/3599","targetHints":{"allow":["GET"]}}],"collection":[{"href":"https:\/\/verbalate.ai\/sk\/wp-json\/wp\/v2\/pages"}],"about":[{"href":"https:\/\/verbalate.ai\/sk\/wp-json\/wp\/v2\/types\/page"}],"author":[{"embeddable":true,"href":"https:\/\/verbalate.ai\/sk\/wp-json\/wp\/v2\/users\/2"}],"replies":[{"embeddable":true,"href":"https:\/\/verbalate.ai\/sk\/wp-json\/wp\/v2\/comments?post=3599"}],"version-history":[{"count":0,"href":"https:\/\/verbalate.ai\/sk\/wp-json\/wp\/v2\/pages\/3599\/revisions"}],"wp:attachment":[{"href":"https:\/\/verbalate.ai\/sk\/wp-json\/wp\/v2\/media?parent=3599"}],"curies":[{"name":"wp","href":"https:\/\/api.w.org\/{rel}","templated":true}]}}