{"id":3935,"date":"2024-07-02T18:39:56","date_gmt":"2024-07-02T18:39:56","guid":{"rendered":"https:\/\/verbalate.ai\/?page_id=3935"},"modified":"2024-07-02T18:42:30","modified_gmt":"2024-07-02T18:42:30","slug":"politica-de-confidentialitate","status":"publish","type":"page","link":"https:\/\/verbalate.ai\/ro\/privacy-policy\/","title":{"rendered":"POLITICA DE CONFIDEN\u021aIALITATE"},"content":{"rendered":"<div data-elementor-type=\"wp-page\" data-elementor-id=\"3935\" class=\"elementor elementor-3935\" data-elementor-post-type=\"page\">\n\t\t\t\t<div class=\"elementor-element elementor-element-b5fbd69 pad-tb-huge e-flex e-con-boxed e-con e-parent\" data-id=\"b5fbd69\" data-element_type=\"container\" data-e-type=\"container\">\n\t\t\t\t\t<div class=\"e-con-inner\">\n\t\t\t\t<div class=\"elementor-element elementor-element-0e6bd5f elementor-widget elementor-widget-text-editor\" data-id=\"0e6bd5f\" data-element_type=\"widget\" data-e-type=\"widget\" data-widget_type=\"text-editor.default\">\n\t\t\t\t<div class=\"elementor-widget-container\">\n\t\t\t\t\t\t\t\t\t<p><\/p><main id=\"content\" class=\"site-main post-327 page type-page status-publish hentry\"><p><\/p>\n<div class=\"page-content\">\n<div class=\"elementor elementor-327\" data-elementor-type=\"wp-page\" data-elementor-id=\"327\" data-elementor-post-type=\"page\">\n<div class=\"elementor-element elementor-element-4f64f00 e-flex e-con-boxed e-con e-parent\" data-id=\"4f64f00\" data-element_type=\"container\" data-core-v316-plus=\"true\">\n<div class=\"e-con-inner\">\n<div class=\"elementor-element elementor-element-bdb5181 elementor-widget elementor-widget-text-editor\" data-id=\"bdb5181\" data-element_type=\"widget\" data-widget_type=\"text-editor.default\">\n<div class=\"elementor-widget-container\">\n<h5>INTRODUCERE<\/h5>\n<ol>\n<li>Prezentul document stabile\u0219te politica de confiden\u021bialitate a Verbalate Pty Ltd ACN 667 685 216 (denumit\u0103 \u00een aceast\u0103 politic\u0103 de confiden\u021bialitate \"noi\", \"ne\" sau \"noastr\u0103\"). \u00cen sensul legisla\u021biei aplicabile privind protec\u021bia datelor, [\u00een special, Regulamentul general privind protec\u021bia datelor (UE) 2016\/679 (denumit \u00een continuare \"<strong>GDPR<\/strong>\") \u0219i Legea privind protec\u021bia datelor din Regatul Unit 2018), datele dvs. vor fi controlate de noi.<\/li>\n<li>Aceast\u0103 politic\u0103 de confiden\u021bialitate se aplic\u0103 ori de c\u00e2te ori v\u0103 colect\u0103m informa\u021biile personale \u0219i\/sau datele personale (dvs.&nbsp;<strong>date cu caracter personal<\/strong>). Aceasta include rela\u021biile dintre dumneavoastr\u0103, vizitatorul acestui site web (fie direct, \u00een calitate de client al nostru sau de personal al clientului nostru), \u0219i noi, proprietarul \u0219i furnizorul acestui site web \u0219i, de asemenea, \u00een cazul \u00een care suntem \u00eendruma\u021bi de o ter\u021b\u0103 parte s\u0103 prelucr\u0103m datele dumneavoastr\u0103 cu caracter personal. Aceast\u0103 politic\u0103 de confiden\u021bialitate se aplic\u0103 utiliz\u0103rii de c\u0103tre noi a tuturor datelor colectate de noi sau furnizate de dvs. \u00een leg\u0103tur\u0103 cu utilizarea de c\u0103tre dvs. a site-ului web \u0219i cu furnizarea serviciilor noastre c\u0103tre dvs.<\/li>\n<li>Ne lu\u0103m \u00een serios obliga\u021biile privind confiden\u021bialitatea. V\u0103 rug\u0103m s\u0103 citi\u021bi cu aten\u021bie aceast\u0103 politic\u0103 de confiden\u021bialitate, deoarece con\u021bine informa\u021bii importante despre cine suntem \u0219i cum \u0219i de ce colect\u0103m, stoc\u0103m, utiliz\u0103m \u0219i partaj\u0103m datele dvs. cu caracter personal \u00een leg\u0103tur\u0103 cu utilizarea de c\u0103tre dvs. a site-ului nostru. De asemenea, explic\u0103 drepturile dumneavoastr\u0103 \u00een leg\u0103tur\u0103 cu datele dumneavoastr\u0103 cu caracter personal \u0219i cum s\u0103 ne contacta\u021bi sau s\u0103 contacta\u021bi o autoritate de reglementare relevant\u0103 \u00een cazul \u00een care ave\u021bi o pl\u00e2ngere.<\/li>\n<\/ol><div><br><\/div>\n<h5>TIPURI DE INFORMA\u021aII PERSONALE PE CARE LE COLECT\u0102M<\/h5>\n<ol start=\"4\">\n<li>Datele cu caracter personal pe care le colect\u0103m pot include urm\u0103toarele:<br><\/li><ol type=\"a\">\n<li>nume;<\/li>\n<li>adresa po\u0219tal\u0103 sau stradal\u0103;<\/li>\n<li>adresa de e-mail;<\/li>\n<li>informa\u021bii din social media;<\/li>\n<li>num\u0103rul de telefon \u0219i alte detalii de contact;<\/li>\n<li>v\u00e2rst\u0103;<\/li>\n<li>data na\u0219terii;<\/li>\n<li>card de credit sau alte informa\u021bii de plat\u0103;<\/li>\n<li>informa\u021bii despre activitatea dumneavoastr\u0103 sau despre situa\u021bia dumneavoastr\u0103 personal\u0103;<\/li>\n<li>informa\u021bii \u00een leg\u0103tur\u0103 cu orice sondaje, chestionare \u0219i promo\u021bii ale clien\u021bilor la care participa\u021bi;<\/li>\n<li>atunci c\u00e2nd utiliz\u0103m module cookie analitice, identitatea \u0219i tipul dispozitivului dvs., adresa IP, informa\u021bii de geo-localizare, statistici de vizualizare a paginii, date publicitare \u0219i informa\u021bii standard de log web;<\/li>\n<li>informa\u021bii despre ter\u021bi; \u0219i<\/li>\n<li>orice alte informa\u021bii pe care ni le furniza\u021bi prin intermediul acestui site web, \u00een cursul furniz\u0103rii de c\u0103tre noi a serviciilor c\u0103tre dvs. sau solicitate de noi sau furnizate de dvs.<\/li>\n<\/ol>\n\n<\/ol><div><br><\/div>\n<h5>MODUL \u00ceN CARE COLECT\u0102M INFORMA\u021aIILE CU CARACTER PERSONAL<\/h5>\n<ol start=\"5\">\n<li>Ne str\u0103duim s\u0103 ne asigur\u0103m c\u0103 informa\u021biile pe care le colect\u0103m sunt complete, exacte, accesibile \u0219i nu fac obiectul unui acces neautorizat.\n<p>Putem colecta date cu caracter personal fie direct de la dvs., fie de la ter\u021bi, inclusiv atunci c\u00e2nd dvs:<\/p>\n<ol type=\"a\">\n<li>contacta\u021bi-ne prin intermediul site-ului nostru;<\/li>\n<li>comunica\u021bi cu noi prin e-mail, telefon, SMS, aplica\u021bii sociale (precum LinkedIn, Facebook sau Twitter) sau \u00een alt mod;<\/li>\n<li>s\u0103 ne angaja\u021bi s\u0103 v\u0103 furniz\u0103m servicii;<\/li>\n<li>atunci c\u00e2nd dumneavoastr\u0103 sau organiza\u021bia dumneavoastr\u0103 v\u0103 oferi\u021bi s\u0103 ne furniza\u021bi sau ne furniza\u021bi servicii;<\/li>\n<li>interac\u021biona\u021bi cu site-ul nostru web, aplica\u021biile sociale, serviciile, con\u021binutul \u0219i publicitatea; \u0219i<\/li>\n<li>\n<blockquote>\n<p>s\u0103 investeasc\u0103 \u00een afacerea noastr\u0103 sau s\u0103 se intereseze cu privire la o poten\u021bial\u0103 achizi\u021bie \u00een afacerea noastr\u0103.<\/p>\n<\/blockquote>\n<\/li>\n<\/ol>\n<p>De asemenea, putem colecta date cu caracter personal de la dumneavoastr\u0103 atunci c\u00e2nd utiliza\u021bi sau accesa\u021bi site-ul nostru web sau paginile noastre de social media. Acest lucru se poate face prin utilizarea de instrumente de analiz\u0103 web, \"cookie-uri\" sau alte tehnologii de urm\u0103rire similare care ne permit s\u0103 urm\u0103rim \u0219i s\u0103 analiz\u0103m utilizarea site-ului dvs. Pentru mai multe informa\u021bii, v\u0103 rug\u0103m s\u0103 consulta\u021bi Politica noastr\u0103 privind modulele cookie.<\/p>\n<\/li>\n<\/ol><div><br><\/div>\n<h5>UTILIZAREA INFORMA\u021aIILOR DVS. PERSONALE<\/h5>\n<ol start=\"8\">\n<li>Colect\u0103m \u0219i utiliz\u0103m date cu caracter personal \u00een urm\u0103toarele scopuri:<br><\/li><ol type=\"a\">\n<li>pentru a v\u0103 furniza servicii sau informa\u021bii;<\/li>\n<li>\u00een scopuri administrative \u0219i de p\u0103strare a \u00eenregistr\u0103rilor;<\/li>\n<li>pentru a respecta obliga\u021biile noastre legale, pentru a solu\u021biona litigiile sau pentru a pune \u00een aplicare acordurile noastre cu ter\u021be p\u0103r\u021bi;<\/li>\n<li>\u00een cazul \u00een care avem consim\u021b\u0103m\u00e2ntul dumneavoastr\u0103, inclusiv pentru a v\u0103 trimite mesaje de marketing \u0219i promo\u021bionale \u0219i alte informa\u021bii care ar putea fi de interes pentru dumneavoastr\u0103. \u00cen acest sens, putem utiliza e-mailul, SMS-ul, social media sau po\u0219ta pentru a v\u0103 trimite comunic\u0103ri directe de marketing. Pute\u021bi renun\u021ba la primirea de materiale de marketing de la noi prin utilizarea facilit\u0103\u021bii de renun\u021bare furnizate (de exemplu, un link de dezabonare);<\/li>\n<li>pentru interesele noastre legitime, inclusiv:<br><\/li><ol type=\"i\">\n<li>s\u0103 dezvolte \u0219i s\u0103 desf\u0103\u0219oare activit\u0103\u021bi de marketing \u0219i s\u0103 efectueze studii \u0219i analize de pia\u021b\u0103 \u0219i s\u0103 elaboreze statistici;<\/li>\n<li>pentru a \u00eembun\u0103t\u0103\u021bi \u0219i optimiza oferta noastr\u0103 de servicii \u0219i experien\u021ba clien\u021bilor;<\/li>\n<li>pentru a v\u0103 trimite mesaje administrative, memento-uri, notific\u0103ri, actualiz\u0103ri \u0219i alte informa\u021bii solicitate de dumneavoastr\u0103;<\/li>\n<li>pentru a lua \u00een considerare o cerere de angajare din partea dumneavoastr\u0103; \u0219i<\/li>\n<li>furnizarea serviciilor noastre.<\/li>\n<\/ol>\n\n<\/ol>\n\n<\/ol><div><br><\/div>\n<h5>PARTAJAREA DATELOR DVS.<\/h5>\n<ol start=\"9\">\n<li>Putem partaja datele dumneavoastr\u0103 cu caracter personal \u00een anumite circumstan\u021be, dup\u0103 cum urmeaz\u0103:<br><\/li><ol type=\"a\">\n<li>\u00een cazul \u00een care are loc o schimbare de control \u00een afacerea noastr\u0103 sau o v\u00e2nzare sau un transfer de active comerciale, ne rezerv\u0103m dreptul de a transfera, \u00een m\u0103sura permis\u0103 de lege, bazele noastre de date ale utilizatorilor, \u00eempreun\u0103 cu orice date cu caracter personal \u0219i date f\u0103r\u0103 caracter personal con\u021binute \u00een aceste baze de date. Aceste informa\u021bii pot fi dezv\u0103luite unui poten\u021bial cump\u0103r\u0103tor \u00een baza unui acord de p\u0103strare a confiden\u021bialit\u0103\u021bii. Vom \u00eencerca s\u0103 divulg\u0103m informa\u021biile numai cu bun\u0103-credin\u021b\u0103 \u0219i atunci c\u00e2nd acest lucru este necesar \u00een oricare dintre circumstan\u021bele de mai sus;<\/li>\n<li>agen\u021biile de verificare a creditelor din motive de control al creditelor;<\/li>\n<li>dezv\u0103luirile solicitate prin lege sau regulament; \u0219i<\/li>\n<li>furnizori de servicii \u0219i alte p\u0103r\u021bi ter\u021be afiliate pentru a ne permite s\u0103 v\u0103 furniz\u0103m serviciile noastre, inclusiv al\u021bi consilieri profesioni\u0219ti, cum ar fi contabili, furnizori de servicii de recuperare \u00een caz de dezastru sau auditori \u0219i\/sau avoca\u021bi din str\u0103in\u0103tate.<\/li>\n<\/ol>\n\n<\/ol><div><br><\/div>\n<h5>SECURITATE<\/h5>\n<ol start=\"10\">\n<li>Lu\u0103m m\u0103suri rezonabile pentru a ne asigura c\u0103 datele dumneavoastr\u0103 cu caracter personal sunt securizate \u0219i protejate \u00eempotriva utiliz\u0103rii abuzive sau a accesului neautorizat. Sistemele noastre informatice sunt protejate prin parol\u0103 \u0219i folosim o serie de m\u0103suri administrative \u0219i tehnice pentru a proteja aceste sisteme. Cu toate acestea, nu putem garanta securitatea datelor dumneavoastr\u0103 cu caracter personal.<\/li>\n<\/ol><div><br><\/div>\n<h5>LEG\u0102TURI<\/h5>\n<ol start=\"11\">\n<li>Site-ul nostru web poate con\u021bine linkuri c\u0103tre alte site-uri web. Aceste linkuri sunt furnizate pentru comoditate \u0219i este posibil s\u0103 nu r\u0103m\u00e2n\u0103 actuale sau s\u0103 nu fie men\u021binute. Nu suntem responsabili pentru practicile de confiden\u021bialitate ale acestor site-uri web legate \u0219i v\u0103 suger\u0103m s\u0103 consulta\u021bi politicile de confiden\u021bialitate ale acestor site-uri web \u00eenainte de a le utiliza.<\/li>\n<\/ol><div><br><\/div>\n<h5>DREPTURILE DUMNEAVOASTR\u0102<\/h5>\n<ol start=\"12\">\n<li>Ave\u021bi diverse drepturi \u00een ceea ce prive\u0219te utilizarea de c\u0103tre noi a datelor dumneavoastr\u0103 cu caracter personal:<br><ol type=\"a\">\n<li><strong>Acces<\/strong>: Ave\u021bi dreptul de a ob\u021bine acces la informa\u021biile dvs. (\u00een cazul \u00een care le prelucr\u0103m) \u0219i la anumite alte informa\u021bii (similare celor furnizate \u00een aceast\u0103 not\u0103 de confiden\u021bialitate). Acest lucru este necesar pentru a fi con\u0219tient \u0219i pentru a putea verifica dac\u0103 utiliz\u0103m informa\u021biile dvs. \u00een conformitate cu legisla\u021bia privind protec\u021bia datelor.<\/li>\n<li><strong>Fi\u021bi informat<\/strong>: Ave\u021bi dreptul s\u0103 vi se furnizeze informa\u021bii clare, transparente \u0219i u\u0219or de \u00een\u021beles cu privire la modul \u00een care utiliz\u0103m informa\u021biile dumneavoastr\u0103 \u0219i la drepturile dumneavoastr\u0103. Acesta este motivul pentru care v\u0103 furniz\u0103m informa\u021biile din aceast\u0103 politic\u0103 de confiden\u021bialitate.<\/li>\n<li><strong>Rectificare<\/strong>: Ne propunem s\u0103 men\u021binem datele dvs. personale exacte, actuale \u0219i complete. V\u0103 \u00eencuraj\u0103m s\u0103 ne contacta\u021bi folosind formularul nostru de contact pentru a ne anun\u021ba dac\u0103 oricare dintre datele dvs. personale nu sunt exacte sau se modific\u0103, astfel \u00eenc\u00e2t s\u0103 putem men\u021bine datele dvs. personale actualizate.<\/li>\n<li><strong>Obiec\u021bii<\/strong>: De asemenea, ave\u021bi dreptul de a v\u0103 opune prelucr\u0103rii datelor dvs. cu caracter personal \u00een anumite circumstan\u021be, inclusiv prelucrarea \u00een scopuri de marketing direct.<\/li>\n<li><strong>Restric\u021bionare<\/strong>: Ave\u021bi dreptul de a \"bloca\" sau de a suprima utilizarea ulterioar\u0103 a informa\u021biilor dumneavoastr\u0103. Atunci c\u00e2nd prelucrarea este restric\u021bionat\u0103, putem stoca \u00een continuare informa\u021biile dumneavoastr\u0103, dar nu le putem utiliza \u00een continuare.<\/li>\n<li><strong>\u0218tergere<\/strong>: Ave\u021bi dreptul s\u0103 ne solicita\u021bi s\u0103 v\u0103 \u0219tergem datele cu caracter personal atunci c\u00e2nd datele cu caracter personal nu mai sunt necesare pentru scopurile pentru care au fost colectate sau atunci c\u00e2nd, printre altele, datele dvs. cu caracter personal au fost prelucrate ilegal.<\/li>\n<li><strong>Portabilitate<\/strong>: Ave\u021bi dreptul de a solicita ca unele dintre datele dumneavoastr\u0103 cu caracter personal s\u0103 v\u0103 fie furnizate dumneavoastr\u0103 sau unui alt operator de date, \u00eentr-un format utilizat \u00een mod obi\u0219nuit, care poate fi citit automat.<\/li>\n<li><strong>Reclama\u021bii<\/strong>: Dac\u0103 crede\u021bi c\u0103 drepturile dumneavoastr\u0103 privind protec\u021bia datelor au fost \u00eenc\u0103lcate, ave\u021bi dreptul de a depune o pl\u00e2ngere la autoritatea de supraveghere aplicabil\u0103. \u00cen Regatul Unit, autoritatea de supraveghere este Information Commissioner's Office.<\/li>\n<li><strong>Retragerea consim\u021b\u0103m\u00e2ntului<\/strong>: Dac\u0103 v-a\u021bi dat consim\u021b\u0103m\u00e2ntul pentru orice facem cu datele dvs. personale, ave\u021bi dreptul s\u0103 v\u0103 retrage\u021bi consim\u021b\u0103m\u00e2ntul \u00een orice moment. Acest lucru include dreptul dumneavoastr\u0103 de a v\u0103 retrage consim\u021b\u0103m\u00e2ntul cu privire la utilizarea datelor dumneavoastr\u0103 cu caracter personal \u00een scopuri de marketing.<\/li>\n<\/ol>\n<p>Pute\u021bi, \u00een orice moment, s\u0103 v\u0103 exercita\u021bi oricare dintre drepturile de mai sus, contact\u00e2nd adresa noastr\u0103 de e-mail furnizat\u0103 mai jos.<\/p>\n<\/li>\n<\/ol><div><br><\/div>\n<h5>C\u00c2T TIMP P\u0102STR\u0102M DATELE<\/h5>\n<ol start=\"14\">\n<li>Vom p\u0103stra datele dvs. cu caracter personal doar at\u00e2t timp c\u00e2t este necesar pentru \u00eendeplinirea scopurilor pentru care le-am colectat, inclusiv \u00een scopul \u00eendeplinirii oric\u0103ror cerin\u021be legale, contabile sau de raportare. Vom distruge \u00een siguran\u021b\u0103 datele dumneavoastr\u0103 cu caracter personal \u00een conformitate cu legile \u0219i reglement\u0103rile aplicabile.\n<p>Dac\u0103 dori\u021bi informa\u021bii suplimentare cu privire la perioadele noastre specifice de p\u0103strare a datelor dumneavoastr\u0103 cu caracter personal, v\u0103 rug\u0103m s\u0103 ne contacta\u021bi folosind adresa de e-mail furnizat\u0103 mai jos.<\/p>\n<\/li>\n<\/ol><div><br><\/div>\n<h5>TRANSFERURI \u00ceN AFARA SPA\u021aIULUI ECONOMIC EUROPEAN (\"EEE\")<\/h5>\n<ol start=\"16\">\n<li>Pentru a ne furniza serviciile, putem transfera datele cu caracter personal pe care le colect\u0103m \u00een \u021b\u0103ri din afara Regatului Unit sau a SEE care nu ofer\u0103 acela\u0219i nivel de protec\u021bie a datelor ca \u021bara \u00een care locui\u021bi \u0219i care nu sunt recunoscute de Comisia European\u0103 ca oferind un nivel adecvat de protec\u021bie a datelor.\n<p>Atunci c\u00e2nd facem acest lucru, ne vom asigura c\u0103 datele sunt protejate \u00een aceea\u0219i m\u0103sur\u0103 ca \u00een SEE \u0219i \u00een Regatul Unit, deoarece vom pune \u00een aplicare m\u0103suri de protec\u021bie adecvate pentru a v\u0103 proteja datele cu caracter personal, care pot include clauze contractuale standard.<\/p>\n<p>Pentru mai multe informa\u021bii, v\u0103 rug\u0103m s\u0103 ne contacta\u021bi la adresa noastr\u0103 de e-mail furnizat\u0103 mai jos.<\/p>\n<\/li>\n<\/ol><div><br><\/div>\n<h5>CONTACTA\u021aI-NE<\/h5>\n<ol start=\"19\">\n<li>Pentru informa\u021bii suplimentare cu privire la politica sau practicile noastre de confiden\u021bialitate, pentru a accesa sau corecta datele dvs. cu caracter personal sau pentru a depune o pl\u00e2ngere, v\u0103 rug\u0103m s\u0103 ne contacta\u021bi folosind detaliile prezentate mai jos:\n<p><strong>Email<\/strong>: grant.davies@eclicks.com.au<\/p>\n<p>Putem modifica din c\u00e2nd \u00een c\u00e2nd aceast\u0103 politic\u0103 de confiden\u021bialitate prin postarea unei copii actualizate pe site-ul nostru \u0219i v\u0103 \u00eencuraj\u0103m s\u0103 verifica\u021bi site-ul nostru \u00een mod regulat pentru a v\u0103 asigura c\u0103 sunte\u021bi la curent cu cea mai recent\u0103 politic\u0103 de confiden\u021bialitate. \u00cen cazul \u00een care facem modific\u0103ri semnificative, ne vom str\u0103dui s\u0103 v\u0103 notific\u0103m prin e-mail.<\/p>\n<\/li>\n<\/ol>\n<\/div>\n<\/div>\n<\/div>\n<\/div>\n<\/div>\n<\/div>\n<p><\/p><\/main><p><\/p>\t\t\t\t\t\t\t\t<\/div>\n\t\t\t\t<\/div>\n\t\t\t\t\t<\/div>\n\t\t\t\t<\/div>\n\t\t\t\t<\/div>","protected":false},"excerpt":{"rendered":"<p>INTRODUCTION This document sets out the privacy policy of Verbalate Pty Ltd ACN 667 685 216 (referred to in this privacy policy as \u2018we\u2019, \u2018us\u2019, or \u2018our\u2019). For the purposes of applicable data protection law, (in particular, the General Data Protection Regulation (EU) 2016\/679 (the \u201cGDPR\u201d) and the UK Data Protection Act 2018), your data [&hellip;]<\/p>\n","protected":false},"author":2,"featured_media":0,"parent":0,"menu_order":0,"comment_status":"closed","ping_status":"closed","template":"","meta":{"_acf_changed":false,"footnotes":""},"class_list":["post-3935","page","type-page","status-publish","hentry"],"acf":[],"yoast_head":"<!-- This site is optimized with the Yoast SEO Premium plugin v25.6 (Yoast SEO v27.4) - https:\/\/yoast.com\/product\/yoast-seo-premium-wordpress\/ -->\n<title>PRIVACY POLICY - Verbalate\u2122<\/title>\n<meta name=\"robots\" content=\"index, follow, max-snippet:-1, max-image-preview:large, max-video-preview:-1\" \/>\n<link rel=\"canonical\" href=\"https:\/\/verbalate.ai\/ro\/politica-de-confidentialitate\/\" \/>\n<meta property=\"og:locale\" content=\"ro_RO\" \/>\n<meta property=\"og:type\" content=\"article\" \/>\n<meta property=\"og:title\" content=\"PRIVACY POLICY\" \/>\n<meta property=\"og:description\" content=\"INTRODUCTION This document sets out the privacy policy of Verbalate Pty Ltd ACN 667 685 216 (referred to in this privacy policy as \u2018we\u2019, \u2018us\u2019, or \u2018our\u2019). For the purposes of applicable data protection law, (in particular, the General Data Protection Regulation (EU) 2016\/679 (the \u201cGDPR\u201d) and the UK Data Protection Act 2018), your data [&hellip;]\" \/>\n<meta property=\"og:url\" content=\"https:\/\/verbalate.ai\/ro\/politica-de-confidentialitate\/\" \/>\n<meta property=\"og:site_name\" content=\"Verbalate\u2122\" \/>\n<meta property=\"article:publisher\" content=\"https:\/\/www.facebook.com\/verbalateai\" \/>\n<meta property=\"article:modified_time\" content=\"2024-07-02T18:42:30+00:00\" \/>\n<meta property=\"og:image\" content=\"https:\/\/verbalate.ai\/wp-content\/uploads\/2024\/05\/verbalate-og.png\" \/>\n\t<meta property=\"og:image:width\" content=\"1200\" \/>\n\t<meta property=\"og:image:height\" content=\"675\" \/>\n\t<meta property=\"og:image:type\" content=\"image\/png\" \/>\n<meta name=\"twitter:card\" content=\"summary_large_image\" \/>\n<meta name=\"twitter:site\" content=\"@verbalateai\" \/>\n<meta name=\"twitter:label1\" content=\"Timp estimat pentru citire\" \/>\n\t<meta name=\"twitter:data1\" content=\"14 minute\" \/>\n<script type=\"application\/ld+json\" class=\"yoast-schema-graph\">{\"@context\":\"https:\\\/\\\/schema.org\",\"@graph\":[{\"@type\":\"WebPage\",\"@id\":\"https:\\\/\\\/verbalate.ai\\\/privacy-policy\\\/\",\"url\":\"https:\\\/\\\/verbalate.ai\\\/privacy-policy\\\/\",\"name\":\"PRIVACY POLICY - Verbalate\u2122\",\"isPartOf\":{\"@id\":\"https:\\\/\\\/verbalate.ai\\\/#website\"},\"datePublished\":\"2024-07-02T18:39:56+00:00\",\"dateModified\":\"2024-07-02T18:42:30+00:00\",\"breadcrumb\":{\"@id\":\"https:\\\/\\\/verbalate.ai\\\/privacy-policy\\\/#breadcrumb\"},\"inLanguage\":\"ro-RO\",\"potentialAction\":[{\"@type\":\"ReadAction\",\"target\":[\"https:\\\/\\\/verbalate.ai\\\/privacy-policy\\\/\"]}]},{\"@type\":\"BreadcrumbList\",\"@id\":\"https:\\\/\\\/verbalate.ai\\\/privacy-policy\\\/#breadcrumb\",\"itemListElement\":[{\"@type\":\"ListItem\",\"position\":1,\"name\":\"Home\",\"item\":\"https:\\\/\\\/verbalate.ai\\\/\"},{\"@type\":\"ListItem\",\"position\":2,\"name\":\"PRIVACY POLICY\"}]},{\"@type\":\"WebSite\",\"@id\":\"https:\\\/\\\/verbalate.ai\\\/#website\",\"url\":\"https:\\\/\\\/verbalate.ai\\\/\",\"name\":\"Verbalate\",\"description\":\"Video Translation &amp; Dubbing Platform.\",\"publisher\":{\"@id\":\"https:\\\/\\\/verbalate.ai\\\/#organization\"},\"potentialAction\":[{\"@type\":\"SearchAction\",\"target\":{\"@type\":\"EntryPoint\",\"urlTemplate\":\"https:\\\/\\\/verbalate.ai\\\/?s={search_term_string}\"},\"query-input\":{\"@type\":\"PropertyValueSpecification\",\"valueRequired\":true,\"valueName\":\"search_term_string\"}}],\"inLanguage\":\"ro-RO\"},{\"@type\":\"Organization\",\"@id\":\"https:\\\/\\\/verbalate.ai\\\/#organization\",\"name\":\"Verbalate\",\"url\":\"https:\\\/\\\/verbalate.ai\\\/\",\"logo\":{\"@type\":\"ImageObject\",\"inLanguage\":\"ro-RO\",\"@id\":\"https:\\\/\\\/verbalate.ai\\\/#\\\/schema\\\/logo\\\/image\\\/\",\"url\":\"https:\\\/\\\/verbalate.ai\\\/wp-content\\\/uploads\\\/2024\\\/05\\\/Link-\u2192-verbalate-translation-software-logo.svg.svg\",\"contentUrl\":\"https:\\\/\\\/verbalate.ai\\\/wp-content\\\/uploads\\\/2024\\\/05\\\/Link-\u2192-verbalate-translation-software-logo.svg.svg\",\"caption\":\"Verbalate\"},\"image\":{\"@id\":\"https:\\\/\\\/verbalate.ai\\\/#\\\/schema\\\/logo\\\/image\\\/\"},\"sameAs\":[\"https:\\\/\\\/www.facebook.com\\\/verbalateai\",\"https:\\\/\\\/x.com\\\/verbalateai\",\"https:\\\/\\\/www.youtube.com\\\/@verbalateai\",\"https:\\\/\\\/www.linkedin.com\\\/company\\\/verbalate-ai\",\"https:\\\/\\\/www.instagram.com\\\/verbalateai\\\/\"]}]}<\/script>\n<!-- \/ Yoast SEO Premium plugin. -->","yoast_head_json":{"title":"POLITICA DE CONFIDEN\u021aIALITATE - Verbalate\u2122","robots":{"index":"index","follow":"follow","max-snippet":"max-snippet:-1","max-image-preview":"max-image-preview:large","max-video-preview":"max-video-preview:-1"},"canonical":"https:\/\/verbalate.ai\/ro\/politica-de-confidentialitate\/","og_locale":"ro_RO","og_type":"article","og_title":"PRIVACY POLICY","og_description":"INTRODUCTION This document sets out the privacy policy of Verbalate Pty Ltd ACN 667 685 216 (referred to in this privacy policy as \u2018we\u2019, \u2018us\u2019, or \u2018our\u2019). For the purposes of applicable data protection law, (in particular, the General Data Protection Regulation (EU) 2016\/679 (the \u201cGDPR\u201d) and the UK Data Protection Act 2018), your data [&hellip;]","og_url":"https:\/\/verbalate.ai\/ro\/politica-de-confidentialitate\/","og_site_name":"Verbalate\u2122","article_publisher":"https:\/\/www.facebook.com\/verbalateai","article_modified_time":"2024-07-02T18:42:30+00:00","og_image":[{"width":1200,"height":675,"url":"https:\/\/verbalate.ai\/wp-content\/uploads\/2024\/05\/verbalate-og.png","type":"image\/png"}],"twitter_card":"summary_large_image","twitter_site":"@verbalateai","twitter_misc":{"Timp estimat pentru citire":"14 minute"},"schema":{"@context":"https:\/\/schema.org","@graph":[{"@type":"WebPage","@id":"https:\/\/verbalate.ai\/privacy-policy\/","url":"https:\/\/verbalate.ai\/privacy-policy\/","name":"POLITICA DE CONFIDEN\u021aIALITATE - Verbalate\u2122","isPartOf":{"@id":"https:\/\/verbalate.ai\/#website"},"datePublished":"2024-07-02T18:39:56+00:00","dateModified":"2024-07-02T18:42:30+00:00","breadcrumb":{"@id":"https:\/\/verbalate.ai\/privacy-policy\/#breadcrumb"},"inLanguage":"ro-RO","potentialAction":[{"@type":"ReadAction","target":["https:\/\/verbalate.ai\/privacy-policy\/"]}]},{"@type":"BreadcrumbList","@id":"https:\/\/verbalate.ai\/privacy-policy\/#breadcrumb","itemListElement":[{"@type":"ListItem","position":1,"name":"Home","item":"https:\/\/verbalate.ai\/"},{"@type":"ListItem","position":2,"name":"PRIVACY POLICY"}]},{"@type":"WebSite","@id":"https:\/\/verbalate.ai\/#website","url":"https:\/\/verbalate.ai\/","name":"Verbalate","description":"Platforma de traducere \u0219i dublare video.","publisher":{"@id":"https:\/\/verbalate.ai\/#organization"},"potentialAction":[{"@type":"SearchAction","target":{"@type":"EntryPoint","urlTemplate":"https:\/\/verbalate.ai\/?s={search_term_string}"},"query-input":{"@type":"PropertyValueSpecification","valueRequired":true,"valueName":"search_term_string"}}],"inLanguage":"ro-RO"},{"@type":"Organization","@id":"https:\/\/verbalate.ai\/#organization","name":"Verbalate","url":"https:\/\/verbalate.ai\/","logo":{"@type":"ImageObject","inLanguage":"ro-RO","@id":"https:\/\/verbalate.ai\/#\/schema\/logo\/image\/","url":"https:\/\/verbalate.ai\/wp-content\/uploads\/2024\/05\/Link-\u2192-verbalate-translation-software-logo.svg.svg","contentUrl":"https:\/\/verbalate.ai\/wp-content\/uploads\/2024\/05\/Link-\u2192-verbalate-translation-software-logo.svg.svg","caption":"Verbalate"},"image":{"@id":"https:\/\/verbalate.ai\/#\/schema\/logo\/image\/"},"sameAs":["https:\/\/www.facebook.com\/verbalateai","https:\/\/x.com\/verbalateai","https:\/\/www.youtube.com\/@verbalateai","https:\/\/www.linkedin.com\/company\/verbalate-ai","https:\/\/www.instagram.com\/verbalateai\/"]}]}},"jetpack_sharing_enabled":true,"_links":{"self":[{"href":"https:\/\/verbalate.ai\/ro\/wp-json\/wp\/v2\/pages\/3935","targetHints":{"allow":["GET"]}}],"collection":[{"href":"https:\/\/verbalate.ai\/ro\/wp-json\/wp\/v2\/pages"}],"about":[{"href":"https:\/\/verbalate.ai\/ro\/wp-json\/wp\/v2\/types\/page"}],"author":[{"embeddable":true,"href":"https:\/\/verbalate.ai\/ro\/wp-json\/wp\/v2\/users\/2"}],"replies":[{"embeddable":true,"href":"https:\/\/verbalate.ai\/ro\/wp-json\/wp\/v2\/comments?post=3935"}],"version-history":[{"count":0,"href":"https:\/\/verbalate.ai\/ro\/wp-json\/wp\/v2\/pages\/3935\/revisions"}],"wp:attachment":[{"href":"https:\/\/verbalate.ai\/ro\/wp-json\/wp\/v2\/media?parent=3935"}],"curies":[{"name":"wp","href":"https:\/\/api.w.org\/{rel}","templated":true}]}}