{"id":3935,"date":"2024-07-02T18:39:56","date_gmt":"2024-07-02T18:39:56","guid":{"rendered":"https:\/\/verbalate.ai\/?page_id=3935"},"modified":"2024-07-02T18:42:30","modified_gmt":"2024-07-02T18:42:30","slug":"politica-de-privacidade","status":"publish","type":"page","link":"https:\/\/verbalate.ai\/pt-br\/privacy-policy\/","title":{"rendered":"POL\u00cdTICA DE PRIVACIDADE"},"content":{"rendered":"<div data-elementor-type=\"wp-page\" data-elementor-id=\"3935\" class=\"elementor elementor-3935\" data-elementor-post-type=\"page\">\n\t\t\t\t<div class=\"elementor-element elementor-element-b5fbd69 pad-tb-huge e-flex e-con-boxed e-con e-parent\" data-id=\"b5fbd69\" data-element_type=\"container\" data-e-type=\"container\">\n\t\t\t\t\t<div class=\"e-con-inner\">\n\t\t\t\t<div class=\"elementor-element elementor-element-0e6bd5f elementor-widget elementor-widget-text-editor\" data-id=\"0e6bd5f\" data-element_type=\"widget\" data-e-type=\"widget\" data-widget_type=\"text-editor.default\">\n\t\t\t\t<div class=\"elementor-widget-container\">\n\t\t\t\t\t\t\t\t\t<p><\/p><main id=\"content\" class=\"site-main post-327 page type-page status-publish hentry\"><p><\/p>\n<div class=\"page-content\">\n<div class=\"elementor elementor-327\" data-elementor-type=\"wp-page\" data-elementor-id=\"327\" data-elementor-post-type=\"page\">\n<div class=\"elementor-element elementor-element-4f64f00 e-flex e-con-boxed e-con e-parent\" data-id=\"4f64f00\" data-element_type=\"container\" data-core-v316-plus=\"true\">\n<div class=\"e-con-inner\">\n<div class=\"elementor-element elementor-element-bdb5181 elementor-widget elementor-widget-text-editor\" data-id=\"bdb5181\" data-element_type=\"widget\" data-widget_type=\"text-editor.default\">\n<div class=\"elementor-widget-container\">\n<h5>INTRODU\u00c7\u00c3O<\/h5>\n<ol>\n<li>Este documento estabelece a pol\u00edtica de privacidade da Verbalate Pty Ltd ACN 667 685 216 (referida nesta pol\u00edtica de privacidade como \"n\u00f3s\", \"nos\" ou \"nosso\"). Para os fins da lei de prote\u00e7\u00e3o de dados aplic\u00e1vel (em particular, o Regulamento Geral de Prote\u00e7\u00e3o de Dados (UE) 2016\/679 (o \"<strong>GDPR<\/strong>\") e a Lei de Prote\u00e7\u00e3o de Dados do Reino Unido de 2018), seus dados ser\u00e3o controlados por n\u00f3s.<\/li>\n<li>Esta pol\u00edtica de privacidade se aplica sempre que coletamos suas informa\u00e7\u00f5es pessoais e\/ou dados pessoais (seus&nbsp;<strong>dados pessoais<\/strong>). Isso inclui entre voc\u00ea, o visitante deste site (seja diretamente como nosso cliente ou como pessoal de nosso cliente), e n\u00f3s, o propriet\u00e1rio e provedor deste site, e tamb\u00e9m quando somos orientados por terceiros a processar seus dados pessoais. Esta pol\u00edtica de privacidade se aplica ao nosso uso de todo e qualquer dado coletado por n\u00f3s ou fornecido por voc\u00ea em rela\u00e7\u00e3o ao seu uso do site e ao fornecimento de nossos servi\u00e7os a voc\u00ea.<\/li>\n<li>Levamos a s\u00e9rio nossas obriga\u00e7\u00f5es de privacidade. Leia esta pol\u00edtica de privacidade com aten\u00e7\u00e3o, pois ela cont\u00e9m informa\u00e7\u00f5es importantes sobre quem somos e como e por que coletamos, armazenamos, usamos e compartilhamos seus dados pessoais em rela\u00e7\u00e3o ao seu uso do nosso site. Ela tamb\u00e9m explica seus direitos em rela\u00e7\u00e3o aos seus dados pessoais e como entrar em contato conosco ou com um \u00f3rg\u00e3o regulador relevante caso tenha uma reclama\u00e7\u00e3o.<\/li>\n<\/ol><div><br><\/div>\n<h5>TIPOS DE INFORMA\u00c7\u00d5ES PESSOAIS QUE COLETAMOS<\/h5>\n<ol start=\"4\">\n<li>Os dados pessoais que coletamos podem incluir o seguinte:<br><\/li><ol type=\"a\">\n<li>nome;<\/li>\n<li>endere\u00e7o postal ou rua;<\/li>\n<li>endere\u00e7o de e-mail;<\/li>\n<li>informa\u00e7\u00f5es de m\u00eddia social;<\/li>\n<li>n\u00famero de telefone e outros detalhes de contato;<\/li>\n<li>idade;<\/li>\n<li>Data de nascimento;<\/li>\n<li>cart\u00e3o de cr\u00e9dito ou outras informa\u00e7\u00f5es de pagamento;<\/li>\n<li>informa\u00e7\u00f5es sobre sua empresa ou circunst\u00e2ncias pessoais;<\/li>\n<li>informa\u00e7\u00f5es relacionadas a pesquisas com clientes, question\u00e1rios e promo\u00e7\u00f5es das quais voc\u00ea participa;<\/li>\n<li>quando usamos cookies anal\u00edticos, a identidade e o tipo do seu dispositivo, endere\u00e7o IP, informa\u00e7\u00f5es de localiza\u00e7\u00e3o geogr\u00e1fica, estat\u00edsticas de visualiza\u00e7\u00e3o de p\u00e1gina, dados de publicidade e informa\u00e7\u00f5es padr\u00e3o de registro da Web;<\/li>\n<li>informa\u00e7\u00f5es sobre terceiros; e<\/li>\n<li>qualquer outra informa\u00e7\u00e3o fornecida por voc\u00ea por meio deste site, durante a presta\u00e7\u00e3o de servi\u00e7os a voc\u00ea, ou de outra forma exigida por n\u00f3s ou fornecida por voc\u00ea.<\/li>\n<\/ol>\n\n<\/ol><div><br><\/div>\n<h5>COMO COLETAMOS INFORMA\u00c7\u00d5ES PESSOAIS<\/h5>\n<ol start=\"5\">\n<li>N\u00f3s nos esfor\u00e7amos para garantir que as informa\u00e7\u00f5es que coletamos sejam completas, precisas, acess\u00edveis e n\u00e3o estejam sujeitas a acesso n\u00e3o autorizado.\n<p>Podemos coletar dados pessoais diretamente de voc\u00ea ou de terceiros, inclusive quando voc\u00ea:<\/p>\n<ol type=\"a\">\n<li>entre em contato conosco atrav\u00e9s do nosso site;<\/li>\n<li>comunicar-se conosco por e-mail, telefone, SMS, aplicativos sociais (como LinkedIn, Facebook ou Twitter) ou de outra forma;<\/li>\n<li>nos contratar para prestar servi\u00e7os a voc\u00ea;<\/li>\n<li>quando voc\u00ea ou sua organiza\u00e7\u00e3o se oferecer para fornecer ou fornecer servi\u00e7os para n\u00f3s;<\/li>\n<li>interagir com nosso site, aplicativos sociais, servi\u00e7os, conte\u00fado e publicidade; e<\/li>\n<li>\n<blockquote>\n<p>investir em nosso neg\u00f3cio ou fazer perguntas sobre uma poss\u00edvel compra em nosso neg\u00f3cio.<\/p>\n<\/blockquote>\n<\/li>\n<\/ol>\n<p>Tamb\u00e9m podemos coletar seus dados pessoais quando voc\u00ea usa ou acessa nosso site ou nossas p\u00e1ginas de m\u00eddia social. Isso pode ser feito por meio do uso de ferramentas de an\u00e1lise da Web, \"cookies\" ou outras tecnologias de rastreamento semelhantes que nos permitem rastrear e analisar seu uso do site. Para obter mais informa\u00e7\u00f5es, consulte nossa Pol\u00edtica de Cookies.<\/p>\n<\/li>\n<\/ol><div><br><\/div>\n<h5>USO DE SUAS INFORMA\u00c7\u00d5ES PESSOAIS<\/h5>\n<ol start=\"8\">\n<li>Coletamos e usamos dados pessoais para as seguintes finalidades:<br><\/li><ol type=\"a\">\n<li>para fornecer servi\u00e7os ou informa\u00e7\u00f5es ao usu\u00e1rio;<\/li>\n<li>para fins administrativos e de manuten\u00e7\u00e3o de registros;<\/li>\n<li>para cumprir nossas obriga\u00e7\u00f5es legais, resolver disputas ou fazer cumprir nossos contratos com terceiros;<\/li>\n<li>quando tivermos seu consentimento, inclusive para lhe enviar mensagens promocionais e de marketing e outras informa\u00e7\u00f5es que possam ser de seu interesse. Nesse sentido, podemos usar e-mail, SMS, m\u00eddia social ou correio para enviar comunica\u00e7\u00f5es de marketing direto. Voc\u00ea pode optar por n\u00e3o receber nossos materiais de marketing usando o recurso de cancelamento fornecido (por exemplo, um link de cancelamento de inscri\u00e7\u00e3o);<\/li>\n<li>para nossos interesses leg\u00edtimos, inclusive:<br><\/li><ol type=\"i\">\n<li>para desenvolver e realizar atividades de marketing e para conduzir pesquisas e an\u00e1lises de mercado e desenvolver estat\u00edsticas;<\/li>\n<li>para melhorar e otimizar nossa oferta de servi\u00e7os e a experi\u00eancia do cliente;<\/li>\n<li>para lhe enviar mensagens administrativas, lembretes, avisos, atualiza\u00e7\u00f5es e outras informa\u00e7\u00f5es solicitadas por voc\u00ea;<\/li>\n<li>para considerar uma solicita\u00e7\u00e3o de emprego feita por voc\u00ea; e<\/li>\n<li>a presta\u00e7\u00e3o de nossos servi\u00e7os.<\/li>\n<\/ol>\n\n<\/ol>\n\n<\/ol><div><br><\/div>\n<h5>COMPARTILHAMENTO DE SEUS DADOS<\/h5>\n<ol start=\"9\">\n<li>Podemos compartilhar seus dados pessoais em determinadas circunst\u00e2ncias, como segue:<br><\/li><ol type=\"a\">\n<li>Quando houver uma mudan\u00e7a de controle em nossos neg\u00f3cios ou uma venda ou transfer\u00eancia de ativos comerciais, reservamo-nos o direito de transferir, na medida do permitido por lei, nossos bancos de dados de usu\u00e1rios, juntamente com quaisquer dados pessoais e n\u00e3o pessoais contidos nesses bancos de dados. Essas informa\u00e7\u00f5es podem ser divulgadas a um poss\u00edvel comprador mediante um acordo de manuten\u00e7\u00e3o de confidencialidade. Procuramos divulgar as informa\u00e7\u00f5es apenas de boa-f\u00e9 e quando exigido por qualquer uma das circunst\u00e2ncias acima;<\/li>\n<li>ag\u00eancias de verifica\u00e7\u00e3o de cr\u00e9dito por motivos de controle de cr\u00e9dito;<\/li>\n<li>divulga\u00e7\u00f5es exigidas por lei ou regulamento; e<\/li>\n<li>prestadores de servi\u00e7os e outros terceiros afiliados para que possamos prestar nossos servi\u00e7os ao usu\u00e1rio, inclusive outros consultores profissionais, como contadores, prestadores de servi\u00e7os de recupera\u00e7\u00e3o de desastres ou auditores e\/ou advogados estrangeiros.<\/li>\n<\/ol>\n\n<\/ol><div><br><\/div>\n<h5>SEGURAN\u00c7A<\/h5>\n<ol start=\"10\">\n<li>Tomamos medidas razo\u00e1veis para garantir que seus dados pessoais estejam seguros e protegidos contra uso indevido ou acesso n\u00e3o autorizado. Nossos sistemas de tecnologia da informa\u00e7\u00e3o s\u00e3o protegidos por senha, e usamos uma s\u00e9rie de medidas administrativas e t\u00e9cnicas para proteger esses sistemas. Entretanto, n\u00e3o podemos garantir a seguran\u00e7a de seus dados pessoais.<\/li>\n<\/ol><div><br><\/div>\n<h5>LINKS<\/h5>\n<ol start=\"11\">\n<li>Nosso site pode conter links para outros sites. Esses links s\u00e3o fornecidos por conveni\u00eancia e podem n\u00e3o permanecer atualizados ou n\u00e3o ser mantidos. N\u00e3o somos respons\u00e1veis pelas pr\u00e1ticas de privacidade desses sites vinculados e sugerimos que voc\u00ea analise as pol\u00edticas de privacidade desses sites antes de us\u00e1-los.<\/li>\n<\/ol><div><br><\/div>\n<h5>SEUS DIREITOS<\/h5>\n<ol start=\"12\">\n<li>Voc\u00ea tem v\u00e1rios direitos com rela\u00e7\u00e3o ao uso que fazemos de seus dados pessoais:<br><ol type=\"a\">\n<li><strong>Acesso<\/strong>: Voc\u00ea tem o direito de obter acesso \u00e0s suas informa\u00e7\u00f5es (se as estivermos processando) e a algumas outras informa\u00e7\u00f5es (semelhantes \u00e0s fornecidas neste aviso de privacidade). Isso \u00e9 para que voc\u00ea esteja ciente e possa verificar se estamos usando suas informa\u00e7\u00f5es de acordo com a lei de prote\u00e7\u00e3o de dados.<\/li>\n<li><strong>Seja informado<\/strong>: Voc\u00ea tem o direito de receber informa\u00e7\u00f5es claras, transparentes e facilmente compreens\u00edveis sobre como usamos suas informa\u00e7\u00f5es e seus direitos. \u00c9 por isso que estamos fornecendo as informa\u00e7\u00f5es contidas nesta pol\u00edtica de privacidade.<\/li>\n<li><strong>Retifica\u00e7\u00e3o<\/strong>: Nosso objetivo \u00e9 manter seus dados pessoais precisos, atualizados e completos. Recomendamos que entre em contato conosco por meio de nosso formul\u00e1rio de contato para nos informar se algum de seus dados pessoais n\u00e3o estiver correto ou for alterado, para que possamos manter seus dados pessoais atualizados.<\/li>\n<li><strong>Obje\u00e7\u00e3o<\/strong>: Voc\u00ea tamb\u00e9m tem o direito de se opor ao processamento de seus dados pessoais em determinadas circunst\u00e2ncias, incluindo o processamento para marketing direto.<\/li>\n<li><strong>Restri\u00e7\u00e3o<\/strong>: Voc\u00ea tem o direito de \"bloquear\" ou suprimir o uso posterior de suas informa\u00e7\u00f5es. Quando o processamento \u00e9 restrito, ainda podemos armazenar suas informa\u00e7\u00f5es, mas n\u00e3o podemos us\u00e1-las posteriormente.<\/li>\n<li><strong>Apagamento<\/strong>: Voc\u00ea tem o direito de solicitar a exclus\u00e3o de seus dados pessoais quando eles n\u00e3o forem mais necess\u00e1rios para os fins para os quais foram coletados ou quando, entre outras coisas, seus dados pessoais tiverem sido processados ilegalmente.<\/li>\n<li><strong>Portabilidade<\/strong>: Voc\u00ea tem o direito de solicitar que alguns de seus dados pessoais lhe sejam fornecidos, ou a outro controlador de dados, em um formato comumente usado e leg\u00edvel por m\u00e1quina.<\/li>\n<li><strong>Reclama\u00e7\u00f5es<\/strong>: Se voc\u00ea acredita que seus direitos de prote\u00e7\u00e3o de dados podem ter sido violados, voc\u00ea tem o direito de apresentar uma reclama\u00e7\u00e3o \u00e0 autoridade supervisora aplic\u00e1vel. No Reino Unido, a autoridade de supervis\u00e3o \u00e9 o Information Commissioner's Office.<\/li>\n<li><strong>Retirar o consentimento<\/strong>: Caso tenha dado seu consentimento para qualquer coisa que fa\u00e7amos com seus dados pessoais, voc\u00ea tem o direito de retirar seu consentimento a qualquer momento. Isso inclui seu direito de retirar o consentimento para que usemos seus dados pessoais para fins de marketing.<\/li>\n<\/ol>\n<p>Voc\u00ea pode, a qualquer momento, exercer qualquer um dos direitos acima, entrando em contato com nosso endere\u00e7o de e-mail fornecido abaixo.<\/p>\n<\/li>\n<\/ol><div><br><\/div>\n<h5>POR QUANTO TEMPO MANTEMOS OS DADOS<\/h5>\n<ol start=\"14\">\n<li>Somente reteremos seus dados pessoais pelo tempo necess\u00e1rio para cumprir as finalidades para as quais os coletamos, inclusive para atender a quaisquer requisitos legais, cont\u00e1beis ou de relat\u00f3rios. Destruiremos seus dados pessoais com seguran\u00e7a, de acordo com as leis e os regulamentos aplic\u00e1veis.\n<p>Se desejar obter mais informa\u00e7\u00f5es sobre nossos per\u00edodos de reten\u00e7\u00e3o espec\u00edficos para seus dados pessoais, entre em contato conosco usando nosso endere\u00e7o de e-mail fornecido abaixo.<\/p>\n<\/li>\n<\/ol><div><br><\/div>\n<h5>TRANSFER\u00caNCIAS PARA FORA DO ESPA\u00c7O ECON\u00d4MICO EUROPEU (\"EEA\")<\/h5>\n<ol start=\"16\">\n<li>Para prestar nossos servi\u00e7os, podemos transferir os dados pessoais que coletamos para pa\u00edses fora do Reino Unido ou do EEE que n\u00e3o oferecem o mesmo n\u00edvel de prote\u00e7\u00e3o de dados que o pa\u00eds em que voc\u00ea reside e que n\u00e3o s\u00e3o reconhecidos pela Comiss\u00e3o Europeia como oferecendo um n\u00edvel adequado de prote\u00e7\u00e3o de dados.\n<p>Quando fizermos isso, garantiremos que os dados sejam protegidos da mesma forma que no EEE e no Reino Unido, pois colocaremos em pr\u00e1tica as salvaguardas adequadas para proteger seus dados pessoais, o que pode incluir cl\u00e1usulas contratuais padr\u00e3o.<\/p>\n<p>Para obter mais informa\u00e7\u00f5es, entre em contato conosco pelo endere\u00e7o de e-mail fornecido abaixo.<\/p>\n<\/li>\n<\/ol><div><br><\/div>\n<h5>ENTRE EM CONTATO CONOSCO<\/h5>\n<ol start=\"19\">\n<li>Para obter mais informa\u00e7\u00f5es sobre nossa pol\u00edtica ou pr\u00e1ticas de privacidade, para acessar ou corrigir seus dados pessoais, ou para fazer uma reclama\u00e7\u00e3o, entre em contato conosco usando os detalhes definidos abaixo:\n<p><strong>E-mail<\/strong>: grant.davies@eclicks.com.au<\/p>\n<p>Podemos alterar esta pol\u00edtica de privacidade de tempos em tempos, publicando uma c\u00f3pia atualizada em nosso site, e recomendamos que voc\u00ea consulte nosso site regularmente para garantir que esteja ciente de nossa pol\u00edtica de privacidade mais atual. Quando fizermos alguma altera\u00e7\u00e3o significativa, faremos o poss\u00edvel para notific\u00e1-lo por e-mail.<\/p>\n<\/li>\n<\/ol>\n<\/div>\n<\/div>\n<\/div>\n<\/div>\n<\/div>\n<\/div>\n<p><\/p><\/main><p><\/p>\t\t\t\t\t\t\t\t<\/div>\n\t\t\t\t<\/div>\n\t\t\t\t\t<\/div>\n\t\t\t\t<\/div>\n\t\t\t\t<\/div>","protected":false},"excerpt":{"rendered":"<p>INTRODUCTION This document sets out the privacy policy of Verbalate Pty Ltd ACN 667 685 216 (referred to in this privacy policy as \u2018we\u2019, \u2018us\u2019, or \u2018our\u2019). For the purposes of applicable data protection law, (in particular, the General Data Protection Regulation (EU) 2016\/679 (the \u201cGDPR\u201d) and the UK Data Protection Act 2018), your data [&hellip;]<\/p>\n","protected":false},"author":2,"featured_media":0,"parent":0,"menu_order":0,"comment_status":"closed","ping_status":"closed","template":"","meta":{"_acf_changed":false,"footnotes":""},"class_list":["post-3935","page","type-page","status-publish","hentry"],"acf":[],"yoast_head":"<!-- This site is optimized with the Yoast SEO Premium plugin v25.6 (Yoast SEO v27.4) - https:\/\/yoast.com\/product\/yoast-seo-premium-wordpress\/ -->\n<title>PRIVACY POLICY - Verbalate\u2122<\/title>\n<meta name=\"robots\" content=\"index, follow, max-snippet:-1, max-image-preview:large, max-video-preview:-1\" \/>\n<link rel=\"canonical\" href=\"https:\/\/verbalate.ai\/pt-br\/politica-de-privacidade\/\" \/>\n<meta property=\"og:locale\" content=\"pt_BR\" \/>\n<meta property=\"og:type\" content=\"article\" \/>\n<meta property=\"og:title\" content=\"PRIVACY POLICY\" \/>\n<meta property=\"og:description\" content=\"INTRODUCTION This document sets out the privacy policy of Verbalate Pty Ltd ACN 667 685 216 (referred to in this privacy policy as \u2018we\u2019, \u2018us\u2019, or \u2018our\u2019). For the purposes of applicable data protection law, (in particular, the General Data Protection Regulation (EU) 2016\/679 (the \u201cGDPR\u201d) and the UK Data Protection Act 2018), your data [&hellip;]\" \/>\n<meta property=\"og:url\" content=\"https:\/\/verbalate.ai\/pt-br\/politica-de-privacidade\/\" \/>\n<meta property=\"og:site_name\" content=\"Verbalate\u2122\" \/>\n<meta property=\"article:publisher\" content=\"https:\/\/www.facebook.com\/verbalateai\" \/>\n<meta property=\"article:modified_time\" content=\"2024-07-02T18:42:30+00:00\" \/>\n<meta property=\"og:image\" content=\"https:\/\/verbalate.ai\/wp-content\/uploads\/2024\/05\/verbalate-og.png\" \/>\n\t<meta property=\"og:image:width\" content=\"1200\" \/>\n\t<meta property=\"og:image:height\" content=\"675\" \/>\n\t<meta property=\"og:image:type\" content=\"image\/png\" \/>\n<meta name=\"twitter:card\" content=\"summary_large_image\" \/>\n<meta name=\"twitter:site\" content=\"@verbalateai\" \/>\n<meta name=\"twitter:label1\" content=\"Est. tempo de leitura\" \/>\n\t<meta name=\"twitter:data1\" content=\"14 minutos\" \/>\n<script type=\"application\/ld+json\" class=\"yoast-schema-graph\">{\"@context\":\"https:\\\/\\\/schema.org\",\"@graph\":[{\"@type\":\"WebPage\",\"@id\":\"https:\\\/\\\/verbalate.ai\\\/privacy-policy\\\/\",\"url\":\"https:\\\/\\\/verbalate.ai\\\/privacy-policy\\\/\",\"name\":\"PRIVACY POLICY - Verbalate\u2122\",\"isPartOf\":{\"@id\":\"https:\\\/\\\/verbalate.ai\\\/#website\"},\"datePublished\":\"2024-07-02T18:39:56+00:00\",\"dateModified\":\"2024-07-02T18:42:30+00:00\",\"breadcrumb\":{\"@id\":\"https:\\\/\\\/verbalate.ai\\\/privacy-policy\\\/#breadcrumb\"},\"inLanguage\":\"pt-BR\",\"potentialAction\":[{\"@type\":\"ReadAction\",\"target\":[\"https:\\\/\\\/verbalate.ai\\\/privacy-policy\\\/\"]}]},{\"@type\":\"BreadcrumbList\",\"@id\":\"https:\\\/\\\/verbalate.ai\\\/privacy-policy\\\/#breadcrumb\",\"itemListElement\":[{\"@type\":\"ListItem\",\"position\":1,\"name\":\"Home\",\"item\":\"https:\\\/\\\/verbalate.ai\\\/\"},{\"@type\":\"ListItem\",\"position\":2,\"name\":\"PRIVACY POLICY\"}]},{\"@type\":\"WebSite\",\"@id\":\"https:\\\/\\\/verbalate.ai\\\/#website\",\"url\":\"https:\\\/\\\/verbalate.ai\\\/\",\"name\":\"Verbalate\",\"description\":\"Video Translation &amp; Dubbing Platform.\",\"publisher\":{\"@id\":\"https:\\\/\\\/verbalate.ai\\\/#organization\"},\"potentialAction\":[{\"@type\":\"SearchAction\",\"target\":{\"@type\":\"EntryPoint\",\"urlTemplate\":\"https:\\\/\\\/verbalate.ai\\\/?s={search_term_string}\"},\"query-input\":{\"@type\":\"PropertyValueSpecification\",\"valueRequired\":true,\"valueName\":\"search_term_string\"}}],\"inLanguage\":\"pt-BR\"},{\"@type\":\"Organization\",\"@id\":\"https:\\\/\\\/verbalate.ai\\\/#organization\",\"name\":\"Verbalate\",\"url\":\"https:\\\/\\\/verbalate.ai\\\/\",\"logo\":{\"@type\":\"ImageObject\",\"inLanguage\":\"pt-BR\",\"@id\":\"https:\\\/\\\/verbalate.ai\\\/#\\\/schema\\\/logo\\\/image\\\/\",\"url\":\"https:\\\/\\\/verbalate.ai\\\/wp-content\\\/uploads\\\/2024\\\/05\\\/Link-\u2192-verbalate-translation-software-logo.svg.svg\",\"contentUrl\":\"https:\\\/\\\/verbalate.ai\\\/wp-content\\\/uploads\\\/2024\\\/05\\\/Link-\u2192-verbalate-translation-software-logo.svg.svg\",\"caption\":\"Verbalate\"},\"image\":{\"@id\":\"https:\\\/\\\/verbalate.ai\\\/#\\\/schema\\\/logo\\\/image\\\/\"},\"sameAs\":[\"https:\\\/\\\/www.facebook.com\\\/verbalateai\",\"https:\\\/\\\/x.com\\\/verbalateai\",\"https:\\\/\\\/www.youtube.com\\\/@verbalateai\",\"https:\\\/\\\/www.linkedin.com\\\/company\\\/verbalate-ai\",\"https:\\\/\\\/www.instagram.com\\\/verbalateai\\\/\"]}]}<\/script>\n<!-- \/ Yoast SEO Premium plugin. -->","yoast_head_json":{"title":"POL\u00cdTICA DE PRIVACIDADE - Verbalate\u2122","robots":{"index":"index","follow":"follow","max-snippet":"max-snippet:-1","max-image-preview":"max-image-preview:large","max-video-preview":"max-video-preview:-1"},"canonical":"https:\/\/verbalate.ai\/pt-br\/politica-de-privacidade\/","og_locale":"pt_BR","og_type":"article","og_title":"PRIVACY POLICY","og_description":"INTRODUCTION This document sets out the privacy policy of Verbalate Pty Ltd ACN 667 685 216 (referred to in this privacy policy as \u2018we\u2019, \u2018us\u2019, or \u2018our\u2019). For the purposes of applicable data protection law, (in particular, the General Data Protection Regulation (EU) 2016\/679 (the \u201cGDPR\u201d) and the UK Data Protection Act 2018), your data [&hellip;]","og_url":"https:\/\/verbalate.ai\/pt-br\/politica-de-privacidade\/","og_site_name":"Verbalate\u2122","article_publisher":"https:\/\/www.facebook.com\/verbalateai","article_modified_time":"2024-07-02T18:42:30+00:00","og_image":[{"width":1200,"height":675,"url":"https:\/\/verbalate.ai\/wp-content\/uploads\/2024\/05\/verbalate-og.png","type":"image\/png"}],"twitter_card":"summary_large_image","twitter_site":"@verbalateai","twitter_misc":{"Est. tempo de leitura":"14 minutos"},"schema":{"@context":"https:\/\/schema.org","@graph":[{"@type":"WebPage","@id":"https:\/\/verbalate.ai\/privacy-policy\/","url":"https:\/\/verbalate.ai\/privacy-policy\/","name":"POL\u00cdTICA DE PRIVACIDADE - Verbalate\u2122","isPartOf":{"@id":"https:\/\/verbalate.ai\/#website"},"datePublished":"2024-07-02T18:39:56+00:00","dateModified":"2024-07-02T18:42:30+00:00","breadcrumb":{"@id":"https:\/\/verbalate.ai\/privacy-policy\/#breadcrumb"},"inLanguage":"pt-BR","potentialAction":[{"@type":"ReadAction","target":["https:\/\/verbalate.ai\/privacy-policy\/"]}]},{"@type":"BreadcrumbList","@id":"https:\/\/verbalate.ai\/privacy-policy\/#breadcrumb","itemListElement":[{"@type":"ListItem","position":1,"name":"Home","item":"https:\/\/verbalate.ai\/"},{"@type":"ListItem","position":2,"name":"PRIVACY POLICY"}]},{"@type":"WebSite","@id":"https:\/\/verbalate.ai\/#website","url":"https:\/\/verbalate.ai\/","name":"Verbalizar","description":"Plataforma de tradu\u00e7\u00e3o e dublagem de v\u00eddeos.","publisher":{"@id":"https:\/\/verbalate.ai\/#organization"},"potentialAction":[{"@type":"SearchAction","target":{"@type":"EntryPoint","urlTemplate":"https:\/\/verbalate.ai\/?s={search_term_string}"},"query-input":{"@type":"PropertyValueSpecification","valueRequired":true,"valueName":"search_term_string"}}],"inLanguage":"pt-BR"},{"@type":"Organization","@id":"https:\/\/verbalate.ai\/#organization","name":"Verbalizar","url":"https:\/\/verbalate.ai\/","logo":{"@type":"ImageObject","inLanguage":"pt-BR","@id":"https:\/\/verbalate.ai\/#\/schema\/logo\/image\/","url":"https:\/\/verbalate.ai\/wp-content\/uploads\/2024\/05\/Link-\u2192-verbalate-translation-software-logo.svg.svg","contentUrl":"https:\/\/verbalate.ai\/wp-content\/uploads\/2024\/05\/Link-\u2192-verbalate-translation-software-logo.svg.svg","caption":"Verbalate"},"image":{"@id":"https:\/\/verbalate.ai\/#\/schema\/logo\/image\/"},"sameAs":["https:\/\/www.facebook.com\/verbalateai","https:\/\/x.com\/verbalateai","https:\/\/www.youtube.com\/@verbalateai","https:\/\/www.linkedin.com\/company\/verbalate-ai","https:\/\/www.instagram.com\/verbalateai\/"]}]}},"jetpack_sharing_enabled":true,"_links":{"self":[{"href":"https:\/\/verbalate.ai\/pt-br\/wp-json\/wp\/v2\/pages\/3935","targetHints":{"allow":["GET"]}}],"collection":[{"href":"https:\/\/verbalate.ai\/pt-br\/wp-json\/wp\/v2\/pages"}],"about":[{"href":"https:\/\/verbalate.ai\/pt-br\/wp-json\/wp\/v2\/types\/page"}],"author":[{"embeddable":true,"href":"https:\/\/verbalate.ai\/pt-br\/wp-json\/wp\/v2\/users\/2"}],"replies":[{"embeddable":true,"href":"https:\/\/verbalate.ai\/pt-br\/wp-json\/wp\/v2\/comments?post=3935"}],"version-history":[{"count":0,"href":"https:\/\/verbalate.ai\/pt-br\/wp-json\/wp\/v2\/pages\/3935\/revisions"}],"wp:attachment":[{"href":"https:\/\/verbalate.ai\/pt-br\/wp-json\/wp\/v2\/media?parent=3935"}],"curies":[{"name":"wp","href":"https:\/\/api.w.org\/{rel}","templated":true}]}}