{"id":3935,"date":"2024-07-02T18:39:56","date_gmt":"2024-07-02T18:39:56","guid":{"rendered":"https:\/\/verbalate.ai\/?page_id=3935"},"modified":"2024-07-02T18:42:30","modified_gmt":"2024-07-02T18:42:30","slug":"privatuma-politika","status":"publish","type":"page","link":"https:\/\/verbalate.ai\/lv\/privacy-policy\/","title":{"rendered":"PRIV\u0100TUMA POLITIKA"},"content":{"rendered":"<div data-elementor-type=\"wp-page\" data-elementor-id=\"3935\" class=\"elementor elementor-3935\" data-elementor-post-type=\"page\">\n\t\t\t\t<div class=\"elementor-element elementor-element-b5fbd69 pad-tb-huge e-flex e-con-boxed e-con e-parent\" data-id=\"b5fbd69\" data-element_type=\"container\" data-e-type=\"container\">\n\t\t\t\t\t<div class=\"e-con-inner\">\n\t\t\t\t<div class=\"elementor-element elementor-element-0e6bd5f elementor-widget elementor-widget-text-editor\" data-id=\"0e6bd5f\" data-element_type=\"widget\" data-e-type=\"widget\" data-widget_type=\"text-editor.default\">\n\t\t\t\t<div class=\"elementor-widget-container\">\n\t\t\t\t\t\t\t\t\t<p><\/p><main id=\"content\" class=\"site-main post-327 page type-page status-publish hentry\"><p><\/p>\n<div class=\"page-content\">\n<div class=\"elementor elementor-327\" data-elementor-type=\"wp-page\" data-elementor-id=\"327\" data-elementor-post-type=\"page\">\n<div class=\"elementor-element elementor-element-4f64f00 e-flex e-con-boxed e-con e-parent\" data-id=\"4f64f00\" data-element_type=\"container\" data-core-v316-plus=\"true\">\n<div class=\"e-con-inner\">\n<div class=\"elementor-element elementor-element-bdb5181 elementor-widget elementor-widget-text-editor\" data-id=\"bdb5181\" data-element_type=\"widget\" data-widget_type=\"text-editor.default\">\n<div class=\"elementor-widget-container\">\n<h5>IEVADS<\/h5>\n<ol>\n<li>\u0160aj\u0101 dokument\u0101 ir izkl\u0101st\u012bta Verbalate Pty Ltd ACN 667 685 216 (turpm\u0101k \u0161aj\u0101 priv\u0101tuma politik\u0101 - \"m\u0113s\", \"m\u016bs\" vai \"m\u016bsu\") priv\u0101tuma politika. Piem\u0113rojamo datu aizsardz\u012bbas ties\u012bbu aktu (jo \u012bpa\u0161i Visp\u0101r\u012bg\u0101s datu aizsardz\u012bbas regulas (ES) 2016\/679 (\"Visp\u0101r\u012bg\u0101 datu aizsardz\u012bbas regula (ES) 2016\/679\", turpm\u0101k tekst\u0101 - \"Visp\u0101r\u012bg\u0101 datu aizsardz\u012bbas regula\")) izpratn\u0113.<strong>GDPR<\/strong>\") un Apvienot\u0101s Karalistes 2018. gada Datu aizsardz\u012bbas likumu), j\u016bsu datus kontrol\u0113sim m\u0113s.<\/li>\n<li>\u0160\u012b konfidencialit\u0101tes politika tiek piem\u0113rota ikreiz, kad m\u0113s apkopojam j\u016bsu personisko inform\u0101ciju un\/vai personas datus (j\u016bsu&nbsp;<strong>personas dati<\/strong>). Tas attiecas ar\u012b uz j\u016bsu, \u0161\u012bs vietnes apmekl\u0113t\u0101ja (neatkar\u012bgi no t\u0101, vai esat m\u016bsu klients vai m\u016bsu klienta person\u0101ls), un m\u016bsu, \u0161\u012bs vietnes \u012bpa\u0161nieka un nodro\u0161in\u0101t\u0101ja, attiec\u012bb\u0101m, k\u0101 ar\u012b uz gad\u012bjumiem, kad j\u016bsu personas datus apstr\u0101d\u0101t mums uzdod tre\u0161\u0101 persona. \u0160\u012b priv\u0101tuma politika attiecas uz visu m\u016bsu apkopoto vai j\u016bsu sniegto datu izmanto\u0161anu saist\u012bb\u0101 ar t\u012bmek\u013ca vietnes izmanto\u0161anu un m\u016bsu pakalpojumu snieg\u0161anu jums.<\/li>\n<li>M\u0113s nopietni uztveram savus pien\u0101kumus attiec\u012bb\u0101 uz konfidencialit\u0101ti. L\u016bdzu, uzman\u012bgi izlasiet \u0161o konfidencialit\u0101tes politiku, jo taj\u0101 ir ietverta svar\u012bga inform\u0101cija par to, kas m\u0113s esam un k\u0101 un k\u0101p\u0113c m\u0113s v\u0101cam, glab\u0101jam, izmantojam un kop\u012bgojam j\u016bsu personas datus saist\u012bb\u0101 ar m\u016bsu vietnes izmanto\u0161anu. Taj\u0101 ir izskaidrotas ar\u012b j\u016bsu ties\u012bbas saist\u012bb\u0101 ar j\u016bsu personas datiem un to, k\u0101 sazin\u0101ties ar mums vai attiec\u012bgo regulat\u012bvo iest\u0101di, ja jums ir s\u016bdz\u012bba.<\/li>\n<\/ol><div><br><\/div>\n<h5>M\u016aSU APKOPOT\u0100S PERSONISK\u0100S INFORM\u0100CIJAS VEIDI<\/h5>\n<ol start=\"4\">\n<li>M\u016bsu v\u0101ktie personas dati var ietvert:<br><\/li><ol type=\"a\">\n<li>nosaukums;<\/li>\n<li>pasta vai ielas adrese;<\/li>\n<li>e-pasta adrese;<\/li>\n<li>inform\u0101ciju soci\u0101lajos medijos;<\/li>\n<li>t\u0101lru\u0146a numuru un citu kontaktinform\u0101ciju;<\/li>\n<li>vecums;<\/li>\n<li>dzim\u0161anas datums;<\/li>\n<li>kred\u012btkartes vai citu maks\u0101jumu inform\u0101ciju;<\/li>\n<li>inform\u0101ciju par j\u016bsu uz\u0146\u0113m\u0113jdarb\u012bbas vai person\u012bgajiem apst\u0101k\u013ciem;<\/li>\n<li>inform\u0101ciju saist\u012bb\u0101 ar klientu aptauj\u0101m, anket\u0101m un akcij\u0101m, kur\u0101s piedal\u0101ties;<\/li>\n<li>kad m\u0113s izmantojam anal\u012btiskos s\u012bkfailus, j\u016bsu ier\u012bces identit\u0101ti un veidu, IP adresi, \u0123eogr\u0101fisk\u0101s atra\u0161an\u0101s vietas inform\u0101ciju, lapas skat\u012bjumu statistiku, rekl\u0101mas datus un standarta t\u012bmek\u013ca \u017eurn\u0101la inform\u0101ciju;<\/li>\n<li>inform\u0101ciju par tre\u0161\u0101m person\u0101m; un<\/li>\n<li>jebk\u0101du citu inform\u0101ciju, ko sniedzat mums, izmantojot \u0161o t\u012bmek\u013ca vietni, mums sniedzot jums pakalpojumus, vai ko cit\u0101di piepras\u0101m m\u0113s vai sniedzat j\u016bs.<\/li>\n<\/ol>\n\n<\/ol><div><br><\/div>\n<h5>K\u0100 M\u0112S V\u0100CAM PERSONISKO INFORM\u0100CIJU<\/h5>\n<ol start=\"5\">\n<li>M\u0113s cen\u0161amies nodro\u0161in\u0101t, ka m\u016bsu apkopot\u0101 inform\u0101cija ir piln\u012bga, prec\u012bza, pieejama un nav pak\u013cauta nesankcion\u0113tai piek\u013cuvei.\n<p>M\u0113s varam v\u0101kt personas datus vai nu tie\u0161i no jums, vai no tre\u0161\u0101m person\u0101m, tostarp, ja j\u016bs:<\/p>\n<ol type=\"a\">\n<li>sazinieties ar mums, izmantojot m\u016bsu t\u012bmek\u013ca vietni;<\/li>\n<li>sazin\u0101ties ar mums, izmantojot e-pastu, t\u0101lruni, \u012bszi\u0146as, soci\u0101l\u0101s aplik\u0101cijas (piem\u0113ram, LinkedIn, Facebook vai Twitter) vai cit\u0101di;<\/li>\n<li>piesaist\u012bt m\u016bs, lai sniegtu jums pakalpojumus;<\/li>\n<li>kad j\u016bs vai j\u016bsu organiz\u0101cija mums pied\u0101v\u0101 vai sniedz pakalpojumus;<\/li>\n<li>mijiedarboties ar m\u016bsu t\u012bmek\u013ca vietni, soci\u0101laj\u0101m lietotn\u0113m, pakalpojumiem, saturu un rekl\u0101mu; un<\/li>\n<li>\n<blockquote>\n<p>invest\u0113t m\u016bsu uz\u0146\u0113mum\u0101 vai interes\u0113ties par iesp\u0113jamu pirkumu m\u016bsu uz\u0146\u0113mum\u0101.<\/p>\n<\/blockquote>\n<\/li>\n<\/ol>\n<p>M\u0113s varam ar\u012b v\u0101kt j\u016bsu personas datus, kad izmantojat vai piek\u013c\u016bstat m\u016bsu vietnei vai m\u016bsu soci\u0101lo mediju lap\u0101m. Tas var notikt, izmantojot t\u012bmek\u013ca anal\u012bzes r\u012bkus, s\u012bkfailus vai citas l\u012bdz\u012bgas izseko\u0161anas tehnolo\u0123ijas, kas \u013cauj mums izsekot un analiz\u0113t j\u016bsu vietnes lietojumu. Lai ieg\u016btu vair\u0101k inform\u0101cijas, l\u016bdzu, skatiet m\u016bsu S\u012bkfailu politiku.<\/p>\n<\/li>\n<\/ol><div><br><\/div>\n<h5>J\u016aSU PERSONISK\u0100S INFORM\u0100CIJAS IZMANTO\u0160ANA<\/h5>\n<ol start=\"8\">\n<li>M\u0113s v\u0101cam un izmantojam personas datus \u0161\u0101diem nol\u016bkiem:<br><\/li><ol type=\"a\">\n<li>lai sniegtu jums pakalpojumus vai inform\u0101ciju;<\/li>\n<li>uzskaites un administrat\u012bviem m\u0113r\u0137iem;<\/li>\n<li>lai izpild\u012btu m\u016bsu juridisk\u0101s saist\u012bbas, risin\u0101tu str\u012bdus vai izpild\u012btu m\u016bsu l\u012bgumus ar tre\u0161\u0101m pus\u0113m;<\/li>\n<li>ja mums ir j\u016bsu piekri\u0161ana, tostarp, lai nos\u016bt\u012btu jums m\u0101rketinga un rekl\u0101mas zi\u0146ojumus un citu inform\u0101ciju, kas j\u016bs var\u0113tu interes\u0113t. \u0160aj\u0101 sakar\u0101 m\u0113s varam izmantot e-pastu, SMS, soci\u0101los pla\u0161sazi\u0146as l\u012bdzek\u013cus vai pastu, lai nos\u016bt\u012btu jums tie\u0161os m\u0101rketinga pazi\u0146ojumus. J\u016bs varat atteikties no m\u016bsu m\u0101rketinga materi\u0101lu sa\u0146em\u0161anas, izmantojot atteik\u0161an\u0101s iesp\u0113ju (piem\u0113ram, atteik\u0161an\u0101s saiti);<\/li>\n<li>m\u016bsu le\u0123it\u012bmaj\u0101m interes\u0113m, tostarp:<br><\/li><ol type=\"i\">\n<li>izstr\u0101d\u0101t un veikt m\u0101rketinga pas\u0101kumus, k\u0101 ar\u012b veikt tirgus izp\u0113ti un anal\u012bzi un izstr\u0101d\u0101t statistiku;<\/li>\n<li>lai uzlabotu un optimiz\u0113tu m\u016bsu pakalpojumu pied\u0101v\u0101jumu un klientu pieredzi;<\/li>\n<li>lai nos\u016bt\u012btu jums administrat\u012bvus zi\u0146ojumus, atg\u0101din\u0101jumus, pazi\u0146ojumus, atjaunin\u0101jumus un citu j\u016bsu piepras\u012bto inform\u0101ciju;<\/li>\n<li>izskat\u012bt j\u016bsu darba pieteikumu; un<\/li>\n<li>m\u016bsu pakalpojumu snieg\u0161anu.<\/li>\n<\/ol>\n\n<\/ol>\n\n<\/ol><div><br><\/div>\n<h5>DATU KOP\u012aGO\u0160ANA<\/h5>\n<ol start=\"9\">\n<li>Noteiktos gad\u012bjumos m\u0113s varam kop\u012bgot j\u016bsu personas datus \u0161\u0101dos gad\u012bjumos:<br><\/li><ol type=\"a\">\n<li>ja notiek m\u016bsu uz\u0146\u0113muma kontroles mai\u0146a vai uz\u0146\u0113muma akt\u012bvu p\u0101rdo\u0161ana vai nodo\u0161ana, m\u0113s paturam ties\u012bbas nodot m\u016bsu lietot\u0101ju datub\u0101zes, cikt\u0101l to pie\u013cauj likums, kop\u0101 ar jebk\u0101diem \u0161aj\u0101s datub\u0101z\u0113s eso\u0161ajiem personas datiem un ne-personas datiem. \u0160o inform\u0101ciju var izpaust potenci\u0101lajam pirc\u0113jam saska\u0146\u0101 ar vieno\u0161anos par konfidencialit\u0101tes saglab\u0101\u0161anu. M\u0113s cent\u012bsimies izpaust inform\u0101ciju tikai labtic\u012bgi un tikai tad, ja to prasa k\u0101ds no iepriek\u0161 min\u0113tajiem apst\u0101k\u013ciem;<\/li>\n<li>kred\u012btp\u0101rbaudes a\u0123ent\u016br\u0101m kred\u012btu kontroles nol\u016bkos;<\/li>\n<li>ties\u012bbu aktos vai noteikumos pras\u012bto inform\u0101cijas izpau\u0161anu; un<\/li>\n<li>pakalpojumu sniedz\u0113jiem un cit\u0101m saist\u012bt\u0101m tre\u0161\u0101m pus\u0113m, lai m\u0113s var\u0113tu sniegt jums savus pakalpojumus, tostarp citiem profesion\u0101liem konsultantiem, piem\u0113ram, gr\u0101matve\u017eiem, av\u0101rijas seku nov\u0113r\u0161anas pakalpojumu sniedz\u0113jiem vai revidentiem un\/vai \u0101rzemju advok\u0101tiem.<\/li>\n<\/ol>\n\n<\/ol><div><br><\/div>\n<h5>DRO\u0160\u012aBA<\/h5>\n<ol start=\"10\">\n<li>M\u0113s veicam pamatotus pas\u0101kumus, lai nodro\u0161in\u0101tu, ka j\u016bsu personas dati ir dro\u0161i un aizsarg\u0101ti pret \u013caunpr\u0101t\u012bgu izmanto\u0161anu vai neat\u013cautu piek\u013cuvi. M\u016bsu inform\u0101cijas tehnolo\u0123iju sist\u0113mas ir aizsarg\u0101tas ar paroli, un m\u0113s izmantojam virkni administrat\u012bvu un tehnisku pas\u0101kumu, lai aizsarg\u0101tu \u0161\u012bs sist\u0113mas. Tom\u0113r m\u0113s nevaram garant\u0113t j\u016bsu personas datu dro\u0161\u012bbu.<\/li>\n<\/ol><div><br><\/div>\n<h5>SAITES<\/h5>\n<ol start=\"11\">\n<li>M\u016bsu vietn\u0113 var b\u016bt saites uz cit\u0101m vietn\u0113m. \u0160\u012bs saites ir sniegtas \u0113rt\u012bbas labad, un t\u0101s var neb\u016bt aktu\u0101las vai uztur\u0113tas. M\u0113s neesam atbild\u012bgi par \u0161o saist\u012bto viet\u0146u konfidencialit\u0101tes praksi, un m\u0113s iesak\u0101m jums iepaz\u012bties ar \u0161o viet\u0146u konfidencialit\u0101tes politiku pirms to izmanto\u0161anas.<\/li>\n<\/ol><div><br><\/div>\n<h5>J\u016aSU PRAS\u012aBAS<\/h5>\n<ol start=\"12\">\n<li>Jums ir da\u017e\u0101das ties\u012bbas attiec\u012bb\u0101 uz j\u016bsu personas datu izmanto\u0161anu:<br><ol type=\"a\">\n<li><strong>Piek\u013cuve<\/strong>: Jums ir ties\u012bbas piek\u013c\u016bt savai inform\u0101cijai (ja m\u0113s to apstr\u0101d\u0101jam) un noteiktai citai inform\u0101cijai (l\u012bdz\u012bgai tai, kas sniegta \u0161aj\u0101 pazi\u0146ojum\u0101 par konfidencialit\u0101ti). Tas ir t\u0101d\u0113\u013c, lai j\u016bs b\u016btu inform\u0113ts un var\u0113tu p\u0101rbaud\u012bt, vai m\u0113s izmantojam j\u016bsu inform\u0101ciju saska\u0146\u0101 ar datu aizsardz\u012bbas ties\u012bbu aktiem.<\/li>\n<li><strong>Esi inform\u0113ts<\/strong>: Jums ir ties\u012bbas sa\u0146emt skaidru, p\u0101rredzamu un viegli saprotamu inform\u0101ciju par to, k\u0101 m\u0113s izmantojam j\u016bsu inform\u0101ciju un j\u016bsu ties\u012bbas. T\u0101p\u0113c m\u0113s sniedzam jums \u0161aj\u0101 priv\u0101tuma politik\u0101 sniegto inform\u0101ciju.<\/li>\n<li><strong>Labo\u0161ana<\/strong>: M\u016bsu m\u0113r\u0137is ir saglab\u0101t j\u016bsu personas datus prec\u012bzus, aktu\u0101lus un piln\u012bgus. M\u0113s aicin\u0101m j\u016bs sazin\u0101ties ar mums, izmantojot m\u016bsu kontaktformu, lai inform\u0113tu m\u016bs, ja k\u0101di j\u016bsu personas dati nav prec\u012bzi vai ir main\u012bju\u0161ies, lai m\u0113s var\u0113tu atjaunin\u0101t j\u016bsu personas datus.<\/li>\n<li><strong>Iebildumi<\/strong>: Noteiktos apst\u0101k\u013cos jums ir ar\u012b ties\u012bbas iebilst pret savu personas datu apstr\u0101di, tostarp pret apstr\u0101di tie\u0161\u0101 m\u0101rketinga nol\u016bkos.<\/li>\n<li><strong>ierobe\u017eo\u0161ana<\/strong>: Jums ir ties\u012bbas \"blo\u0137\u0113t\" vai aizliegt turpm\u0101ku j\u016bsu inform\u0101cijas izmanto\u0161anu. Ja apstr\u0101de ir ierobe\u017eota, m\u0113s joproj\u0101m varam saglab\u0101t j\u016bsu inform\u0101ciju, bet nedr\u012bkstam to turpm\u0101k izmantot.<\/li>\n<li><strong>Izdz\u0113\u0161ana<\/strong>: Jums ir ties\u012bbas l\u016bgt mums dz\u0113st j\u016bsu personas datus, ja personas dati vairs nav nepiecie\u0161ami nol\u016bkiem, k\u0101diem tie tika v\u0101kti, vai ja, cita starp\u0101, j\u016bsu personas dati ir apstr\u0101d\u0101ti nelikum\u012bgi.<\/li>\n<li><strong>P\u0101rnesam\u012bba<\/strong>: Jums ir ties\u012bbas piepras\u012bt, lai da\u017ei j\u016bsu personas dati jums vai citam datu p\u0101rzinim tiktu sniegti pla\u0161i izmantot\u0101, ma\u0161\u012bnlas\u0101m\u0101 form\u0101t\u0101.<\/li>\n<li><strong>S\u016bdz\u012bbas<\/strong>: Ja uzskat\u0101t, ka, iesp\u0113jams, ir p\u0101rk\u0101ptas j\u016bsu datu aizsardz\u012bbas ties\u012bbas, jums ir ties\u012bbas iesniegt s\u016bdz\u012bbu attiec\u012bgajai uzraudz\u012bbas iest\u0101dei. Apvienotaj\u0101 Karalist\u0113 uzraudz\u012bbas iest\u0101de ir Inform\u0101cijas komis\u0101ra birojs.<\/li>\n<li><strong>Piekri\u0161anas atsauk\u0161ana<\/strong>: Ja esat devis piekri\u0161anu jebk\u0101dai m\u016bsu r\u012bc\u012bbai ar j\u016bsu personas datiem, jums ir ties\u012bbas jebkur\u0101 laik\u0101 atsaukt savu piekri\u0161anu. Tas attiecas ar\u012b uz j\u016bsu ties\u012bb\u0101m atsaukt piekri\u0161anu tam, ka m\u0113s izmantojam j\u016bsu personas datus m\u0101rketinga nol\u016bkos.<\/li>\n<\/ol>\n<p>Jebkur\u0101 laik\u0101 varat izmantot jebkuru no iepriek\u0161 min\u0113taj\u0101m ties\u012bb\u0101m, sazinoties ar m\u016bsu zem\u0101k nor\u0101d\u012bto e-pasta adresi.<\/p>\n<\/li>\n<\/ol><div><br><\/div>\n<h5>CIK ILGI M\u0112S GLAB\u0100JAM DATUS<\/h5>\n<ol start=\"14\">\n<li>J\u016bsu personas datus m\u0113s glab\u0101sim tikai tik ilgi, cik nepiecie\u0161ams, lai izpild\u012btu m\u0113r\u0137us, k\u0101diem tos sav\u0101c\u0101m, tostarp, lai izpild\u012btu jebk\u0101das juridisk\u0101s, gr\u0101matved\u012bbas vai p\u0101rskatu snieg\u0161anas pras\u012bbas. M\u0113s dro\u0161i izn\u012bcin\u0101sim j\u016bsu personas datus saska\u0146\u0101 ar piem\u0113rojamiem ties\u012bbu aktiem un noteikumiem.\n<p>Ja v\u0113laties sa\u0146emt papildu inform\u0101ciju par m\u016bsu \u012bpa\u0161ajiem j\u016bsu personas datu glab\u0101\u0161anas periodiem, l\u016bdzu, sazinieties ar mums, izmantojot zem\u0101k nor\u0101d\u012bto e-pasta adresi.<\/p>\n<\/li>\n<\/ol><div><br><\/div>\n<h5>P\u0100RSKAIT\u012aJUMI \u0100RPUS EIROPAS EKONOMIKAS ZONAS (\"EEZ\")<\/h5>\n<ol start=\"16\">\n<li>Lai sniegtu savus pakalpojumus, m\u0113s varam p\u0101rs\u016bt\u012bt sav\u0101ktos personas datus uz valst\u012bm \u0101rpus Apvienot\u0101s Karalistes vai EEZ, kuras nenodro\u0161ina t\u0101du pa\u0161u datu aizsardz\u012bbas l\u012bmeni k\u0101 valsts, kur\u0101 dz\u012bvojat, un kuras Eiropas Komisija nav atzinusi par t\u0101d\u0101m, kas nodro\u0161ina pietiekamu datu aizsardz\u012bbas l\u012bmeni.\n<p>Kad m\u0113s to dar\u012bsim, m\u0113s nodro\u0161in\u0101sim, lai tie tiktu aizsarg\u0101ti t\u0101d\u0101 pa\u0161\u0101 m\u0113r\u0101 k\u0101 EEZ un Apvienotaj\u0101 Karalist\u0113, jo m\u0113s ievies\u012bsim atbilsto\u0161us dro\u0161\u012bbas pas\u0101kumus j\u016bsu personas datu aizsardz\u012bbai, kas var ietvert standarta l\u012bguma klauzulas.<\/p>\n<p>Lai ieg\u016btu vair\u0101k inform\u0101cijas, l\u016bdzu, sazinieties ar mums, rakstot uz zem\u0101k nor\u0101d\u012bto e-pasta adresi.<\/p>\n<\/li>\n<\/ol><div><br><\/div>\n<h5>SAZINIETIES AR MUMS<\/h5>\n<ol start=\"19\">\n<li>Lai ieg\u016btu papildu inform\u0101ciju par m\u016bsu konfidencialit\u0101tes politiku vai praksi, piek\u013c\u016btu saviem personas datiem, tos labotu vai iesniegtu s\u016bdz\u012bbu, l\u016bdzu, sazinieties ar mums, izmantojot t\u0101l\u0101k nor\u0101d\u012bto inform\u0101ciju:\n<p><strong>E-pasts<\/strong>: grant.davies@eclicks.com.au<\/p>\n<p>M\u0113s laiku pa laikam varam main\u012bt \u0161o konfidencialit\u0101tes politiku, public\u0113jot t\u0101s atjaunin\u0101tu kopiju m\u016bsu vietn\u0113, un m\u0113s aicin\u0101m j\u016bs regul\u0101ri p\u0101rbaud\u012bt m\u016bsu vietni, lai p\u0101rliecin\u0101tos, ka esat iepazinies ar m\u016bsu jaun\u0101ko konfidencialit\u0101tes politiku. Ja m\u0113s veiksim jebk\u0101das b\u016btiskas izmai\u0146as, m\u0113s cent\u012bsimies jums par to pazi\u0146ot pa e-pastu.<\/p>\n<\/li>\n<\/ol>\n<\/div>\n<\/div>\n<\/div>\n<\/div>\n<\/div>\n<\/div>\n<p><\/p><\/main><p><\/p>\t\t\t\t\t\t\t\t<\/div>\n\t\t\t\t<\/div>\n\t\t\t\t\t<\/div>\n\t\t\t\t<\/div>\n\t\t\t\t<\/div>","protected":false},"excerpt":{"rendered":"<p>INTRODUCTION This document sets out the privacy policy of Verbalate Pty Ltd ACN 667 685 216 (referred to in this privacy policy as \u2018we\u2019, \u2018us\u2019, or \u2018our\u2019). For the purposes of applicable data protection law, (in particular, the General Data Protection Regulation (EU) 2016\/679 (the \u201cGDPR\u201d) and the UK Data Protection Act 2018), your data [&hellip;]<\/p>\n","protected":false},"author":2,"featured_media":0,"parent":0,"menu_order":0,"comment_status":"closed","ping_status":"closed","template":"","meta":{"_acf_changed":false,"footnotes":""},"class_list":["post-3935","page","type-page","status-publish","hentry"],"acf":[],"yoast_head":"<!-- This site is optimized with the Yoast SEO Premium plugin v25.6 (Yoast SEO v27.4) - https:\/\/yoast.com\/product\/yoast-seo-premium-wordpress\/ -->\n<title>PRIVACY POLICY - Verbalate\u2122<\/title>\n<meta name=\"robots\" content=\"index, follow, max-snippet:-1, max-image-preview:large, max-video-preview:-1\" \/>\n<link rel=\"canonical\" href=\"https:\/\/verbalate.ai\/lv\/privatuma-politika\/\" \/>\n<meta property=\"og:locale\" content=\"lv_LV\" \/>\n<meta property=\"og:type\" content=\"article\" \/>\n<meta property=\"og:title\" content=\"PRIVACY POLICY\" \/>\n<meta property=\"og:description\" content=\"INTRODUCTION This document sets out the privacy policy of Verbalate Pty Ltd ACN 667 685 216 (referred to in this privacy policy as \u2018we\u2019, \u2018us\u2019, or \u2018our\u2019). For the purposes of applicable data protection law, (in particular, the General Data Protection Regulation (EU) 2016\/679 (the \u201cGDPR\u201d) and the UK Data Protection Act 2018), your data [&hellip;]\" \/>\n<meta property=\"og:url\" content=\"https:\/\/verbalate.ai\/lv\/privatuma-politika\/\" \/>\n<meta property=\"og:site_name\" content=\"Verbalate\u2122\" \/>\n<meta property=\"article:publisher\" content=\"https:\/\/www.facebook.com\/verbalateai\" \/>\n<meta property=\"article:modified_time\" content=\"2024-07-02T18:42:30+00:00\" \/>\n<meta property=\"og:image\" content=\"https:\/\/verbalate.ai\/wp-content\/uploads\/2024\/05\/verbalate-og.png\" \/>\n\t<meta property=\"og:image:width\" content=\"1200\" \/>\n\t<meta property=\"og:image:height\" content=\"675\" \/>\n\t<meta property=\"og:image:type\" content=\"image\/png\" \/>\n<meta name=\"twitter:card\" content=\"summary_large_image\" \/>\n<meta name=\"twitter:site\" content=\"@verbalateai\" \/>\n<meta name=\"twitter:label1\" content=\"Est. reading time\" \/>\n\t<meta name=\"twitter:data1\" content=\"14 min\u016b\u0161u\" \/>\n<script type=\"application\/ld+json\" class=\"yoast-schema-graph\">{\"@context\":\"https:\\\/\\\/schema.org\",\"@graph\":[{\"@type\":\"WebPage\",\"@id\":\"https:\\\/\\\/verbalate.ai\\\/privacy-policy\\\/\",\"url\":\"https:\\\/\\\/verbalate.ai\\\/privacy-policy\\\/\",\"name\":\"PRIVACY POLICY - Verbalate\u2122\",\"isPartOf\":{\"@id\":\"https:\\\/\\\/verbalate.ai\\\/#website\"},\"datePublished\":\"2024-07-02T18:39:56+00:00\",\"dateModified\":\"2024-07-02T18:42:30+00:00\",\"breadcrumb\":{\"@id\":\"https:\\\/\\\/verbalate.ai\\\/privacy-policy\\\/#breadcrumb\"},\"inLanguage\":\"lv-LV\",\"potentialAction\":[{\"@type\":\"ReadAction\",\"target\":[\"https:\\\/\\\/verbalate.ai\\\/privacy-policy\\\/\"]}]},{\"@type\":\"BreadcrumbList\",\"@id\":\"https:\\\/\\\/verbalate.ai\\\/privacy-policy\\\/#breadcrumb\",\"itemListElement\":[{\"@type\":\"ListItem\",\"position\":1,\"name\":\"Home\",\"item\":\"https:\\\/\\\/verbalate.ai\\\/\"},{\"@type\":\"ListItem\",\"position\":2,\"name\":\"PRIVACY POLICY\"}]},{\"@type\":\"WebSite\",\"@id\":\"https:\\\/\\\/verbalate.ai\\\/#website\",\"url\":\"https:\\\/\\\/verbalate.ai\\\/\",\"name\":\"Verbalate\",\"description\":\"Video Translation &amp; Dubbing Platform.\",\"publisher\":{\"@id\":\"https:\\\/\\\/verbalate.ai\\\/#organization\"},\"potentialAction\":[{\"@type\":\"SearchAction\",\"target\":{\"@type\":\"EntryPoint\",\"urlTemplate\":\"https:\\\/\\\/verbalate.ai\\\/?s={search_term_string}\"},\"query-input\":{\"@type\":\"PropertyValueSpecification\",\"valueRequired\":true,\"valueName\":\"search_term_string\"}}],\"inLanguage\":\"lv-LV\"},{\"@type\":\"Organization\",\"@id\":\"https:\\\/\\\/verbalate.ai\\\/#organization\",\"name\":\"Verbalate\",\"url\":\"https:\\\/\\\/verbalate.ai\\\/\",\"logo\":{\"@type\":\"ImageObject\",\"inLanguage\":\"lv-LV\",\"@id\":\"https:\\\/\\\/verbalate.ai\\\/#\\\/schema\\\/logo\\\/image\\\/\",\"url\":\"https:\\\/\\\/verbalate.ai\\\/wp-content\\\/uploads\\\/2024\\\/05\\\/Link-\u2192-verbalate-translation-software-logo.svg.svg\",\"contentUrl\":\"https:\\\/\\\/verbalate.ai\\\/wp-content\\\/uploads\\\/2024\\\/05\\\/Link-\u2192-verbalate-translation-software-logo.svg.svg\",\"caption\":\"Verbalate\"},\"image\":{\"@id\":\"https:\\\/\\\/verbalate.ai\\\/#\\\/schema\\\/logo\\\/image\\\/\"},\"sameAs\":[\"https:\\\/\\\/www.facebook.com\\\/verbalateai\",\"https:\\\/\\\/x.com\\\/verbalateai\",\"https:\\\/\\\/www.youtube.com\\\/@verbalateai\",\"https:\\\/\\\/www.linkedin.com\\\/company\\\/verbalate-ai\",\"https:\\\/\\\/www.instagram.com\\\/verbalateai\\\/\"]}]}<\/script>\n<!-- \/ Yoast SEO Premium plugin. -->","yoast_head_json":{"title":"PRIV\u0100TUMA POLITIKA - Verbalate\u2122","robots":{"index":"index","follow":"follow","max-snippet":"max-snippet:-1","max-image-preview":"max-image-preview:large","max-video-preview":"max-video-preview:-1"},"canonical":"https:\/\/verbalate.ai\/lv\/privatuma-politika\/","og_locale":"lv_LV","og_type":"article","og_title":"PRIVACY POLICY","og_description":"INTRODUCTION This document sets out the privacy policy of Verbalate Pty Ltd ACN 667 685 216 (referred to in this privacy policy as \u2018we\u2019, \u2018us\u2019, or \u2018our\u2019). For the purposes of applicable data protection law, (in particular, the General Data Protection Regulation (EU) 2016\/679 (the \u201cGDPR\u201d) and the UK Data Protection Act 2018), your data [&hellip;]","og_url":"https:\/\/verbalate.ai\/lv\/privatuma-politika\/","og_site_name":"Verbalate\u2122","article_publisher":"https:\/\/www.facebook.com\/verbalateai","article_modified_time":"2024-07-02T18:42:30+00:00","og_image":[{"width":1200,"height":675,"url":"https:\/\/verbalate.ai\/wp-content\/uploads\/2024\/05\/verbalate-og.png","type":"image\/png"}],"twitter_card":"summary_large_image","twitter_site":"@verbalateai","twitter_misc":{"Est. reading time":"14 min\u016b\u0161u"},"schema":{"@context":"https:\/\/schema.org","@graph":[{"@type":"WebPage","@id":"https:\/\/verbalate.ai\/privacy-policy\/","url":"https:\/\/verbalate.ai\/privacy-policy\/","name":"PRIV\u0100TUMA POLITIKA - Verbalate\u2122","isPartOf":{"@id":"https:\/\/verbalate.ai\/#website"},"datePublished":"2024-07-02T18:39:56+00:00","dateModified":"2024-07-02T18:42:30+00:00","breadcrumb":{"@id":"https:\/\/verbalate.ai\/privacy-policy\/#breadcrumb"},"inLanguage":"lv-LV","potentialAction":[{"@type":"ReadAction","target":["https:\/\/verbalate.ai\/privacy-policy\/"]}]},{"@type":"BreadcrumbList","@id":"https:\/\/verbalate.ai\/privacy-policy\/#breadcrumb","itemListElement":[{"@type":"ListItem","position":1,"name":"Home","item":"https:\/\/verbalate.ai\/"},{"@type":"ListItem","position":2,"name":"PRIVACY POLICY"}]},{"@type":"WebSite","@id":"https:\/\/verbalate.ai\/#website","url":"https:\/\/verbalate.ai\/","name":"Verbalate","description":"Video tulko\u0161anas un dubl\u0113\u0161anas platforma.","publisher":{"@id":"https:\/\/verbalate.ai\/#organization"},"potentialAction":[{"@type":"SearchAction","target":{"@type":"EntryPoint","urlTemplate":"https:\/\/verbalate.ai\/?s={search_term_string}"},"query-input":{"@type":"PropertyValueSpecification","valueRequired":true,"valueName":"search_term_string"}}],"inLanguage":"lv-LV"},{"@type":"Organization","@id":"https:\/\/verbalate.ai\/#organization","name":"Verbalate","url":"https:\/\/verbalate.ai\/","logo":{"@type":"ImageObject","inLanguage":"lv-LV","@id":"https:\/\/verbalate.ai\/#\/schema\/logo\/image\/","url":"https:\/\/verbalate.ai\/wp-content\/uploads\/2024\/05\/Link-\u2192-verbalate-translation-software-logo.svg.svg","contentUrl":"https:\/\/verbalate.ai\/wp-content\/uploads\/2024\/05\/Link-\u2192-verbalate-translation-software-logo.svg.svg","caption":"Verbalate"},"image":{"@id":"https:\/\/verbalate.ai\/#\/schema\/logo\/image\/"},"sameAs":["https:\/\/www.facebook.com\/verbalateai","https:\/\/x.com\/verbalateai","https:\/\/www.youtube.com\/@verbalateai","https:\/\/www.linkedin.com\/company\/verbalate-ai","https:\/\/www.instagram.com\/verbalateai\/"]}]}},"jetpack_sharing_enabled":true,"_links":{"self":[{"href":"https:\/\/verbalate.ai\/lv\/wp-json\/wp\/v2\/pages\/3935","targetHints":{"allow":["GET"]}}],"collection":[{"href":"https:\/\/verbalate.ai\/lv\/wp-json\/wp\/v2\/pages"}],"about":[{"href":"https:\/\/verbalate.ai\/lv\/wp-json\/wp\/v2\/types\/page"}],"author":[{"embeddable":true,"href":"https:\/\/verbalate.ai\/lv\/wp-json\/wp\/v2\/users\/2"}],"replies":[{"embeddable":true,"href":"https:\/\/verbalate.ai\/lv\/wp-json\/wp\/v2\/comments?post=3935"}],"version-history":[{"count":0,"href":"https:\/\/verbalate.ai\/lv\/wp-json\/wp\/v2\/pages\/3935\/revisions"}],"wp:attachment":[{"href":"https:\/\/verbalate.ai\/lv\/wp-json\/wp\/v2\/media?parent=3935"}],"curies":[{"name":"wp","href":"https:\/\/api.w.org\/{rel}","templated":true}]}}