{"id":3935,"date":"2024-07-02T18:39:56","date_gmt":"2024-07-02T18:39:56","guid":{"rendered":"https:\/\/verbalate.ai\/?page_id=3935"},"modified":"2024-07-02T18:42:30","modified_gmt":"2024-07-02T18:42:30","slug":"politique-de-confidentialite","status":"publish","type":"page","link":"https:\/\/verbalate.ai\/fr\/privacy-policy\/","title":{"rendered":"POLITIQUE DE CONFIDENTIALIT\u00c9"},"content":{"rendered":"<div data-elementor-type=\"wp-page\" data-elementor-id=\"3935\" class=\"elementor elementor-3935\" data-elementor-post-type=\"page\">\n\t\t\t\t<div class=\"elementor-element elementor-element-b5fbd69 pad-tb-huge e-flex e-con-boxed e-con e-parent\" data-id=\"b5fbd69\" data-element_type=\"container\" data-e-type=\"container\">\n\t\t\t\t\t<div class=\"e-con-inner\">\n\t\t\t\t<div class=\"elementor-element elementor-element-0e6bd5f elementor-widget elementor-widget-text-editor\" data-id=\"0e6bd5f\" data-element_type=\"widget\" data-e-type=\"widget\" data-widget_type=\"text-editor.default\">\n\t\t\t\t<div class=\"elementor-widget-container\">\n\t\t\t\t\t\t\t\t\t<p><\/p><main id=\"content\" class=\"site-main post-327 page type-page status-publish hentry\"><p><\/p>\n<div class=\"page-content\">\n<div class=\"elementor elementor-327\" data-elementor-type=\"wp-page\" data-elementor-id=\"327\" data-elementor-post-type=\"page\">\n<div class=\"elementor-element elementor-element-4f64f00 e-flex e-con-boxed e-con e-parent\" data-id=\"4f64f00\" data-element_type=\"container\" data-core-v316-plus=\"true\">\n<div class=\"e-con-inner\">\n<div class=\"elementor-element elementor-element-bdb5181 elementor-widget elementor-widget-text-editor\" data-id=\"bdb5181\" data-element_type=\"widget\" data-widget_type=\"text-editor.default\">\n<div class=\"elementor-widget-container\">\n<h5>INTRODUCTION<\/h5>\n<ol>\n<li>Le pr\u00e9sent document d\u00e9finit la politique de confidentialit\u00e9 de Verbalate Pty Ltd ACN 667 685 216 (d\u00e9sign\u00e9e dans la pr\u00e9sente politique de confidentialit\u00e9 par \" nous \", \" notre \" ou \" nos \"). Aux fins de la l\u00e9gislation applicable en mati\u00e8re de protection des donn\u00e9es (en particulier, le r\u00e8glement g\u00e9n\u00e9ral sur la protection des donn\u00e9es (UE) 2016\/679 (le \"<strong>GDPR<\/strong>\") et la loi britannique sur la protection des donn\u00e9es (UK Data Protection Act 2018), vos donn\u00e9es seront contr\u00f4l\u00e9es par nous.<\/li>\n<li>La pr\u00e9sente politique de protection de la vie priv\u00e9e s'applique chaque fois que nous recueillons vos informations et\/ou donn\u00e9es personnelles (vos&nbsp;<strong>donn\u00e9es personnelles<\/strong>). Ceci inclut les relations entre vous, le visiteur de ce site web (que ce soit directement en tant que client ou en tant que personnel de notre client), et nous, le propri\u00e9taire et fournisseur de ce site web, ainsi que les relations dans lesquelles un tiers nous demande de traiter vos donn\u00e9es \u00e0 caract\u00e8re personnel. La pr\u00e9sente politique de confidentialit\u00e9 s'applique \u00e0 l'utilisation de toutes les donn\u00e9es que nous recueillons ou que vous nous fournissez dans le cadre de votre utilisation du site web et de la prestation de nos services.<\/li>\n<li>Nous prenons au s\u00e9rieux nos obligations en mati\u00e8re de protection de la vie priv\u00e9e. Veuillez lire attentivement cette politique de confidentialit\u00e9 car elle contient des informations importantes sur qui nous sommes et comment et pourquoi nous collectons, stockons, utilisons et partageons vos donn\u00e9es personnelles dans le cadre de votre utilisation de notre site web. Elle explique \u00e9galement vos droits en ce qui concerne vos donn\u00e9es personnelles et la mani\u00e8re de nous contacter ou de contacter un r\u00e9gulateur comp\u00e9tent en cas de r\u00e9clamation.<\/li>\n<\/ol><div><br><\/div>\n<h5>TYPES D'INFORMATIONS PERSONNELLES QUE NOUS COLLECTONS<\/h5>\n<ol start=\"4\">\n<li>Les donn\u00e9es personnelles que nous collectons peuvent comprendre les \u00e9l\u00e9ments suivants :<br><\/li><ol type=\"a\">\n<li>nom ;<\/li>\n<li>l'adresse postale ou la rue ;<\/li>\n<li>adresse \u00e9lectronique ;<\/li>\n<li>des informations sur les m\u00e9dias sociaux ;<\/li>\n<li>num\u00e9ro de t\u00e9l\u00e9phone et autres coordonn\u00e9es ;<\/li>\n<li>\u00e2ge ;<\/li>\n<li>date de naissance ;<\/li>\n<li>carte de cr\u00e9dit ou autres informations de paiement ;<\/li>\n<li>des informations sur votre entreprise ou votre situation personnelle ;<\/li>\n<li>les informations relatives aux enqu\u00eates aupr\u00e8s des clients, aux questionnaires et aux promotions auxquelles vous participez ;<\/li>\n<li>lorsque nous utilisons des cookies analytiques, l'identit\u00e9 et le type de votre appareil, l'adresse IP, les informations de g\u00e9olocalisation, les statistiques de consultation des pages, les donn\u00e9es publicitaires et les informations standard du journal web ;<\/li>\n<li>des informations sur des tiers ; et<\/li>\n<li>toute autre information que vous nous fournissez par l'interm\u00e9diaire de ce site web, dans le cadre des services que nous vous fournissons, ou que nous vous demandons ou que vous nous fournissez par ailleurs.<\/li>\n<\/ol>\n\n<\/ol><div><br><\/div>\n<h5>COMMENT NOUS COLLECTONS LES INFORMATIONS PERSONNELLES<\/h5>\n<ol start=\"5\">\n<li>Nous nous effor\u00e7ons de veiller \u00e0 ce que les informations que nous recueillons soient compl\u00e8tes, exactes, accessibles et ne fassent pas l'objet d'un acc\u00e8s non autoris\u00e9.\n<p>Nous pouvons collecter des donn\u00e9es \u00e0 caract\u00e8re personnel soit directement aupr\u00e8s de vous, soit aupr\u00e8s de tiers, notamment lorsque vous.. :<\/p>\n<ol type=\"a\">\n<li>nous contacter par le biais de notre site web ;<\/li>\n<li>communiquer avec nous par courrier \u00e9lectronique, t\u00e9l\u00e9phone, SMS, applications sociales (telles que LinkedIn, Facebook ou Twitter) ou autre ;<\/li>\n<li>nous engager \u00e0 vous fournir des services ;<\/li>\n<li>lorsque vous ou votre organisation nous proposez ou nous fournissez des services ;<\/li>\n<li>interagir avec notre site web, nos applications sociales, nos services, notre contenu et notre publicit\u00e9 ; et<\/li>\n<li>\n<blockquote>\n<p>investir dans notre entreprise ou se renseigner sur un achat potentiel de notre entreprise.<\/p>\n<\/blockquote>\n<\/li>\n<\/ol>\n<p>Nous pouvons \u00e9galement collecter des donn\u00e9es personnelles lorsque vous utilisez ou acc\u00e9dez \u00e0 notre site web ou \u00e0 nos pages de m\u00e9dias sociaux. Cela peut se faire par le biais d'outils d'analyse web, de \"cookies\" ou d'autres technologies de suivi similaires qui nous permettent de suivre et d'analyser l'utilisation que vous faites de notre site web. Pour plus d'informations, veuillez consulter notre Politique en mati\u00e8re de cookies.<\/p>\n<\/li>\n<\/ol><div><br><\/div>\n<h5>UTILISATION DE VOS INFORMATIONS PERSONNELLES<\/h5>\n<ol start=\"8\">\n<li>Nous collectons et utilisons des donn\u00e9es \u00e0 caract\u00e8re personnel aux fins suivantes :<br><\/li><ol type=\"a\">\n<li>pour vous fournir des services ou des informations ;<\/li>\n<li>\u00e0 des fins d'archivage et d'administration ;<\/li>\n<li>pour nous conformer \u00e0 nos obligations l\u00e9gales, r\u00e9soudre des litiges ou faire respecter nos accords avec des tiers ;<\/li>\n<li>lorsque nous avons votre consentement, notamment pour vous envoyer des messages marketing et promotionnels et d'autres informations susceptibles de vous int\u00e9resser. \u00c0 cet \u00e9gard, nous pouvons utiliser le courrier \u00e9lectronique, les SMS, les m\u00e9dias sociaux ou le courrier pour vous envoyer des communications marketing directes. Vous pouvez refuser de recevoir des documents marketing de notre part en utilisant la fonction d'exclusion fournie (par exemple, un lien de d\u00e9sinscription) ;<\/li>\n<li>pour nos int\u00e9r\u00eats l\u00e9gitimes, y compris :<br><\/li><ol type=\"i\">\n<li>pour d\u00e9velopper et mener des activit\u00e9s de marketing, effectuer des \u00e9tudes et des analyses de march\u00e9 et \u00e9laborer des statistiques ;<\/li>\n<li>am\u00e9liorer et optimiser notre offre de services et l'exp\u00e9rience de nos clients ;<\/li>\n<li>pour vous envoyer des messages administratifs, des rappels, des avis, des mises \u00e0 jour et d'autres informations que vous avez demand\u00e9es ;<\/li>\n<li>d'examiner une demande d'emploi de votre part ; et<\/li>\n<li>la fourniture de nos services.<\/li>\n<\/ol>\n\n<\/ol>\n\n<\/ol><div><br><\/div>\n<h5>LE PARTAGE DE VOS DONN\u00c9ES<\/h5>\n<ol start=\"9\">\n<li>Nous pouvons partager vos donn\u00e9es personnelles dans certaines circonstances, comme suit :<br><\/li><ol type=\"a\">\n<li>en cas de changement de contr\u00f4le de notre entreprise ou de vente ou de transfert d'actifs commerciaux, nous nous r\u00e9servons le droit de transf\u00e9rer, dans la mesure permise par la loi, nos bases de donn\u00e9es d'utilisateurs, ainsi que toutes les donn\u00e9es personnelles et non personnelles contenues dans ces bases de donn\u00e9es. Ces informations peuvent \u00eatre divulgu\u00e9es \u00e0 un acheteur potentiel dans le cadre d'un accord de confidentialit\u00e9. Nous nous efforcerons de ne divulguer ces informations qu'en toute bonne foi et lorsque les circonstances susmentionn\u00e9es l'exigent ;<\/li>\n<li>les agences de v\u00e9rification du cr\u00e9dit pour des raisons de contr\u00f4le du cr\u00e9dit ;<\/li>\n<li>les divulgations exig\u00e9es par la loi ou la r\u00e9glementation ; et<\/li>\n<li>des prestataires de services et d'autres tiers affili\u00e9s pour nous permettre de vous fournir nos services, y compris d'autres conseillers professionnels tels que des comptables, des prestataires de services de reprise apr\u00e8s sinistre ou des auditeurs et\/ou des conseillers juridiques \u00e9trangers.<\/li>\n<\/ol>\n\n<\/ol><div><br><\/div>\n<h5>S\u00c9CURIT\u00c9<\/h5>\n<ol start=\"10\">\n<li>Nous prenons des mesures raisonnables pour garantir que vos donn\u00e9es \u00e0 caract\u00e8re personnel sont s\u00e9curis\u00e9es et prot\u00e9g\u00e9es contre toute utilisation abusive ou tout acc\u00e8s non autoris\u00e9. Nos syst\u00e8mes informatiques sont prot\u00e9g\u00e9s par des mots de passe et nous utilisons une s\u00e9rie de mesures administratives et techniques pour prot\u00e9ger ces syst\u00e8mes. Toutefois, nous ne pouvons pas garantir la s\u00e9curit\u00e9 de vos donn\u00e9es personnelles.<\/li>\n<\/ol><div><br><\/div>\n<h5>LIENS<\/h5>\n<ol start=\"11\">\n<li>Notre site web peut contenir des liens vers d'autres sites web. Ces liens sont fournis pour des raisons de commodit\u00e9 et peuvent ne pas \u00eatre actualis\u00e9s ou maintenus. Nous ne sommes pas responsables des pratiques en mati\u00e8re de protection de la vie priv\u00e9e de ces sites web et nous vous sugg\u00e9rons de consulter les politiques de protection de la vie priv\u00e9e de ces sites web avant de les utiliser.<\/li>\n<\/ol><div><br><\/div>\n<h5>VOS DROITS<\/h5>\n<ol start=\"12\">\n<li>Vous disposez de plusieurs droits en ce qui concerne l'utilisation que nous faisons de vos donn\u00e9es personnelles :<br><ol type=\"a\">\n<li><strong>Acc\u00e8s<\/strong>: Vous avez le droit d'obtenir l'acc\u00e8s \u00e0 vos informations (si nous les traitons) et \u00e0 certaines autres informations (similaires \u00e0 celles fournies dans le pr\u00e9sent avis de confidentialit\u00e9). Cela vous permet de savoir et de v\u00e9rifier que nous utilisons vos informations conform\u00e9ment \u00e0 la loi sur la protection des donn\u00e9es.<\/li>\n<li><strong>S'informer<\/strong>: Vous avez le droit de recevoir des informations claires, transparentes et facilement compr\u00e9hensibles sur la mani\u00e8re dont nous utilisons vos informations et sur vos droits. C'est pourquoi nous vous fournissons les informations contenues dans cette politique de confidentialit\u00e9.<\/li>\n<li><strong>Rectification<\/strong>: Nous nous effor\u00e7ons de conserver vos donn\u00e9es personnelles exactes, \u00e0 jour et compl\u00e8tes. Nous vous encourageons \u00e0 nous contacter en utilisant notre formulaire de contact pour nous faire savoir si l'une de vos donn\u00e9es personnelles n'est pas exacte ou si elle change, afin que nous puissions maintenir vos donn\u00e9es personnelles \u00e0 jour.<\/li>\n<li><strong>Objection<\/strong>: Vous avez \u00e9galement le droit de vous opposer au traitement de vos donn\u00e9es \u00e0 caract\u00e8re personnel dans certaines circonstances, y compris le traitement \u00e0 des fins de marketing direct.<\/li>\n<li><strong>Restriction<\/strong>: Vous avez le droit de \"bloquer\" ou de supprimer l'utilisation ult\u00e9rieure de vos informations. Lorsque le traitement est restreint, nous pouvons toujours stocker vos informations, mais nous ne pouvons plus les utiliser.<\/li>\n<li><strong>Effacement<\/strong>: Vous avez le droit de nous demander d'effacer vos donn\u00e9es \u00e0 caract\u00e8re personnel lorsque celles-ci ne sont plus n\u00e9cessaires aux fins pour lesquelles elles ont \u00e9t\u00e9 collect\u00e9es ou lorsque, entre autres, vos donn\u00e9es \u00e0 caract\u00e8re personnel ont fait l'objet d'un traitement ill\u00e9gal.<\/li>\n<li><strong>Portabilit\u00e9<\/strong>: Vous avez le droit de demander que certaines de vos donn\u00e9es \u00e0 caract\u00e8re personnel vous soient fournies, ou soient fournies \u00e0 un autre responsable du traitement, dans un format couramment utilis\u00e9 et lisible par machine.<\/li>\n<li><strong>Plaintes<\/strong>: Si vous estimez que vos droits en mati\u00e8re de protection des donn\u00e9es ont \u00e9t\u00e9 viol\u00e9s, vous avez le droit de d\u00e9poser une plainte aupr\u00e8s de l'autorit\u00e9 de contr\u00f4le comp\u00e9tente. Au Royaume-Uni, l'autorit\u00e9 de contr\u00f4le est l'Information Commissioner's Office.<\/li>\n<li><strong>Retrait du consentement<\/strong>: Si vous avez donn\u00e9 votre consentement \u00e0 tout ce que nous faisons avec vos donn\u00e9es personnelles, vous avez le droit de le retirer \u00e0 tout moment. Cela inclut votre droit de retirer votre consentement \u00e0 ce que nous utilisions vos donn\u00e9es personnelles \u00e0 des fins de marketing.<\/li>\n<\/ol>\n<p>Vous pouvez, \u00e0 tout moment, exercer l'un des droits susmentionn\u00e9s en contactant notre adresse \u00e9lectronique indiqu\u00e9e ci-dessous.<\/p>\n<\/li>\n<\/ol><div><br><\/div>\n<h5>DUR\u00c9E DE CONSERVATION DES DONN\u00c9ES<\/h5>\n<ol start=\"14\">\n<li>Nous ne conserverons vos donn\u00e9es personnelles qu'aussi longtemps que n\u00e9cessaire pour atteindre les objectifs pour lesquels nous les avons collect\u00e9es, y compris pour satisfaire \u00e0 toute exigence l\u00e9gale, comptable ou de rapport. Nous d\u00e9truirons vos donn\u00e9es personnelles en toute s\u00e9curit\u00e9, conform\u00e9ment aux lois et r\u00e9glementations applicables.\n<p>Si vous souhaitez obtenir de plus amples informations sur nos p\u00e9riodes de conservation sp\u00e9cifiques pour vos donn\u00e9es \u00e0 caract\u00e8re personnel, veuillez nous contacter \u00e0 l'adresse \u00e9lectronique indiqu\u00e9e ci-dessous.<\/p>\n<\/li>\n<\/ol><div><br><\/div>\n<h5>TRANSFERTS EN DEHORS DE L'ESPACE \u00c9CONOMIQUE EUROP\u00c9EN (\"EEE\")<\/h5>\n<ol start=\"16\">\n<li>Pour fournir nos services, nous pouvons transf\u00e9rer les donn\u00e9es personnelles que nous collectons vers des pays situ\u00e9s en dehors du Royaume-Uni ou de l'EEE qui n'offrent pas le m\u00eame niveau de protection des donn\u00e9es que le pays dans lequel vous r\u00e9sidez et qui ne sont pas reconnus par la Commission europ\u00e9enne comme offrant un niveau ad\u00e9quat de protection des donn\u00e9es.\n<p>Dans ce cas, nous veillerons \u00e0 ce qu'elles soient prot\u00e9g\u00e9es dans la m\u00eame mesure que dans l'EEE et au Royaume-Uni, car nous mettrons en place des garanties appropri\u00e9es pour prot\u00e9ger vos donn\u00e9es \u00e0 caract\u00e8re personnel, ce qui peut inclure des clauses contractuelles standard.<\/p>\n<p>Pour plus d'informations, veuillez nous contacter \u00e0 l'adresse \u00e9lectronique indiqu\u00e9e ci-dessous.<\/p>\n<\/li>\n<\/ol><div><br><\/div>\n<h5>CONTACTEZ-NOUS<\/h5>\n<ol start=\"19\">\n<li>Pour de plus amples informations sur notre politique ou nos pratiques en mati\u00e8re de respect de la vie priv\u00e9e, ou pour acc\u00e9der \u00e0 vos donn\u00e9es personnelles, les corriger ou d\u00e9poser une plainte, veuillez nous contacter en utilisant les coordonn\u00e9es indiqu\u00e9es ci-dessous :\n<p><strong>Courriel<\/strong>: grant.davies@eclicks.com.au<\/p>\n<p>Nous pouvons modifier cette politique de confidentialit\u00e9 de temps \u00e0 autre en publiant une version mise \u00e0 jour sur notre site web et nous vous encourageons \u00e0 consulter r\u00e9guli\u00e8rement notre site web pour vous assurer que vous avez pris connaissance de notre politique de confidentialit\u00e9 la plus r\u00e9cente. En cas de modifications importantes, nous nous efforcerons de vous en informer par courrier \u00e9lectronique.<\/p>\n<\/li>\n<\/ol>\n<\/div>\n<\/div>\n<\/div>\n<\/div>\n<\/div>\n<\/div>\n<p><\/p><\/main><p><\/p>\t\t\t\t\t\t\t\t<\/div>\n\t\t\t\t<\/div>\n\t\t\t\t\t<\/div>\n\t\t\t\t<\/div>\n\t\t\t\t<\/div>","protected":false},"excerpt":{"rendered":"<p>INTRODUCTION This document sets out the privacy policy of Verbalate Pty Ltd ACN 667 685 216 (referred to in this privacy policy as \u2018we\u2019, \u2018us\u2019, or \u2018our\u2019). For the purposes of applicable data protection law, (in particular, the General Data Protection Regulation (EU) 2016\/679 (the \u201cGDPR\u201d) and the UK Data Protection Act 2018), your data [&hellip;]<\/p>\n","protected":false},"author":2,"featured_media":0,"parent":0,"menu_order":0,"comment_status":"closed","ping_status":"closed","template":"","meta":{"_acf_changed":false,"footnotes":""},"class_list":["post-3935","page","type-page","status-publish","hentry"],"acf":[],"yoast_head":"<!-- This site is optimized with the Yoast SEO Premium plugin v25.6 (Yoast SEO v27.4) - https:\/\/yoast.com\/product\/yoast-seo-premium-wordpress\/ -->\n<title>PRIVACY POLICY - Verbalate\u2122<\/title>\n<meta name=\"robots\" content=\"index, follow, max-snippet:-1, max-image-preview:large, max-video-preview:-1\" \/>\n<link rel=\"canonical\" href=\"https:\/\/verbalate.ai\/fr\/politique-de-confidentialite\/\" \/>\n<meta property=\"og:locale\" content=\"fr_FR\" \/>\n<meta property=\"og:type\" content=\"article\" \/>\n<meta property=\"og:title\" content=\"PRIVACY POLICY\" \/>\n<meta property=\"og:description\" content=\"INTRODUCTION This document sets out the privacy policy of Verbalate Pty Ltd ACN 667 685 216 (referred to in this privacy policy as \u2018we\u2019, \u2018us\u2019, or \u2018our\u2019). For the purposes of applicable data protection law, (in particular, the General Data Protection Regulation (EU) 2016\/679 (the \u201cGDPR\u201d) and the UK Data Protection Act 2018), your data [&hellip;]\" \/>\n<meta property=\"og:url\" content=\"https:\/\/verbalate.ai\/fr\/politique-de-confidentialite\/\" \/>\n<meta property=\"og:site_name\" content=\"Verbalate\u2122\" \/>\n<meta property=\"article:publisher\" content=\"https:\/\/www.facebook.com\/verbalateai\" \/>\n<meta property=\"article:modified_time\" content=\"2024-07-02T18:42:30+00:00\" \/>\n<meta property=\"og:image\" content=\"https:\/\/verbalate.ai\/wp-content\/uploads\/2024\/05\/verbalate-og.png\" \/>\n\t<meta property=\"og:image:width\" content=\"1200\" \/>\n\t<meta property=\"og:image:height\" content=\"675\" \/>\n\t<meta property=\"og:image:type\" content=\"image\/png\" \/>\n<meta name=\"twitter:card\" content=\"summary_large_image\" \/>\n<meta name=\"twitter:site\" content=\"@verbalateai\" \/>\n<meta name=\"twitter:label1\" content=\"Dur\u00e9e de lecture estim\u00e9e\" \/>\n\t<meta name=\"twitter:data1\" content=\"14 minutes\" \/>\n<script type=\"application\/ld+json\" class=\"yoast-schema-graph\">{\"@context\":\"https:\\\/\\\/schema.org\",\"@graph\":[{\"@type\":\"WebPage\",\"@id\":\"https:\\\/\\\/verbalate.ai\\\/privacy-policy\\\/\",\"url\":\"https:\\\/\\\/verbalate.ai\\\/privacy-policy\\\/\",\"name\":\"PRIVACY POLICY - Verbalate\u2122\",\"isPartOf\":{\"@id\":\"https:\\\/\\\/verbalate.ai\\\/#website\"},\"datePublished\":\"2024-07-02T18:39:56+00:00\",\"dateModified\":\"2024-07-02T18:42:30+00:00\",\"breadcrumb\":{\"@id\":\"https:\\\/\\\/verbalate.ai\\\/privacy-policy\\\/#breadcrumb\"},\"inLanguage\":\"fr-FR\",\"potentialAction\":[{\"@type\":\"ReadAction\",\"target\":[\"https:\\\/\\\/verbalate.ai\\\/privacy-policy\\\/\"]}]},{\"@type\":\"BreadcrumbList\",\"@id\":\"https:\\\/\\\/verbalate.ai\\\/privacy-policy\\\/#breadcrumb\",\"itemListElement\":[{\"@type\":\"ListItem\",\"position\":1,\"name\":\"Home\",\"item\":\"https:\\\/\\\/verbalate.ai\\\/\"},{\"@type\":\"ListItem\",\"position\":2,\"name\":\"PRIVACY POLICY\"}]},{\"@type\":\"WebSite\",\"@id\":\"https:\\\/\\\/verbalate.ai\\\/#website\",\"url\":\"https:\\\/\\\/verbalate.ai\\\/\",\"name\":\"Verbalate\",\"description\":\"Video Translation &amp; Dubbing Platform.\",\"publisher\":{\"@id\":\"https:\\\/\\\/verbalate.ai\\\/#organization\"},\"potentialAction\":[{\"@type\":\"SearchAction\",\"target\":{\"@type\":\"EntryPoint\",\"urlTemplate\":\"https:\\\/\\\/verbalate.ai\\\/?s={search_term_string}\"},\"query-input\":{\"@type\":\"PropertyValueSpecification\",\"valueRequired\":true,\"valueName\":\"search_term_string\"}}],\"inLanguage\":\"fr-FR\"},{\"@type\":\"Organization\",\"@id\":\"https:\\\/\\\/verbalate.ai\\\/#organization\",\"name\":\"Verbalate\",\"url\":\"https:\\\/\\\/verbalate.ai\\\/\",\"logo\":{\"@type\":\"ImageObject\",\"inLanguage\":\"fr-FR\",\"@id\":\"https:\\\/\\\/verbalate.ai\\\/#\\\/schema\\\/logo\\\/image\\\/\",\"url\":\"https:\\\/\\\/verbalate.ai\\\/wp-content\\\/uploads\\\/2024\\\/05\\\/Link-\u2192-verbalate-translation-software-logo.svg.svg\",\"contentUrl\":\"https:\\\/\\\/verbalate.ai\\\/wp-content\\\/uploads\\\/2024\\\/05\\\/Link-\u2192-verbalate-translation-software-logo.svg.svg\",\"caption\":\"Verbalate\"},\"image\":{\"@id\":\"https:\\\/\\\/verbalate.ai\\\/#\\\/schema\\\/logo\\\/image\\\/\"},\"sameAs\":[\"https:\\\/\\\/www.facebook.com\\\/verbalateai\",\"https:\\\/\\\/x.com\\\/verbalateai\",\"https:\\\/\\\/www.youtube.com\\\/@verbalateai\",\"https:\\\/\\\/www.linkedin.com\\\/company\\\/verbalate-ai\",\"https:\\\/\\\/www.instagram.com\\\/verbalateai\\\/\"]}]}<\/script>\n<!-- \/ Yoast SEO Premium plugin. -->","yoast_head_json":{"title":"POLITIQUE DE CONFIDENTIALIT\u00c9 - Verbalate\u2122","robots":{"index":"index","follow":"follow","max-snippet":"max-snippet:-1","max-image-preview":"max-image-preview:large","max-video-preview":"max-video-preview:-1"},"canonical":"https:\/\/verbalate.ai\/fr\/politique-de-confidentialite\/","og_locale":"fr_FR","og_type":"article","og_title":"PRIVACY POLICY","og_description":"INTRODUCTION This document sets out the privacy policy of Verbalate Pty Ltd ACN 667 685 216 (referred to in this privacy policy as \u2018we\u2019, \u2018us\u2019, or \u2018our\u2019). For the purposes of applicable data protection law, (in particular, the General Data Protection Regulation (EU) 2016\/679 (the \u201cGDPR\u201d) and the UK Data Protection Act 2018), your data [&hellip;]","og_url":"https:\/\/verbalate.ai\/fr\/politique-de-confidentialite\/","og_site_name":"Verbalate\u2122","article_publisher":"https:\/\/www.facebook.com\/verbalateai","article_modified_time":"2024-07-02T18:42:30+00:00","og_image":[{"width":1200,"height":675,"url":"https:\/\/verbalate.ai\/wp-content\/uploads\/2024\/05\/verbalate-og.png","type":"image\/png"}],"twitter_card":"summary_large_image","twitter_site":"@verbalateai","twitter_misc":{"Dur\u00e9e de lecture estim\u00e9e":"14 minutes"},"schema":{"@context":"https:\/\/schema.org","@graph":[{"@type":"WebPage","@id":"https:\/\/verbalate.ai\/privacy-policy\/","url":"https:\/\/verbalate.ai\/privacy-policy\/","name":"POLITIQUE DE CONFIDENTIALIT\u00c9 - Verbalate\u2122","isPartOf":{"@id":"https:\/\/verbalate.ai\/#website"},"datePublished":"2024-07-02T18:39:56+00:00","dateModified":"2024-07-02T18:42:30+00:00","breadcrumb":{"@id":"https:\/\/verbalate.ai\/privacy-policy\/#breadcrumb"},"inLanguage":"fr-FR","potentialAction":[{"@type":"ReadAction","target":["https:\/\/verbalate.ai\/privacy-policy\/"]}]},{"@type":"BreadcrumbList","@id":"https:\/\/verbalate.ai\/privacy-policy\/#breadcrumb","itemListElement":[{"@type":"ListItem","position":1,"name":"Home","item":"https:\/\/verbalate.ai\/"},{"@type":"ListItem","position":2,"name":"PRIVACY POLICY"}]},{"@type":"WebSite","@id":"https:\/\/verbalate.ai\/#website","url":"https:\/\/verbalate.ai\/","name":"Verbaliser","description":"Plateforme de traduction et de doublage vid\u00e9o.","publisher":{"@id":"https:\/\/verbalate.ai\/#organization"},"potentialAction":[{"@type":"SearchAction","target":{"@type":"EntryPoint","urlTemplate":"https:\/\/verbalate.ai\/?s={search_term_string}"},"query-input":{"@type":"PropertyValueSpecification","valueRequired":true,"valueName":"search_term_string"}}],"inLanguage":"fr-FR"},{"@type":"Organization","@id":"https:\/\/verbalate.ai\/#organization","name":"Verbaliser","url":"https:\/\/verbalate.ai\/","logo":{"@type":"ImageObject","inLanguage":"fr-FR","@id":"https:\/\/verbalate.ai\/#\/schema\/logo\/image\/","url":"https:\/\/verbalate.ai\/wp-content\/uploads\/2024\/05\/Link-\u2192-verbalate-translation-software-logo.svg.svg","contentUrl":"https:\/\/verbalate.ai\/wp-content\/uploads\/2024\/05\/Link-\u2192-verbalate-translation-software-logo.svg.svg","caption":"Verbalate"},"image":{"@id":"https:\/\/verbalate.ai\/#\/schema\/logo\/image\/"},"sameAs":["https:\/\/www.facebook.com\/verbalateai","https:\/\/x.com\/verbalateai","https:\/\/www.youtube.com\/@verbalateai","https:\/\/www.linkedin.com\/company\/verbalate-ai","https:\/\/www.instagram.com\/verbalateai\/"]}]}},"jetpack_sharing_enabled":true,"_links":{"self":[{"href":"https:\/\/verbalate.ai\/fr\/wp-json\/wp\/v2\/pages\/3935","targetHints":{"allow":["GET"]}}],"collection":[{"href":"https:\/\/verbalate.ai\/fr\/wp-json\/wp\/v2\/pages"}],"about":[{"href":"https:\/\/verbalate.ai\/fr\/wp-json\/wp\/v2\/types\/page"}],"author":[{"embeddable":true,"href":"https:\/\/verbalate.ai\/fr\/wp-json\/wp\/v2\/users\/2"}],"replies":[{"embeddable":true,"href":"https:\/\/verbalate.ai\/fr\/wp-json\/wp\/v2\/comments?post=3935"}],"version-history":[{"count":0,"href":"https:\/\/verbalate.ai\/fr\/wp-json\/wp\/v2\/pages\/3935\/revisions"}],"wp:attachment":[{"href":"https:\/\/verbalate.ai\/fr\/wp-json\/wp\/v2\/media?parent=3935"}],"curies":[{"name":"wp","href":"https:\/\/api.w.org\/{rel}","templated":true}]}}