{"id":3935,"date":"2024-07-02T18:39:56","date_gmt":"2024-07-02T18:39:56","guid":{"rendered":"https:\/\/verbalate.ai\/?page_id=3935"},"modified":"2024-07-02T18:42:30","modified_gmt":"2024-07-02T18:42:30","slug":"tietosuojakaytanto","status":"publish","type":"page","link":"https:\/\/verbalate.ai\/fi\/privacy-policy\/","title":{"rendered":"TIETOSUOJAPOLITIIKKA"},"content":{"rendered":"<div data-elementor-type=\"wp-page\" data-elementor-id=\"3935\" class=\"elementor elementor-3935\" data-elementor-post-type=\"page\">\n\t\t\t\t<div class=\"elementor-element elementor-element-b5fbd69 pad-tb-huge e-flex e-con-boxed e-con e-parent\" data-id=\"b5fbd69\" data-element_type=\"container\" data-e-type=\"container\">\n\t\t\t\t\t<div class=\"e-con-inner\">\n\t\t\t\t<div class=\"elementor-element elementor-element-0e6bd5f elementor-widget elementor-widget-text-editor\" data-id=\"0e6bd5f\" data-element_type=\"widget\" data-e-type=\"widget\" data-widget_type=\"text-editor.default\">\n\t\t\t\t<div class=\"elementor-widget-container\">\n\t\t\t\t\t\t\t\t\t<p><\/p><main id=\"content\" class=\"site-main post-327 page type-page status-publish hentry\"><p><\/p>\n<div class=\"page-content\">\n<div class=\"elementor elementor-327\" data-elementor-type=\"wp-page\" data-elementor-id=\"327\" data-elementor-post-type=\"page\">\n<div class=\"elementor-element elementor-element-4f64f00 e-flex e-con-boxed e-con e-parent\" data-id=\"4f64f00\" data-element_type=\"container\" data-core-v316-plus=\"true\">\n<div class=\"e-con-inner\">\n<div class=\"elementor-element elementor-element-bdb5181 elementor-widget elementor-widget-text-editor\" data-id=\"bdb5181\" data-element_type=\"widget\" data-widget_type=\"text-editor.default\">\n<div class=\"elementor-widget-container\">\n<h5>JOHDANTO<\/h5>\n<ol>\n<li>T\u00e4ss\u00e4 asiakirjassa esitet\u00e4\u00e4n Verbalate Pty Ltd ACN 667 685 216:n (j\u00e4ljemp\u00e4n\u00e4 t\u00e4ss\u00e4 tietosuojak\u00e4yt\u00e4nn\u00f6ss\u00e4 'me', 'meit\u00e4' tai 'meid\u00e4n') tietosuojak\u00e4yt\u00e4nt\u00f6. Sovellettavan tietosuojalains\u00e4\u00e4d\u00e4nn\u00f6n (erityisesti yleisen tietosuoja-asetuksen (EU) 2016\/679 (j\u00e4ljemp\u00e4n\u00e4 \"yleinen tietosuoja-asetus\") soveltamiseksi<strong>GDPR<\/strong>\") ja Yhdistyneen kuningaskunnan vuoden 2018 tietosuojalain (Data Protection Act 2018) mukaisesti, me valvomme tietojasi.<\/li>\n<li>T\u00e4t\u00e4 tietosuojak\u00e4yt\u00e4nt\u00f6\u00e4 sovelletaan aina, kun ker\u00e4\u00e4mme henkil\u00f6kohtaisia tietojasi ja\/tai henkil\u00f6tietojasi (sinun&nbsp;<strong>henkil\u00f6tiedot<\/strong>). T\u00e4m\u00e4 koskee my\u00f6s sinun, t\u00e4m\u00e4n verkkosivuston k\u00e4vij\u00e4n (joko suoraan asiakkaana tai asiakkaamme henkil\u00f6kuntana), ja meid\u00e4n, t\u00e4m\u00e4n verkkosivuston omistajan ja tarjoajan, v\u00e4lisi\u00e4 suhteita sek\u00e4 tapauksia, joissa kolmas osapuoli on m\u00e4\u00e4r\u00e4nnyt meid\u00e4t k\u00e4sittelem\u00e4\u00e4n henkil\u00f6tietojasi. T\u00e4t\u00e4 tietosuojak\u00e4yt\u00e4nt\u00f6\u00e4 sovelletaan kaikkien niiden tietojen k\u00e4ytt\u00f6\u00f6n, jotka ker\u00e4\u00e4mme tai jotka sin\u00e4 annat verkkosivuston k\u00e4ytt\u00f6\u00f6n ja palveluiden tarjoamiseen sinulle liittyen.<\/li>\n<li>Suhtaudumme tietosuojavelvoitteisiimme vakavasti. Lue t\u00e4m\u00e4 tietosuojak\u00e4yt\u00e4nt\u00f6 huolellisesti, sill\u00e4 se sis\u00e4lt\u00e4\u00e4 t\u00e4rke\u00e4\u00e4 tietoa siit\u00e4, keit\u00e4 me olemme ja miten ja miksi ker\u00e4\u00e4mme, s\u00e4ilyt\u00e4mme, k\u00e4yt\u00e4mme ja jaamme henkil\u00f6tietojasi verkkosivustomme k\u00e4yt\u00f6n yhteydess\u00e4. Siin\u00e4 selitet\u00e4\u00e4n my\u00f6s henkil\u00f6tietoihisi liittyv\u00e4t oikeutesi ja se, miten voit ottaa meihin tai asianomaiseen s\u00e4\u00e4ntelyviranomaiseen yhteytt\u00e4, jos sinulla on valitus.<\/li>\n<\/ol><div><br><\/div>\n<h5>KER\u00c4\u00c4MIEMME HENKIL\u00d6TIETOJEN TYYPIT<\/h5>\n<ol start=\"4\">\n<li>Ker\u00e4\u00e4m\u00e4mme henkil\u00f6tiedot voivat sis\u00e4lt\u00e4\u00e4 seuraavia tietoja:<br><\/li><ol type=\"a\">\n<li>nimi;<\/li>\n<li>posti- tai katuosoite;<\/li>\n<li>s\u00e4hk\u00f6postiosoite;<\/li>\n<li>sosiaalisen median tiedot;<\/li>\n<li>puhelinnumero ja muut yhteystiedot;<\/li>\n<li>ik\u00e4;<\/li>\n<li>syntym\u00e4aika;<\/li>\n<li>luottokortti- tai muut maksutiedot;<\/li>\n<li>tietoja yrityksest\u00e4si tai henkil\u00f6kohtaisista olosuhteistasi;<\/li>\n<li>tiedot, jotka liittyv\u00e4t asiakastutkimuksiin, kyselyihin ja kampanjoihin, joihin osallistut;<\/li>\n<li>kun k\u00e4yt\u00e4mme analyyttisi\u00e4 ev\u00e4steit\u00e4, laitteesi tunnistetiedot ja tyyppi, IP-osoite, maantieteelliset sijaintitiedot, sivujen katselutilastot, mainostiedot ja tavanomaiset verkkolokitiedot;<\/li>\n<li>kolmansia osapuolia koskevat tiedot; ja<\/li>\n<li>kaikki muut tiedot, jotka annat meille t\u00e4m\u00e4n verkkosivuston kautta, tarjotessamme sinulle palveluita tai joita me muutoin vaadimme tai jotka sin\u00e4 annat.<\/li>\n<\/ol>\n\n<\/ol><div><br><\/div>\n<h5>MITEN KER\u00c4\u00c4MME HENKIL\u00d6TIETOJA<\/h5>\n<ol start=\"5\">\n<li>Pyrimme varmistamaan, ett\u00e4 ker\u00e4\u00e4m\u00e4mme tiedot ovat t\u00e4ydellisi\u00e4, tarkkoja ja saatavilla eik\u00e4 niihin ole luvatonta p\u00e4\u00e4sy\u00e4.\n<p>Voimme ker\u00e4t\u00e4 henkil\u00f6tietoja joko suoraan sinulta tai kolmansilta osapuolilta, esimerkiksi silloin kun:<\/p>\n<ol type=\"a\">\n<li>ota meihin yhteytt\u00e4 verkkosivujemme kautta;<\/li>\n<li>viesti\u00e4 kanssamme s\u00e4hk\u00f6postitse, puhelimitse, tekstiviestill\u00e4, sosiaalisissa sovelluksissa (kuten LinkedIn, Facebook tai Twitter) tai muulla tavoin;<\/li>\n<li>palkata meid\u00e4t suorittamaan sinulle palveluja;<\/li>\n<li>kun sin\u00e4 tai organisaatiosi tarjoutuu tarjoamaan tai tarjoaa meille palveluja;<\/li>\n<li>olla vuorovaikutuksessa verkkosivustomme, sosiaalisten sovellusten, palveluiden, sis\u00e4ll\u00f6n ja mainonnan kanssa; ja<\/li>\n<li>\n<blockquote>\n<p>sijoittaa liiketoimintaamme tai tiedustella mahdollista ostoa liiketoiminnastamme.<\/p>\n<\/blockquote>\n<\/li>\n<\/ol>\n<p>Saatamme my\u00f6s ker\u00e4t\u00e4 henkil\u00f6tietoja sinusta, kun k\u00e4yt\u00e4t verkkosivustoamme tai sosiaalisen median sivujamme tai kun k\u00e4yt\u00e4t niit\u00e4. T\u00e4m\u00e4 voi tapahtua k\u00e4ytt\u00e4m\u00e4ll\u00e4 web-analyysity\u00f6kaluja, \"ev\u00e4steit\u00e4\" tai muita vastaavia seurantatekniikoita, joiden avulla voimme seurata ja analysoida verkkosivuston k\u00e4ytt\u00f6\u00e4si. Lis\u00e4tietoja saat ev\u00e4stek\u00e4yt\u00e4nn\u00f6st\u00e4mme.<\/p>\n<\/li>\n<\/ol><div><br><\/div>\n<h5>HENKIL\u00d6TIETOJESI K\u00c4YTT\u00d6<\/h5>\n<ol start=\"8\">\n<li>Ker\u00e4\u00e4mme ja k\u00e4yt\u00e4mme henkil\u00f6tietoja seuraaviin tarkoituksiin:<br><\/li><ol type=\"a\">\n<li>palvelujen tai tietojen tarjoaminen sinulle;<\/li>\n<li>tietojen s\u00e4ilytt\u00e4mist\u00e4 ja hallinnollisia tarkoituksia varten;<\/li>\n<li>lakis\u00e4\u00e4teisten velvoitteidemme noudattaminen, riitojen ratkaiseminen tai kolmansien osapuolten kanssa tekemiemme sopimusten t\u00e4yt\u00e4nt\u00f6\u00f6npano;<\/li>\n<li>jos meill\u00e4 on suostumuksesi, mukaan lukien markkinointi- ja mainosviestien ja muiden sinua mahdollisesti kiinnostavien tietojen l\u00e4hett\u00e4minen sinulle. T\u00e4ss\u00e4 yhteydess\u00e4 voimme k\u00e4ytt\u00e4\u00e4 s\u00e4hk\u00f6postia, tekstiviestej\u00e4, sosiaalista mediaa tai postia l\u00e4hett\u00e4\u00e4ksemme sinulle suoramarkkinointiviestint\u00e4\u00e4. Voit kielt\u00e4yty\u00e4 vastaanottamasta markkinointimateriaalia meilt\u00e4 k\u00e4ytt\u00e4m\u00e4ll\u00e4 tarjottua kielt\u00e4ytymisvaihtoehtoa (esim. tilauksen peruutuslinkki\u00e4);<\/li>\n<li>oikeutettujen etujemme vuoksi, mukaan lukien:<br><\/li><ol type=\"i\">\n<li>markkinointitoimien kehitt\u00e4minen ja toteuttaminen sek\u00e4 markkinatutkimusten ja -analyysien tekeminen ja tilastojen laatiminen;<\/li>\n<li>parantaaksemme ja optimoidaksemme palvelutarjontaamme ja asiakaskokemustamme;<\/li>\n<li>l\u00e4hett\u00e4\u00e4 sinulle hallinnollisia viestej\u00e4, muistutuksia, ilmoituksia, p\u00e4ivityksi\u00e4 ja muita pyyt\u00e4mi\u00e4si tietoja;<\/li>\n<li>harkita sinun ty\u00f6hakemustasi; ja<\/li>\n<li>palveluidemme toimittaminen.<\/li>\n<\/ol>\n\n<\/ol>\n\n<\/ol><div><br><\/div>\n<h5>TIETOJEN JAKAMINEN<\/h5>\n<ol start=\"9\">\n<li>Voimme jakaa henkil\u00f6tietojasi tietyiss\u00e4 tilanteissa seuraavasti:<br><\/li><ol type=\"a\">\n<li>jos liiketoimintamme m\u00e4\u00e4r\u00e4ysvalta vaihtuu tai jos liiketoimintaomaisuutta myyd\u00e4\u00e4n tai siirret\u00e4\u00e4n, pid\u00e4t\u00e4mme oikeuden siirt\u00e4\u00e4 k\u00e4ytt\u00e4j\u00e4tietokantojamme ja niihin sis\u00e4ltyvi\u00e4 henkil\u00f6tietoja ja muita kuin henkil\u00f6tietoja lain sallimissa rajoissa. N\u00e4m\u00e4 tiedot voidaan luovuttaa mahdolliselle ostajalle luottamuksellisuutta koskevan sopimuksen mukaisesti. Pyrimme luovuttamaan tietoja vain vilpitt\u00f6m\u00e4ss\u00e4 mieless\u00e4 ja jos jokin edell\u00e4 mainituista olosuhteista sit\u00e4 vaatii;<\/li>\n<li>luottotarkastuslaitokset luotonvalvontasyist\u00e4;<\/li>\n<li>lain tai asetuksen edellytt\u00e4m\u00e4t tietojen luovutukset; ja<\/li>\n<li>palveluntarjoajat ja muut sidossuhteessa olevat kolmannet osapuolet, jotta voimme tarjota sinulle palveluitamme, mukaan lukien muut ammatilliset neuvonantajat, kuten kirjanpit\u00e4j\u00e4t, katastrofivalmiuspalvelujen tarjoajat tai tilintarkastajat ja\/tai ulkomaiset asianajajat.<\/li>\n<\/ol>\n\n<\/ol><div><br><\/div>\n<h5>TURVALLISUUS<\/h5>\n<ol start=\"10\">\n<li>Ryhdymme kohtuullisiin toimiin varmistaaksemme, ett\u00e4 henkil\u00f6tietosi ovat turvassa ja suojattu v\u00e4\u00e4rink\u00e4yt\u00f6lt\u00e4 tai luvattomalta k\u00e4yt\u00f6lt\u00e4. Tietotekniset j\u00e4rjestelm\u00e4mme on suojattu salasanalla, ja k\u00e4yt\u00e4mme erilaisia hallinnollisia ja teknisi\u00e4 toimenpiteit\u00e4 n\u00e4iden j\u00e4rjestelmien suojaamiseksi. Emme kuitenkaan voi taata henkil\u00f6tietojesi turvallisuutta.<\/li>\n<\/ol><div><br><\/div>\n<h5>LINKIT<\/h5>\n<ol start=\"11\">\n<li>Verkkosivustomme voi sis\u00e4lt\u00e4\u00e4 linkkej\u00e4 muille verkkosivustoille. N\u00e4m\u00e4 linkit tarjotaan mukavuussyist\u00e4, eiv\u00e4tk\u00e4 ne v\u00e4ltt\u00e4m\u00e4tt\u00e4 pysy ajan tasalla tai niit\u00e4 ei yll\u00e4pidet\u00e4. Emme ole vastuussa n\u00e4iden linkitettyjen verkkosivustojen tietosuojak\u00e4yt\u00e4nn\u00f6ist\u00e4, ja suosittelemme, ett\u00e4 tutustut kyseisten verkkosivustojen tietosuojak\u00e4yt\u00e4nt\u00f6ihin ennen niiden k\u00e4ytt\u00f6\u00e4.<\/li>\n<\/ol><div><br><\/div>\n<h5>SINUN OIKEUTESI<\/h5>\n<ol start=\"12\">\n<li>Sinulla on useita oikeuksia henkil\u00f6tietojesi k\u00e4ytt\u00f6\u00f6n liittyen:<br><ol type=\"a\">\n<li><strong>P\u00e4\u00e4sy<\/strong>: Sinulla on oikeus saada p\u00e4\u00e4sy tietoihin (jos k\u00e4sittelemme niit\u00e4) ja tiettyihin muihin tietoihin (samankaltaisiin kuin t\u00e4ss\u00e4 tietosuojailmoituksessa). T\u00e4m\u00e4 on tarpeen, jotta olet tietoinen ja voit tarkistaa, ett\u00e4 k\u00e4yt\u00e4mme tietojasi tietosuojalains\u00e4\u00e4d\u00e4nn\u00f6n mukaisesti.<\/li>\n<li><strong>Ole tietoinen<\/strong>: Sinulla on oikeus saada selke\u00e4\u00e4, l\u00e4pin\u00e4kyv\u00e4\u00e4 ja helposti ymm\u00e4rrett\u00e4v\u00e4\u00e4 tietoa siit\u00e4, miten k\u00e4yt\u00e4mme tietojasi ja oikeuksiasi. Siksi annamme sinulle t\u00e4ss\u00e4 tietosuojak\u00e4yt\u00e4nn\u00f6ss\u00e4 olevat tiedot.<\/li>\n<li><strong>Oikaisu<\/strong>: Pyrimme pit\u00e4m\u00e4\u00e4n henkil\u00f6tietosi t\u00e4sm\u00e4llisin\u00e4, ajantasaisina ja t\u00e4ydellisin\u00e4. Kehotamme sinua ottamaan yhteytt\u00e4 meihin yhteydenottolomakkeella ja ilmoittamaan meille, jos jokin henkil\u00f6tietosi ei ole tarkka tai jos se muuttuu, jotta voimme pit\u00e4\u00e4 henkil\u00f6tietosi ajan tasalla.<\/li>\n<li><strong>Vastalause<\/strong>: Sinulla on my\u00f6s oikeus vastustaa henkil\u00f6tietojesi k\u00e4sittely\u00e4 tietyiss\u00e4 olosuhteissa, mukaan lukien k\u00e4sittely suoramarkkinointia varten.<\/li>\n<li><strong>Rajoittaminen<\/strong>: Sinulla on oikeus est\u00e4\u00e4 tai est\u00e4\u00e4 tietojesi my\u00f6hempi k\u00e4ytt\u00f6. Kun k\u00e4sittely\u00e4 on rajoitettu, voimme edelleen s\u00e4ilytt\u00e4\u00e4 tietosi, mutta emme saa k\u00e4ytt\u00e4\u00e4 niit\u00e4 en\u00e4\u00e4.<\/li>\n<li><strong>Erasure<\/strong>: Sinulla on oikeus pyyt\u00e4\u00e4 meit\u00e4 poistamaan henkil\u00f6tietosi, kun henkil\u00f6tietojasi ei en\u00e4\u00e4 tarvita niihin tarkoituksiin, joita varten ne on ker\u00e4tty, tai kun henkil\u00f6tietojasi on muun muassa k\u00e4sitelty lainvastaisesti.<\/li>\n<li><strong>Siirrett\u00e4vyys<\/strong>: Sinulla on oikeus pyyt\u00e4\u00e4, ett\u00e4 osa henkil\u00f6tiedoistasi toimitetaan sinulle tai toiselle rekisterinpit\u00e4j\u00e4lle yleisesti k\u00e4ytetyss\u00e4, koneellisesti luettavassa muodossa.<\/li>\n<li><strong>Valitukset<\/strong>: Jos uskot, ett\u00e4 tietosuojaoikeuksiasi on rikottu, sinulla on oikeus tehd\u00e4 valitus toimivaltaiselle valvontaviranomaiselle. Yhdistyneess\u00e4 kuningaskunnassa valvontaviranomainen on Information Commissioner's Office.<\/li>\n<li><strong>Peruuta suostumus<\/strong>: Jos olet antanut suostumuksesi kaikkeen, mit\u00e4 teemme henkil\u00f6tietojesi kanssa, sinulla on oikeus peruuttaa suostumuksesi milloin tahansa. T\u00e4m\u00e4 koskee my\u00f6s oikeutta peruuttaa suostumuksesi siihen, ett\u00e4 k\u00e4yt\u00e4mme henkil\u00f6tietojasi markkinointitarkoituksiin.<\/li>\n<\/ol>\n<p>Voit milloin tahansa k\u00e4ytt\u00e4\u00e4 mit\u00e4 tahansa edell\u00e4 mainittuja oikeuksia ottamalla yhteytt\u00e4 alla olevaan s\u00e4hk\u00f6postiosoitteeseemme.<\/p>\n<\/li>\n<\/ol><div><br><\/div>\n<h5>KUINKA KAUAN S\u00c4ILYT\u00c4MME TIETOJA<\/h5>\n<ol start=\"14\">\n<li>S\u00e4ilyt\u00e4mme henkil\u00f6tietojasi vain niin kauan kuin on tarpeen niiden tarkoitusten t\u00e4ytt\u00e4miseksi, joita varten olemme ne ker\u00e4nneet, mukaan lukien oikeudellisten, kirjanpito- tai raportointivaatimusten t\u00e4ytt\u00e4minen. H\u00e4vit\u00e4mme henkil\u00f6tietosi turvallisesti sovellettavien lakien ja asetusten mukaisesti.\n<p>Jos haluat lis\u00e4tietoja henkil\u00f6tietojesi erityisist\u00e4 s\u00e4ilytysajoista, ota meihin yhteytt\u00e4 alla olevaan s\u00e4hk\u00f6postiosoitteeseemme.<\/p>\n<\/li>\n<\/ol><div><br><\/div>\n<h5>SIIRROT EUROOPAN TALOUSALUEEN (\"EEA\") ULKOPUOLELLE<\/h5>\n<ol start=\"16\">\n<li>Palvelujemme tarjoamiseksi saatamme siirt\u00e4\u00e4 ker\u00e4\u00e4mi\u00e4mme henkil\u00f6tietoja Ison-Britannian tai ETA:n ulkopuolisiin maihin, jotka eiv\u00e4t tarjoa samaa tietosuojan tasoa kuin asuinmaasi ja joiden Euroopan komissio ei ole tunnustanut tarjoavan riitt\u00e4v\u00e4\u00e4 tietosuojan tasoa.\n<p>Kun teemme n\u00e4in, varmistamme, ett\u00e4 tietoja suojataan samassa m\u00e4\u00e4rin kuin ETA:ssa ja Yhdistyneess\u00e4 kuningaskunnassa, sill\u00e4 otamme k\u00e4ytt\u00f6\u00f6n asianmukaiset suojatoimet henkil\u00f6tietojesi suojaamiseksi, joihin voi sis\u00e4lty\u00e4 vakiosopimuslausekkeita.<\/p>\n<p>Jos haluat lis\u00e4tietoja, ota meihin yhteytt\u00e4 alla olevaan s\u00e4hk\u00f6postiosoitteeseemme.<\/p>\n<\/li>\n<\/ol><div><br><\/div>\n<h5>OTA YHTEYTT\u00c4<\/h5>\n<ol start=\"19\">\n<li>Jos haluat lis\u00e4tietoja tietosuojak\u00e4yt\u00e4nn\u00f6ist\u00e4mme tai -k\u00e4yt\u00e4nn\u00f6ist\u00e4mme tai jos haluat tutustua henkil\u00f6tietoihisi tai korjata niit\u00e4 tai tehd\u00e4 valituksen, ota meihin yhteytt\u00e4 alla olevilla yhteystiedoilla:\n<p><strong>S\u00e4hk\u00f6posti<\/strong>: grant.davies@eclicks.com.au<\/p>\n<p>Voimme muuttaa t\u00e4t\u00e4 tietosuojak\u00e4yt\u00e4nt\u00f6\u00e4 aika ajoin julkaisemalla p\u00e4ivitetyn version verkkosivustollamme, ja kehotamme sinua tarkistamaan verkkosivustomme s\u00e4\u00e4nn\u00f6llisesti varmistaaksesi, ett\u00e4 olet tietoinen ajantasaisimmasta tietosuojak\u00e4yt\u00e4nn\u00f6st\u00e4mme. Jos teemme merkitt\u00e4vi\u00e4 muutoksia, pyrimme ilmoittamaan niist\u00e4 sinulle s\u00e4hk\u00f6postitse.<\/p>\n<\/li>\n<\/ol>\n<\/div>\n<\/div>\n<\/div>\n<\/div>\n<\/div>\n<\/div>\n<p><\/p><\/main><p><\/p>\t\t\t\t\t\t\t\t<\/div>\n\t\t\t\t<\/div>\n\t\t\t\t\t<\/div>\n\t\t\t\t<\/div>\n\t\t\t\t<\/div>","protected":false},"excerpt":{"rendered":"<p>INTRODUCTION This document sets out the privacy policy of Verbalate Pty Ltd ACN 667 685 216 (referred to in this privacy policy as \u2018we\u2019, \u2018us\u2019, or \u2018our\u2019). For the purposes of applicable data protection law, (in particular, the General Data Protection Regulation (EU) 2016\/679 (the \u201cGDPR\u201d) and the UK Data Protection Act 2018), your data [&hellip;]<\/p>\n","protected":false},"author":2,"featured_media":0,"parent":0,"menu_order":0,"comment_status":"closed","ping_status":"closed","template":"","meta":{"_acf_changed":false,"footnotes":""},"class_list":["post-3935","page","type-page","status-publish","hentry"],"acf":[],"yoast_head":"<!-- This site is optimized with the Yoast SEO Premium plugin v25.6 (Yoast SEO v27.4) - https:\/\/yoast.com\/product\/yoast-seo-premium-wordpress\/ -->\n<title>PRIVACY POLICY - Verbalate\u2122<\/title>\n<meta name=\"robots\" content=\"index, follow, max-snippet:-1, max-image-preview:large, max-video-preview:-1\" \/>\n<link rel=\"canonical\" href=\"https:\/\/verbalate.ai\/fi\/tietosuojakaytanto\/\" \/>\n<meta property=\"og:locale\" content=\"fi_FI\" \/>\n<meta property=\"og:type\" content=\"article\" \/>\n<meta property=\"og:title\" content=\"PRIVACY POLICY\" \/>\n<meta property=\"og:description\" content=\"INTRODUCTION This document sets out the privacy policy of Verbalate Pty Ltd ACN 667 685 216 (referred to in this privacy policy as \u2018we\u2019, \u2018us\u2019, or \u2018our\u2019). For the purposes of applicable data protection law, (in particular, the General Data Protection Regulation (EU) 2016\/679 (the \u201cGDPR\u201d) and the UK Data Protection Act 2018), your data [&hellip;]\" \/>\n<meta property=\"og:url\" content=\"https:\/\/verbalate.ai\/fi\/tietosuojakaytanto\/\" \/>\n<meta property=\"og:site_name\" content=\"Verbalate\u2122\" \/>\n<meta property=\"article:publisher\" content=\"https:\/\/www.facebook.com\/verbalateai\" \/>\n<meta property=\"article:modified_time\" content=\"2024-07-02T18:42:30+00:00\" \/>\n<meta property=\"og:image\" content=\"https:\/\/verbalate.ai\/wp-content\/uploads\/2024\/05\/verbalate-og.png\" \/>\n\t<meta property=\"og:image:width\" content=\"1200\" \/>\n\t<meta property=\"og:image:height\" content=\"675\" \/>\n\t<meta property=\"og:image:type\" content=\"image\/png\" \/>\n<meta name=\"twitter:card\" content=\"summary_large_image\" \/>\n<meta name=\"twitter:site\" content=\"@verbalateai\" \/>\n<meta name=\"twitter:label1\" content=\"Arvioitu lukuaika\" \/>\n\t<meta name=\"twitter:data1\" content=\"14 minuuttia\" \/>\n<script type=\"application\/ld+json\" class=\"yoast-schema-graph\">{\"@context\":\"https:\\\/\\\/schema.org\",\"@graph\":[{\"@type\":\"WebPage\",\"@id\":\"https:\\\/\\\/verbalate.ai\\\/privacy-policy\\\/\",\"url\":\"https:\\\/\\\/verbalate.ai\\\/privacy-policy\\\/\",\"name\":\"PRIVACY POLICY - Verbalate\u2122\",\"isPartOf\":{\"@id\":\"https:\\\/\\\/verbalate.ai\\\/#website\"},\"datePublished\":\"2024-07-02T18:39:56+00:00\",\"dateModified\":\"2024-07-02T18:42:30+00:00\",\"breadcrumb\":{\"@id\":\"https:\\\/\\\/verbalate.ai\\\/privacy-policy\\\/#breadcrumb\"},\"inLanguage\":\"fi\",\"potentialAction\":[{\"@type\":\"ReadAction\",\"target\":[\"https:\\\/\\\/verbalate.ai\\\/privacy-policy\\\/\"]}]},{\"@type\":\"BreadcrumbList\",\"@id\":\"https:\\\/\\\/verbalate.ai\\\/privacy-policy\\\/#breadcrumb\",\"itemListElement\":[{\"@type\":\"ListItem\",\"position\":1,\"name\":\"Home\",\"item\":\"https:\\\/\\\/verbalate.ai\\\/\"},{\"@type\":\"ListItem\",\"position\":2,\"name\":\"PRIVACY POLICY\"}]},{\"@type\":\"WebSite\",\"@id\":\"https:\\\/\\\/verbalate.ai\\\/#website\",\"url\":\"https:\\\/\\\/verbalate.ai\\\/\",\"name\":\"Verbalate\",\"description\":\"Video Translation &amp; Dubbing Platform.\",\"publisher\":{\"@id\":\"https:\\\/\\\/verbalate.ai\\\/#organization\"},\"potentialAction\":[{\"@type\":\"SearchAction\",\"target\":{\"@type\":\"EntryPoint\",\"urlTemplate\":\"https:\\\/\\\/verbalate.ai\\\/?s={search_term_string}\"},\"query-input\":{\"@type\":\"PropertyValueSpecification\",\"valueRequired\":true,\"valueName\":\"search_term_string\"}}],\"inLanguage\":\"fi\"},{\"@type\":\"Organization\",\"@id\":\"https:\\\/\\\/verbalate.ai\\\/#organization\",\"name\":\"Verbalate\",\"url\":\"https:\\\/\\\/verbalate.ai\\\/\",\"logo\":{\"@type\":\"ImageObject\",\"inLanguage\":\"fi\",\"@id\":\"https:\\\/\\\/verbalate.ai\\\/#\\\/schema\\\/logo\\\/image\\\/\",\"url\":\"https:\\\/\\\/verbalate.ai\\\/wp-content\\\/uploads\\\/2024\\\/05\\\/Link-\u2192-verbalate-translation-software-logo.svg.svg\",\"contentUrl\":\"https:\\\/\\\/verbalate.ai\\\/wp-content\\\/uploads\\\/2024\\\/05\\\/Link-\u2192-verbalate-translation-software-logo.svg.svg\",\"caption\":\"Verbalate\"},\"image\":{\"@id\":\"https:\\\/\\\/verbalate.ai\\\/#\\\/schema\\\/logo\\\/image\\\/\"},\"sameAs\":[\"https:\\\/\\\/www.facebook.com\\\/verbalateai\",\"https:\\\/\\\/x.com\\\/verbalateai\",\"https:\\\/\\\/www.youtube.com\\\/@verbalateai\",\"https:\\\/\\\/www.linkedin.com\\\/company\\\/verbalate-ai\",\"https:\\\/\\\/www.instagram.com\\\/verbalateai\\\/\"]}]}<\/script>\n<!-- \/ Yoast SEO Premium plugin. -->","yoast_head_json":{"title":"TIETOSUOJAPOLITIIKKA - Verbalate\u2122","robots":{"index":"index","follow":"follow","max-snippet":"max-snippet:-1","max-image-preview":"max-image-preview:large","max-video-preview":"max-video-preview:-1"},"canonical":"https:\/\/verbalate.ai\/fi\/tietosuojakaytanto\/","og_locale":"fi_FI","og_type":"article","og_title":"PRIVACY POLICY","og_description":"INTRODUCTION This document sets out the privacy policy of Verbalate Pty Ltd ACN 667 685 216 (referred to in this privacy policy as \u2018we\u2019, \u2018us\u2019, or \u2018our\u2019). For the purposes of applicable data protection law, (in particular, the General Data Protection Regulation (EU) 2016\/679 (the \u201cGDPR\u201d) and the UK Data Protection Act 2018), your data [&hellip;]","og_url":"https:\/\/verbalate.ai\/fi\/tietosuojakaytanto\/","og_site_name":"Verbalate\u2122","article_publisher":"https:\/\/www.facebook.com\/verbalateai","article_modified_time":"2024-07-02T18:42:30+00:00","og_image":[{"width":1200,"height":675,"url":"https:\/\/verbalate.ai\/wp-content\/uploads\/2024\/05\/verbalate-og.png","type":"image\/png"}],"twitter_card":"summary_large_image","twitter_site":"@verbalateai","twitter_misc":{"Arvioitu lukuaika":"14 minuuttia"},"schema":{"@context":"https:\/\/schema.org","@graph":[{"@type":"WebPage","@id":"https:\/\/verbalate.ai\/privacy-policy\/","url":"https:\/\/verbalate.ai\/privacy-policy\/","name":"TIETOSUOJAPOLITIIKKA - Verbalate\u2122","isPartOf":{"@id":"https:\/\/verbalate.ai\/#website"},"datePublished":"2024-07-02T18:39:56+00:00","dateModified":"2024-07-02T18:42:30+00:00","breadcrumb":{"@id":"https:\/\/verbalate.ai\/privacy-policy\/#breadcrumb"},"inLanguage":"fi","potentialAction":[{"@type":"ReadAction","target":["https:\/\/verbalate.ai\/privacy-policy\/"]}]},{"@type":"BreadcrumbList","@id":"https:\/\/verbalate.ai\/privacy-policy\/#breadcrumb","itemListElement":[{"@type":"ListItem","position":1,"name":"Home","item":"https:\/\/verbalate.ai\/"},{"@type":"ListItem","position":2,"name":"PRIVACY POLICY"}]},{"@type":"WebSite","@id":"https:\/\/verbalate.ai\/#website","url":"https:\/\/verbalate.ai\/","name":"Sanallista","description":"Videon k\u00e4\u00e4nn\u00f6s- ja j\u00e4lki\u00e4\u00e4nitysalusta.","publisher":{"@id":"https:\/\/verbalate.ai\/#organization"},"potentialAction":[{"@type":"SearchAction","target":{"@type":"EntryPoint","urlTemplate":"https:\/\/verbalate.ai\/?s={search_term_string}"},"query-input":{"@type":"PropertyValueSpecification","valueRequired":true,"valueName":"search_term_string"}}],"inLanguage":"fi"},{"@type":"Organization","@id":"https:\/\/verbalate.ai\/#organization","name":"Sanallista","url":"https:\/\/verbalate.ai\/","logo":{"@type":"ImageObject","inLanguage":"fi","@id":"https:\/\/verbalate.ai\/#\/schema\/logo\/image\/","url":"https:\/\/verbalate.ai\/wp-content\/uploads\/2024\/05\/Link-\u2192-verbalate-translation-software-logo.svg.svg","contentUrl":"https:\/\/verbalate.ai\/wp-content\/uploads\/2024\/05\/Link-\u2192-verbalate-translation-software-logo.svg.svg","caption":"Verbalate"},"image":{"@id":"https:\/\/verbalate.ai\/#\/schema\/logo\/image\/"},"sameAs":["https:\/\/www.facebook.com\/verbalateai","https:\/\/x.com\/verbalateai","https:\/\/www.youtube.com\/@verbalateai","https:\/\/www.linkedin.com\/company\/verbalate-ai","https:\/\/www.instagram.com\/verbalateai\/"]}]}},"jetpack_sharing_enabled":true,"_links":{"self":[{"href":"https:\/\/verbalate.ai\/fi\/wp-json\/wp\/v2\/pages\/3935","targetHints":{"allow":["GET"]}}],"collection":[{"href":"https:\/\/verbalate.ai\/fi\/wp-json\/wp\/v2\/pages"}],"about":[{"href":"https:\/\/verbalate.ai\/fi\/wp-json\/wp\/v2\/types\/page"}],"author":[{"embeddable":true,"href":"https:\/\/verbalate.ai\/fi\/wp-json\/wp\/v2\/users\/2"}],"replies":[{"embeddable":true,"href":"https:\/\/verbalate.ai\/fi\/wp-json\/wp\/v2\/comments?post=3935"}],"version-history":[{"count":0,"href":"https:\/\/verbalate.ai\/fi\/wp-json\/wp\/v2\/pages\/3935\/revisions"}],"wp:attachment":[{"href":"https:\/\/verbalate.ai\/fi\/wp-json\/wp\/v2\/media?parent=3935"}],"curies":[{"name":"wp","href":"https:\/\/api.w.org\/{rel}","templated":true}]}}