{"id":3935,"date":"2024-07-02T18:39:56","date_gmt":"2024-07-02T18:39:56","guid":{"rendered":"https:\/\/verbalate.ai\/?page_id=3935"},"modified":"2024-07-02T18:42:30","modified_gmt":"2024-07-02T18:42:30","slug":"privaatsuspoliitika","status":"publish","type":"page","link":"https:\/\/verbalate.ai\/et\/privacy-policy\/","title":{"rendered":"PRIVAATSUSE POLIITIKA"},"content":{"rendered":"<div data-elementor-type=\"wp-page\" data-elementor-id=\"3935\" class=\"elementor elementor-3935\" data-elementor-post-type=\"page\">\n\t\t\t\t<div class=\"elementor-element elementor-element-b5fbd69 pad-tb-huge e-flex e-con-boxed e-con e-parent\" data-id=\"b5fbd69\" data-element_type=\"container\" data-e-type=\"container\">\n\t\t\t\t\t<div class=\"e-con-inner\">\n\t\t\t\t<div class=\"elementor-element elementor-element-0e6bd5f elementor-widget elementor-widget-text-editor\" data-id=\"0e6bd5f\" data-element_type=\"widget\" data-e-type=\"widget\" data-widget_type=\"text-editor.default\">\n\t\t\t\t<div class=\"elementor-widget-container\">\n\t\t\t\t\t\t\t\t\t<p><\/p><main id=\"content\" class=\"site-main post-327 page type-page status-publish hentry\"><p><\/p>\n<div class=\"page-content\">\n<div class=\"elementor elementor-327\" data-elementor-type=\"wp-page\" data-elementor-id=\"327\" data-elementor-post-type=\"page\">\n<div class=\"elementor-element elementor-element-4f64f00 e-flex e-con-boxed e-con e-parent\" data-id=\"4f64f00\" data-element_type=\"container\" data-core-v316-plus=\"true\">\n<div class=\"e-con-inner\">\n<div class=\"elementor-element elementor-element-bdb5181 elementor-widget elementor-widget-text-editor\" data-id=\"bdb5181\" data-element_type=\"widget\" data-widget_type=\"text-editor.default\">\n<div class=\"elementor-widget-container\">\n<h5>SISSEJUHATUS<\/h5>\n<ol>\n<li>K\u00e4esolevas dokumendis on s\u00e4testatud Verbalate Pty Ltd ACN 667 685 216 (k\u00e4esolevas privaatsuspoliitikas viidatud kui \"meie\", \"meid\" v\u00f5i \"meie\") privaatsuspoliitika. Kohaldatava andmekaitse\u00f5iguse (eelk\u00f5ige isikuandmete kaitse \u00fcldm\u00e4\u00e4ruse (EL) 2016\/679 (edaspidi \"isikuandmete kaitse \u00fcldm\u00e4\u00e4rus\") kohaldamisel.<strong>GDPR<\/strong>\") ja \u00dchendkuningriigi 2018. aasta andmekaitseseaduse alusel), kontrollime teie andmeid meie.<\/li>\n<li>K\u00e4esolevat privaatsuspoliitikat kohaldatakse alati, kui me kogume teie isikuandmeid ja\/v\u00f5i isikuandmeid (teie&nbsp;<strong>isikuandmed<\/strong>). See h\u00f5lmab teie, selle veebisaidi k\u00fclastaja (kas otse meie kliendina v\u00f5i meie kliendi t\u00f6\u00f6tajana) ja meie, selle veebisaidi omaniku ja teenusepakkuja vahelist suhet, samuti juhul, kui kolmas isik on meid suunanud teie isikuandmete t\u00f6\u00f6tlemiseks. K\u00e4esolevat privaatsuspoliitikat kohaldatakse k\u00f5igi meie poolt kogutud v\u00f5i teie poolt esitatud andmete kasutamise suhtes, mis on seotud veebisaidi kasutamisega ja meie teenuste osutamisega teile.<\/li>\n<li>Me v\u00f5tame oma privaatsuskohustusi t\u00f5siselt. Palun lugege k\u00e4esolevat privaatsuspoliitikat hoolikalt, sest see sisaldab olulist teavet selle kohta, kes me oleme ning kuidas ja miks me kogume, salvestame, kasutame ja jagame teie isikuandmeid seoses meie veebisaidi kasutamisega. Selles selgitatakse ka teie \u00f5igusi seoses teie isikuandmetega ja seda, kuidas v\u00f5tta meiega v\u00f5i asjaomase reguleeriva asutusega \u00fchendust, kui teil on kaebus.<\/li>\n<\/ol><div><br><\/div>\n<h5>KOGUTUD ISIKUANDMETE LIIGID<\/h5>\n<ol start=\"4\">\n<li>Meie kogutavad isikuandmed v\u00f5ivad sisaldada j\u00e4rgmisi andmeid:<br><\/li><ol type=\"a\">\n<li>nimi;<\/li>\n<li>posti- v\u00f5i t\u00e4nava-aadress;<\/li>\n<li>e-posti aadress;<\/li>\n<li>sotsiaalmeedia teave;<\/li>\n<li>telefoninumber ja muud kontaktandmed;<\/li>\n<li>vanus;<\/li>\n<li>s\u00fcnniaeg;<\/li>\n<li>krediitkaardi v\u00f5i muu makseandmed;<\/li>\n<li>teave teie ettev\u00f5tte v\u00f5i isikliku olukorra kohta;<\/li>\n<li>teave seoses mis tahes kliendiuuringute, k\u00fcsimustike ja kampaaniatega, milles te osalete;<\/li>\n<li>kui me kasutame anal\u00fc\u00fctilisi k\u00fcpsiseid, teie seadme identiteeti ja t\u00fc\u00fcpi, I.P. aadressi, geograafilise asukoha teavet, lehek\u00fclje vaatamise statistikat, reklaamiandmeid ja tavalist veebilogi teavet;<\/li>\n<li>teave kolmandate isikute kohta ja<\/li>\n<li>mis tahes muu teave, mille te meile selle veebisaidi kaudu, teile teenuste osutamise k\u00e4igus v\u00f5i muul viisil meie poolt n\u00f5utud v\u00f5i teie poolt esitatud teabe kohta.<\/li>\n<\/ol>\n\n<\/ol><div><br><\/div>\n<h5>KUIDAS ME KOGUME ISIKUANDMEID<\/h5>\n<ol start=\"5\">\n<li>Me p\u00fc\u00fcame tagada, et kogutud teave oleks t\u00e4ielik, t\u00e4pne, k\u00e4ttesaadav ja et sellele ei oleks loata juurdep\u00e4\u00e4s.\n<p>Me v\u00f5ime koguda isikuandmeid kas otse teilt v\u00f5i kolmandatelt isikutelt, sealhulgas juhul, kui te:<\/p>\n<ol type=\"a\">\n<li>v\u00f5tke meiega \u00fchendust meie kodulehel;<\/li>\n<li>suhelda meiega e-posti, telefoni, SMS-i, sotsiaalseid rakendusi (nagu LinkedIn, Facebook v\u00f5i Twitter) kasutades v\u00f5i muul viisil;<\/li>\n<li>palgata meid teile teenuste osutamiseks;<\/li>\n<li>kui teie v\u00f5i teie organisatsioon pakub meile teenuseid v\u00f5i osutab meile teenuseid;<\/li>\n<li>suhelda meie veebisaidi, sotsiaalsete rakenduste, teenuste, sisu ja reklaamiga ning<\/li>\n<li>\n<blockquote>\n<p>investeerida meie ettev\u00f5ttesse v\u00f5i k\u00fcsida meie ettev\u00f5tte v\u00f5imaliku ostu kohta.<\/p>\n<\/blockquote>\n<\/li>\n<\/ol>\n<p>Me v\u00f5ime koguda teie isikuandmeid ka siis, kui kasutate meie veebisaiti v\u00f5i sotsiaalmeedia lehek\u00fclgi v\u00f5i p\u00e4\u00e4sete neile juurde. See v\u00f5ib toimuda veebianal\u00fc\u00fcsi vahendite, \"k\u00fcpsiste\" v\u00f5i muude sarnaste j\u00e4lgimistehnoloogiate abil, mis v\u00f5imaldavad meil j\u00e4lgida ja anal\u00fc\u00fcsida teie veebilehe kasutamist. Lisateavet leiate meie k\u00fcpsiste poliitikast.<\/p>\n<\/li>\n<\/ol><div><br><\/div>\n<h5>TEIE ISIKUANDMETE KASUTAMINE<\/h5>\n<ol start=\"8\">\n<li>Me kogume ja kasutame isikuandmeid j\u00e4rgmistel eesm\u00e4rkidel:<br><\/li><ol type=\"a\">\n<li>et pakkuda teile teenuseid v\u00f5i teavet;<\/li>\n<li>arvestuse pidamiseks ja halduseesm\u00e4rkidel;<\/li>\n<li>meie juriidiliste kohustuste t\u00e4itmiseks, vaidluste lahendamiseks v\u00f5i meie ja kolmandate isikute vaheliste lepingute j\u00f5ustamiseks;<\/li>\n<li>kui meil on teie n\u00f5usolek, sealhulgas selleks, et saata teile turundus- ja reklaams\u00f5numeid ning muud teavet, mis v\u00f5ib teile huvi pakkuda. Sellega seoses v\u00f5ime kasutada e-posti, SMS-i, sotsiaalmeediat v\u00f5i posti, et saata teile otseturunduss\u00f5numeid. V\u00f5ite loobuda meilt turundusmaterjalide saamisest, kasutades selleks etten\u00e4htud loobumisv\u00f5imalust (nt t\u00fchistamislinki);<\/li>\n<li>meie \u00f5igustatud huvidest l\u00e4htuvalt, sealhulgas:<br><\/li><ol type=\"i\">\n<li>arendada ja viia l\u00e4bi turundustegevusi ning viia l\u00e4bi turu-uuringuid ja -anal\u00fc\u00fcse ning arendada statistikat;<\/li>\n<li>parandada ja optimeerida meie teenuste pakkumist ja kliendikogemust;<\/li>\n<li>saata teile halduss\u00f5numeid, meeldetuletusi, teateid, uuendusi ja muud teie poolt soovitud teavet;<\/li>\n<li>kaaluda teie t\u00f6\u00f6lev\u00f5tmise taotlust; ja<\/li>\n<li>meie teenuste osutamine.<\/li>\n<\/ol>\n\n<\/ol>\n\n<\/ol><div><br><\/div>\n<h5>OMA ANDMETE JAGAMINE<\/h5>\n<ol start=\"9\">\n<li>Teatud tingimustel v\u00f5ime jagada teie isikuandmeid j\u00e4rgmiselt:<br><\/li><ol type=\"a\">\n<li>kui meie \u00e4ritegevuses toimub kontrollivahetus v\u00f5i \u00e4rivara m\u00fc\u00fck v\u00f5i \u00fcleandmine, j\u00e4tame endale \u00f5iguse seadusega lubatud ulatuses edastada meie kasutajate andmebaasid koos nendes andmebaasides sisalduvate isikuandmete ja mitte-isikuliste andmetega. Need andmed v\u00f5idakse avaldada potentsiaalsele ostjale konfidentsiaalsuse s\u00e4ilitamise lepingu alusel. Me p\u00fc\u00fcame avaldada teavet ainult heas usus ja juhul, kui seda n\u00f5uavad eespool nimetatud asjaolud;<\/li>\n<li>krediidikontrolli eesm\u00e4rgil krediidikontrolliasutused;<\/li>\n<li>seadusest v\u00f5i m\u00e4\u00e4rusest tulenev avalikustamine; ja<\/li>\n<li>teenusepakkujad ja muud seotud kolmandad isikud, et v\u00f5imaldada meil pakkuda teile meie teenuseid, sealhulgas muud professionaalsed n\u00f5ustajad, nagu raamatupidajad, katastroofide taastamise teenusepakkujad v\u00f5i audiitorid ja\/v\u00f5i v\u00e4lismaised n\u00f5ustajad.<\/li>\n<\/ol>\n\n<\/ol><div><br><\/div>\n<h5>TURVALISUS<\/h5>\n<ol start=\"10\">\n<li>V\u00f5tame m\u00f5istlikke meetmeid, et tagada teie isikuandmete turvalisus ja kaitse v\u00e4\u00e4rkasutuse v\u00f5i volitamata juurdep\u00e4\u00e4su eest. Meie infotehnoloogias\u00fcsteemid on kaitstud parooliga ning me kasutame nende s\u00fcsteemide kaitsmiseks mitmesuguseid haldus- ja tehnilisi meetmeid. Siiski ei saa me teie isikuandmete turvalisust tagada.<\/li>\n<\/ol><div><br><\/div>\n<h5>LINKS<\/h5>\n<ol start=\"11\">\n<li>Meie veebisait v\u00f5ib sisaldada linke teistele veebisaitidele. Need lingid on esitatud mugavuse huvides ja need ei pruugi olla ajakohased v\u00f5i neid ei pruugita s\u00e4ilitada. Me ei vastuta nende lingitud veebisaitide privaatsustavade eest ja soovitame teil enne nende veebisaitide kasutamist nende privaatsuspoliitikaga tutvuda.<\/li>\n<\/ol><div><br><\/div>\n<h5>SINU \u00d5IGUSED<\/h5>\n<ol start=\"12\">\n<li>Teil on mitmeid \u00f5igusi seoses teie isikuandmete kasutamisega meie poolt:<br><ol type=\"a\">\n<li><strong>Juurdep\u00e4\u00e4s<\/strong>: Teil on \u00f5igus saada juurdep\u00e4\u00e4s oma andmetele (kui me t\u00f6\u00f6tleme neid) ja teatud muudele andmetele (mis on sarnased k\u00e4esolevas privaatsusteates esitatud andmetele). See on selleks, et te oleksite teadlik ja saaksite kontrollida, kas me kasutame teie andmeid koosk\u00f5las andmekaitseseadusega.<\/li>\n<li><strong>Olge informeeritud<\/strong>: Teil on \u00f5igus saada selget, l\u00e4bipaistvat ja kergesti m\u00f5istetavat teavet selle kohta, kuidas me teie andmeid kasutame ja millised on teie \u00f5igused. Seep\u00e4rast anname teile teavet k\u00e4esolevas privaatsuspoliitikas.<\/li>\n<li><strong>Korrigeerimine<\/strong>: Meie eesm\u00e4rk on hoida teie isikuandmed t\u00e4psed, ajakohased ja t\u00e4ielikud. Soovitame teil meiega \u00fchendust v\u00f5tta, kasutades meie kontaktvormi, et anda meile teada, kui m\u00f5ni teie isikuandmetest ei ole t\u00e4pne v\u00f5i kui need muutuvad, et me saaksime teie isikuandmeid ajakohastada.<\/li>\n<li><strong>Vastulause<\/strong>: Teil on ka \u00f5igus esitada vastuv\u00e4iteid oma isikuandmete t\u00f6\u00f6tlemisele teatud tingimustel, sealhulgas t\u00f6\u00f6tlemisele otseturunduse eesm\u00e4rgil.<\/li>\n<li><strong>Piirangud<\/strong>: Teil on \u00f5igus \"blokeerida\" v\u00f5i takistada oma andmete edasist kasutamist. Kui t\u00f6\u00f6tlemine on piiratud, v\u00f5ime teie andmeid endiselt s\u00e4ilitada, kuid ei tohi neid enam kasutada.<\/li>\n<li><strong>Erasure<\/strong>: Teil on \u00f5igus n\u00f5uda, et kustutaksime teie isikuandmed, kui need ei ole enam vajalikud eesm\u00e4rkidel, milleks neid koguti, v\u00f5i kui teie isikuandmeid on muu hulgas ebaseaduslikult t\u00f6\u00f6deldud.<\/li>\n<li><strong>Kaasaskantavus<\/strong>: Teil on \u00f5igus n\u00f5uda, et m\u00f5ned teie isikuandmed esitatakse teile v\u00f5i m\u00f5nele teisele vastutavale t\u00f6\u00f6tlejale \u00fcldkasutatavas, masinloetavas vormis.<\/li>\n<li><strong>Kaebused<\/strong>: Kui te arvate, et teie andmekaitse\u00f5igusi on rikutud, on teil \u00f5igus esitada kaebus kohaldatavale j\u00e4relevalveasutusele. \u00dchendkuningriigis on j\u00e4relevalveasutuseks teabevoliniku amet.<\/li>\n<li><strong>N\u00f5usoleku tagasiv\u00f5tmine<\/strong>: Kui olete andnud oma n\u00f5usoleku k\u00f5igeks, mida me teie isikuandmetega teeme, on teil \u00f5igus oma n\u00f5usolek igal ajal tagasi v\u00f5tta. See h\u00f5lmab teie \u00f5igust t\u00fchistada n\u00f5usolek, et me kasutame teie isikuandmeid turunduslikel eesm\u00e4rkidel.<\/li>\n<\/ol>\n<p>Te v\u00f5ite igal ajal kasutada mis tahes eespool nimetatud \u00f5igusi, v\u00f5ttes \u00fchendust meie allpool esitatud e-posti aadressiga.<\/p>\n<\/li>\n<\/ol><div><br><\/div>\n<h5>KUI KAUA ME ANDMEID S\u00c4ILITAME<\/h5>\n<ol start=\"14\">\n<li>Me s\u00e4ilitame teie isikuandmeid ainult nii kaua, kui see on vajalik nende eesm\u00e4rkide t\u00e4itmiseks, milleks me neid kogusime, sealhulgas \u00f5iguslike, raamatupidamis- v\u00f5i aruandlusn\u00f5uete t\u00e4itmiseks. Me h\u00e4vitame teie isikuandmed turvaliselt vastavalt kehtivatele seadustele ja m\u00e4\u00e4rustele.\n<p>Kui soovite lisateavet meie konkreetsete isikuandmete s\u00e4ilitamisperioodide kohta, v\u00f5tke meiega \u00fchendust, kasutades allpool toodud e-posti aadressi.<\/p>\n<\/li>\n<\/ol><div><br><\/div>\n<h5>\u00dcLEKANDED V\u00c4LJAPOOLE EUROOPA MAJANDUSPIIRKONDA (\"EEA\")<\/h5>\n<ol start=\"16\">\n<li>Oma teenuste osutamiseks v\u00f5ime edastada kogutud isikuandmeid v\u00e4ljaspool \u00dchendkuningriiki v\u00f5i EMPd asuvatesse riikidesse, mis ei paku samasugust andmekaitse taset nagu riik, kus te elate, ja mida Euroopa Komisjon ei ole tunnustanud piisava andmekaitse tasemega riigina.\n<p>Kui me seda teeme, siis tagame, et need on kaitstud samas ulatuses nagu EMPs ja \u00dchendkuningriigis, sest me kehtestame teie isikuandmete kaitsmiseks asjakohased kaitsemeetmed, mis v\u00f5ivad h\u00f5lmata standardseid lepinguklausleid.<\/p>\n<p>Lisateabe saamiseks v\u00f5tke meiega \u00fchendust allpool toodud e-posti aadressil.<\/p>\n<\/li>\n<\/ol><div><br><\/div>\n<h5>V\u00d5TA MEIEGA \u00dcHENDUST<\/h5>\n<ol start=\"19\">\n<li>Lisateabe saamiseks meie privaatsuspoliitika v\u00f5i -tavade kohta v\u00f5i oma isikuandmetele juurdep\u00e4\u00e4su v\u00f5i nende parandamise v\u00f5i kaebuse esitamiseks v\u00f5tke meiega \u00fchendust, kasutades allpool esitatud andmeid:\n<p><strong>E-post<\/strong>: grant.davies@eclicks.com.au<\/p>\n<p>Me v\u00f5ime seda privaatsuspoliitikat aeg-ajalt muuta, avaldades selle ajakohastatud versiooni meie veebisaidil, ning soovitame teil regulaarselt meie veebisaiti kontrollida, et olla teadlik meie k\u00f5ige ajakohasemast privaatsuspoliitikast. Kui me teeme olulisi muudatusi, p\u00fc\u00fcame teid sellest e-posti teel teavitada.<\/p>\n<\/li>\n<\/ol>\n<\/div>\n<\/div>\n<\/div>\n<\/div>\n<\/div>\n<\/div>\n<p><\/p><\/main><p><\/p>\t\t\t\t\t\t\t\t<\/div>\n\t\t\t\t<\/div>\n\t\t\t\t\t<\/div>\n\t\t\t\t<\/div>\n\t\t\t\t<\/div>","protected":false},"excerpt":{"rendered":"<p>INTRODUCTION This document sets out the privacy policy of Verbalate Pty Ltd ACN 667 685 216 (referred to in this privacy policy as \u2018we\u2019, \u2018us\u2019, or \u2018our\u2019). For the purposes of applicable data protection law, (in particular, the General Data Protection Regulation (EU) 2016\/679 (the \u201cGDPR\u201d) and the UK Data Protection Act 2018), your data [&hellip;]<\/p>\n","protected":false},"author":2,"featured_media":0,"parent":0,"menu_order":0,"comment_status":"closed","ping_status":"closed","template":"","meta":{"_acf_changed":false,"footnotes":""},"class_list":["post-3935","page","type-page","status-publish","hentry"],"acf":[],"yoast_head":"<!-- This site is optimized with the Yoast SEO Premium plugin v25.6 (Yoast SEO v27.4) - https:\/\/yoast.com\/product\/yoast-seo-premium-wordpress\/ -->\n<title>PRIVACY POLICY - Verbalate\u2122<\/title>\n<meta name=\"robots\" content=\"index, follow, max-snippet:-1, max-image-preview:large, max-video-preview:-1\" \/>\n<link rel=\"canonical\" href=\"https:\/\/verbalate.ai\/et\/privaatsuspoliitika\/\" \/>\n<meta property=\"og:locale\" content=\"et_EE\" \/>\n<meta property=\"og:type\" content=\"article\" \/>\n<meta property=\"og:title\" content=\"PRIVACY POLICY\" \/>\n<meta property=\"og:description\" content=\"INTRODUCTION This document sets out the privacy policy of Verbalate Pty Ltd ACN 667 685 216 (referred to in this privacy policy as \u2018we\u2019, \u2018us\u2019, or \u2018our\u2019). For the purposes of applicable data protection law, (in particular, the General Data Protection Regulation (EU) 2016\/679 (the \u201cGDPR\u201d) and the UK Data Protection Act 2018), your data [&hellip;]\" \/>\n<meta property=\"og:url\" content=\"https:\/\/verbalate.ai\/et\/privaatsuspoliitika\/\" \/>\n<meta property=\"og:site_name\" content=\"Verbalate\u2122\" \/>\n<meta property=\"article:publisher\" content=\"https:\/\/www.facebook.com\/verbalateai\" \/>\n<meta property=\"article:modified_time\" content=\"2024-07-02T18:42:30+00:00\" \/>\n<meta property=\"og:image\" content=\"https:\/\/verbalate.ai\/wp-content\/uploads\/2024\/05\/verbalate-og.png\" \/>\n\t<meta property=\"og:image:width\" content=\"1200\" \/>\n\t<meta property=\"og:image:height\" content=\"675\" \/>\n\t<meta property=\"og:image:type\" content=\"image\/png\" \/>\n<meta name=\"twitter:card\" content=\"summary_large_image\" \/>\n<meta name=\"twitter:site\" content=\"@verbalateai\" \/>\n<meta name=\"twitter:label1\" content=\"Est. reading time\" \/>\n\t<meta name=\"twitter:data1\" content=\"14 minutit\" \/>\n<script type=\"application\/ld+json\" class=\"yoast-schema-graph\">{\"@context\":\"https:\\\/\\\/schema.org\",\"@graph\":[{\"@type\":\"WebPage\",\"@id\":\"https:\\\/\\\/verbalate.ai\\\/privacy-policy\\\/\",\"url\":\"https:\\\/\\\/verbalate.ai\\\/privacy-policy\\\/\",\"name\":\"PRIVACY POLICY - Verbalate\u2122\",\"isPartOf\":{\"@id\":\"https:\\\/\\\/verbalate.ai\\\/#website\"},\"datePublished\":\"2024-07-02T18:39:56+00:00\",\"dateModified\":\"2024-07-02T18:42:30+00:00\",\"breadcrumb\":{\"@id\":\"https:\\\/\\\/verbalate.ai\\\/privacy-policy\\\/#breadcrumb\"},\"inLanguage\":\"et\",\"potentialAction\":[{\"@type\":\"ReadAction\",\"target\":[\"https:\\\/\\\/verbalate.ai\\\/privacy-policy\\\/\"]}]},{\"@type\":\"BreadcrumbList\",\"@id\":\"https:\\\/\\\/verbalate.ai\\\/privacy-policy\\\/#breadcrumb\",\"itemListElement\":[{\"@type\":\"ListItem\",\"position\":1,\"name\":\"Home\",\"item\":\"https:\\\/\\\/verbalate.ai\\\/\"},{\"@type\":\"ListItem\",\"position\":2,\"name\":\"PRIVACY POLICY\"}]},{\"@type\":\"WebSite\",\"@id\":\"https:\\\/\\\/verbalate.ai\\\/#website\",\"url\":\"https:\\\/\\\/verbalate.ai\\\/\",\"name\":\"Verbalate\",\"description\":\"Video Translation &amp; Dubbing Platform.\",\"publisher\":{\"@id\":\"https:\\\/\\\/verbalate.ai\\\/#organization\"},\"potentialAction\":[{\"@type\":\"SearchAction\",\"target\":{\"@type\":\"EntryPoint\",\"urlTemplate\":\"https:\\\/\\\/verbalate.ai\\\/?s={search_term_string}\"},\"query-input\":{\"@type\":\"PropertyValueSpecification\",\"valueRequired\":true,\"valueName\":\"search_term_string\"}}],\"inLanguage\":\"et\"},{\"@type\":\"Organization\",\"@id\":\"https:\\\/\\\/verbalate.ai\\\/#organization\",\"name\":\"Verbalate\",\"url\":\"https:\\\/\\\/verbalate.ai\\\/\",\"logo\":{\"@type\":\"ImageObject\",\"inLanguage\":\"et\",\"@id\":\"https:\\\/\\\/verbalate.ai\\\/#\\\/schema\\\/logo\\\/image\\\/\",\"url\":\"https:\\\/\\\/verbalate.ai\\\/wp-content\\\/uploads\\\/2024\\\/05\\\/Link-\u2192-verbalate-translation-software-logo.svg.svg\",\"contentUrl\":\"https:\\\/\\\/verbalate.ai\\\/wp-content\\\/uploads\\\/2024\\\/05\\\/Link-\u2192-verbalate-translation-software-logo.svg.svg\",\"caption\":\"Verbalate\"},\"image\":{\"@id\":\"https:\\\/\\\/verbalate.ai\\\/#\\\/schema\\\/logo\\\/image\\\/\"},\"sameAs\":[\"https:\\\/\\\/www.facebook.com\\\/verbalateai\",\"https:\\\/\\\/x.com\\\/verbalateai\",\"https:\\\/\\\/www.youtube.com\\\/@verbalateai\",\"https:\\\/\\\/www.linkedin.com\\\/company\\\/verbalate-ai\",\"https:\\\/\\\/www.instagram.com\\\/verbalateai\\\/\"]}]}<\/script>\n<!-- \/ Yoast SEO Premium plugin. -->","yoast_head_json":{"title":"PRIVAATSUSE POLIITIKA - Verbalate\u2122","robots":{"index":"index","follow":"follow","max-snippet":"max-snippet:-1","max-image-preview":"max-image-preview:large","max-video-preview":"max-video-preview:-1"},"canonical":"https:\/\/verbalate.ai\/et\/privaatsuspoliitika\/","og_locale":"et_EE","og_type":"article","og_title":"PRIVACY POLICY","og_description":"INTRODUCTION This document sets out the privacy policy of Verbalate Pty Ltd ACN 667 685 216 (referred to in this privacy policy as \u2018we\u2019, \u2018us\u2019, or \u2018our\u2019). For the purposes of applicable data protection law, (in particular, the General Data Protection Regulation (EU) 2016\/679 (the \u201cGDPR\u201d) and the UK Data Protection Act 2018), your data [&hellip;]","og_url":"https:\/\/verbalate.ai\/et\/privaatsuspoliitika\/","og_site_name":"Verbalate\u2122","article_publisher":"https:\/\/www.facebook.com\/verbalateai","article_modified_time":"2024-07-02T18:42:30+00:00","og_image":[{"width":1200,"height":675,"url":"https:\/\/verbalate.ai\/wp-content\/uploads\/2024\/05\/verbalate-og.png","type":"image\/png"}],"twitter_card":"summary_large_image","twitter_site":"@verbalateai","twitter_misc":{"Est. reading time":"14 minutit"},"schema":{"@context":"https:\/\/schema.org","@graph":[{"@type":"WebPage","@id":"https:\/\/verbalate.ai\/privacy-policy\/","url":"https:\/\/verbalate.ai\/privacy-policy\/","name":"PRIVAATSUSE POLIITIKA - Verbalate\u2122","isPartOf":{"@id":"https:\/\/verbalate.ai\/#website"},"datePublished":"2024-07-02T18:39:56+00:00","dateModified":"2024-07-02T18:42:30+00:00","breadcrumb":{"@id":"https:\/\/verbalate.ai\/privacy-policy\/#breadcrumb"},"inLanguage":"et","potentialAction":[{"@type":"ReadAction","target":["https:\/\/verbalate.ai\/privacy-policy\/"]}]},{"@type":"BreadcrumbList","@id":"https:\/\/verbalate.ai\/privacy-policy\/#breadcrumb","itemListElement":[{"@type":"ListItem","position":1,"name":"Home","item":"https:\/\/verbalate.ai\/"},{"@type":"ListItem","position":2,"name":"PRIVACY POLICY"}]},{"@type":"WebSite","@id":"https:\/\/verbalate.ai\/#website","url":"https:\/\/verbalate.ai\/","name":"Verbalate","description":"Video t\u00f5lkimise ja dubleerimise platvorm.","publisher":{"@id":"https:\/\/verbalate.ai\/#organization"},"potentialAction":[{"@type":"SearchAction","target":{"@type":"EntryPoint","urlTemplate":"https:\/\/verbalate.ai\/?s={search_term_string}"},"query-input":{"@type":"PropertyValueSpecification","valueRequired":true,"valueName":"search_term_string"}}],"inLanguage":"et"},{"@type":"Organization","@id":"https:\/\/verbalate.ai\/#organization","name":"Verbalate","url":"https:\/\/verbalate.ai\/","logo":{"@type":"ImageObject","inLanguage":"et","@id":"https:\/\/verbalate.ai\/#\/schema\/logo\/image\/","url":"https:\/\/verbalate.ai\/wp-content\/uploads\/2024\/05\/Link-\u2192-verbalate-translation-software-logo.svg.svg","contentUrl":"https:\/\/verbalate.ai\/wp-content\/uploads\/2024\/05\/Link-\u2192-verbalate-translation-software-logo.svg.svg","caption":"Verbalate"},"image":{"@id":"https:\/\/verbalate.ai\/#\/schema\/logo\/image\/"},"sameAs":["https:\/\/www.facebook.com\/verbalateai","https:\/\/x.com\/verbalateai","https:\/\/www.youtube.com\/@verbalateai","https:\/\/www.linkedin.com\/company\/verbalate-ai","https:\/\/www.instagram.com\/verbalateai\/"]}]}},"jetpack_sharing_enabled":true,"_links":{"self":[{"href":"https:\/\/verbalate.ai\/et\/wp-json\/wp\/v2\/pages\/3935","targetHints":{"allow":["GET"]}}],"collection":[{"href":"https:\/\/verbalate.ai\/et\/wp-json\/wp\/v2\/pages"}],"about":[{"href":"https:\/\/verbalate.ai\/et\/wp-json\/wp\/v2\/types\/page"}],"author":[{"embeddable":true,"href":"https:\/\/verbalate.ai\/et\/wp-json\/wp\/v2\/users\/2"}],"replies":[{"embeddable":true,"href":"https:\/\/verbalate.ai\/et\/wp-json\/wp\/v2\/comments?post=3935"}],"version-history":[{"count":0,"href":"https:\/\/verbalate.ai\/et\/wp-json\/wp\/v2\/pages\/3935\/revisions"}],"wp:attachment":[{"href":"https:\/\/verbalate.ai\/et\/wp-json\/wp\/v2\/media?parent=3935"}],"curies":[{"name":"wp","href":"https:\/\/api.w.org\/{rel}","templated":true}]}}