{"id":3935,"date":"2024-07-02T18:39:56","date_gmt":"2024-07-02T18:39:56","guid":{"rendered":"https:\/\/verbalate.ai\/?page_id=3935"},"modified":"2024-07-02T18:42:30","modified_gmt":"2024-07-02T18:42:30","slug":"politica-de-privacidad","status":"publish","type":"page","link":"https:\/\/verbalate.ai\/es\/privacy-policy\/","title":{"rendered":"POL\u00cdTICA DE PRIVACIDAD"},"content":{"rendered":"<div data-elementor-type=\"wp-page\" data-elementor-id=\"3935\" class=\"elementor elementor-3935\" data-elementor-post-type=\"page\">\n\t\t\t\t<div class=\"elementor-element elementor-element-b5fbd69 pad-tb-huge e-flex e-con-boxed e-con e-parent\" data-id=\"b5fbd69\" data-element_type=\"container\" data-e-type=\"container\">\n\t\t\t\t\t<div class=\"e-con-inner\">\n\t\t\t\t<div class=\"elementor-element elementor-element-0e6bd5f elementor-widget elementor-widget-text-editor\" data-id=\"0e6bd5f\" data-element_type=\"widget\" data-e-type=\"widget\" data-widget_type=\"text-editor.default\">\n\t\t\t\t<div class=\"elementor-widget-container\">\n\t\t\t\t\t\t\t\t\t<p><\/p><main id=\"content\" class=\"site-main post-327 page type-page status-publish hentry\"><p><\/p>\n<div class=\"page-content\">\n<div class=\"elementor elementor-327\" data-elementor-type=\"wp-page\" data-elementor-id=\"327\" data-elementor-post-type=\"page\">\n<div class=\"elementor-element elementor-element-4f64f00 e-flex e-con-boxed e-con e-parent\" data-id=\"4f64f00\" data-element_type=\"container\" data-core-v316-plus=\"true\">\n<div class=\"e-con-inner\">\n<div class=\"elementor-element elementor-element-bdb5181 elementor-widget elementor-widget-text-editor\" data-id=\"bdb5181\" data-element_type=\"widget\" data-widget_type=\"text-editor.default\">\n<div class=\"elementor-widget-container\">\n<h5>INTRODUCCI\u00d3N<\/h5>\n<ol>\n<li>El presente documento establece la pol\u00edtica de privacidad de Verbalate Pty Ltd ACN 667 685 216 (denominada en esta pol\u00edtica de privacidad \"nosotros\", \"nos\" o \"nuestro\"). A los efectos de la legislaci\u00f3n aplicable en materia de protecci\u00f3n de datos, (en particular, el Reglamento General de Protecci\u00f3n de Datos (UE) 2016\/679 (el \"<strong>GDPR<\/strong>\") y la Ley de Protecci\u00f3n de Datos del Reino Unido de 2018), sus datos ser\u00e1n controlados por nosotros.<\/li>\n<li>Esta pol\u00edtica de privacidad se aplica siempre que recopilamos su informaci\u00f3n personal y\/o datos personales (su&nbsp;<strong>datos personales<\/strong>). Esto incluye las relaciones entre usted, el visitante de este sitio web (ya sea directamente como cliente nuestro o como personal de nuestro cliente), y nosotros, el propietario y proveedor de este sitio web, y tambi\u00e9n cuando recibimos instrucciones de un tercero para procesar sus datos personales. Esta pol\u00edtica de privacidad se aplica a nuestro uso de todos y cada uno de los datos recogidos por nosotros o proporcionados por usted en relaci\u00f3n con su uso del sitio web y la prestaci\u00f3n de nuestros servicios a usted.<\/li>\n<li>Nos tomamos muy en serio nuestras obligaciones en materia de privacidad. Le rogamos que lea atentamente esta pol\u00edtica de privacidad, ya que contiene informaci\u00f3n importante sobre qui\u00e9nes somos y c\u00f3mo y por qu\u00e9 recogemos, almacenamos, utilizamos y compartimos sus datos personales en relaci\u00f3n con su uso de nuestro sitio web. Tambi\u00e9n explica sus derechos en relaci\u00f3n con sus datos personales y c\u00f3mo ponerse en contacto con nosotros o con un organismo regulador pertinente en caso de que tenga alguna queja.<\/li>\n<\/ol><div><br><\/div>\n<h5>TIPOS DE INFORMACI\u00d3N PERSONAL QUE RECOPILAMOS<\/h5>\n<ol start=\"4\">\n<li>Los datos personales que recopilamos pueden incluir los siguientes:<br><\/li><ol type=\"a\">\n<li>nombre;<\/li>\n<li>direcci\u00f3n postal;<\/li>\n<li>direcci\u00f3n de correo electr\u00f3nico;<\/li>\n<li>informaci\u00f3n en las redes sociales;<\/li>\n<li>n\u00famero de tel\u00e9fono y otros datos de contacto;<\/li>\n<li>edad;<\/li>\n<li>fecha de nacimiento;<\/li>\n<li>tarjeta de cr\u00e9dito u otra informaci\u00f3n de pago;<\/li>\n<li>informaci\u00f3n sobre su negocio o circunstancias personales;<\/li>\n<li>informaci\u00f3n relacionada con encuestas, cuestionarios y promociones a clientes en las que participe;<\/li>\n<li>cuando utilizamos cookies anal\u00edticas, la identidad y el tipo de su dispositivo, su direcci\u00f3n IP, informaci\u00f3n de geolocalizaci\u00f3n, estad\u00edsticas de visualizaci\u00f3n de p\u00e1ginas, datos publicitarios e informaci\u00f3n de registro web est\u00e1ndar;<\/li>\n<li>informaci\u00f3n sobre terceros<\/li>\n<li>cualquier otra informaci\u00f3n que nos proporcione a trav\u00e9s de este sitio web, en el curso de la prestaci\u00f3n de servicios, o que nos solicite o nos facilite.<\/li>\n<\/ol>\n\n<\/ol><div><br><\/div>\n<h5>C\u00d3MO RECOPILAMOS LA INFORMACI\u00d3N PERSONAL<\/h5>\n<ol start=\"5\">\n<li>Nos esforzamos por garantizar que la informaci\u00f3n que recopilamos sea completa, precisa, accesible y no est\u00e9 sujeta a accesos no autorizados.\n<p>Podemos recabar datos personales directamente de usted o de terceros:<\/p>\n<ol type=\"a\">\n<li>p\u00f3ngase en contacto con nosotros a trav\u00e9s de nuestro sitio web;<\/li>\n<li>comunicarse con nosotros por correo electr\u00f3nico, tel\u00e9fono, SMS, aplicaciones sociales (como LinkedIn, Facebook o Twitter) o de otro modo;<\/li>\n<li>contratarnos para prestarle servicios;<\/li>\n<li>cuando usted o su organizaci\u00f3n nos ofrecen o prestan servicios;<\/li>\n<li>interactuar con nuestro sitio web, aplicaciones sociales, servicios, contenidos y publicidad; y<\/li>\n<li>\n<blockquote>\n<p>invertir en nuestra empresa o informarse sobre una posible compra de nuestra empresa.<\/p>\n<\/blockquote>\n<\/li>\n<\/ol>\n<p>Tambi\u00e9n podemos recoger sus datos personales cuando utiliza o accede a nuestro sitio web o a nuestras p\u00e1ginas en las redes sociales. Esto puede hacerse mediante el uso de herramientas de an\u00e1lisis web, \"cookies\" u otras tecnolog\u00edas de seguimiento similares que nos permiten rastrear y analizar su uso del sitio web. Para m\u00e1s informaci\u00f3n, consulte nuestra Pol\u00edtica de cookies.<\/p>\n<\/li>\n<\/ol><div><br><\/div>\n<h5>USO DE SUS DATOS PERSONALES<\/h5>\n<ol start=\"8\">\n<li>Recogemos y utilizamos datos personales para los siguientes fines:<br><\/li><ol type=\"a\">\n<li>proporcionarle servicios o informaci\u00f3n;<\/li>\n<li>con fines administrativos y de mantenimiento de registros;<\/li>\n<li>para cumplir nuestras obligaciones legales, resolver litigios o hacer cumplir nuestros acuerdos con terceros;<\/li>\n<li>cuando tengamos su consentimiento, entre otras cosas para enviarle mensajes de marketing y promocionales y otra informaci\u00f3n que pueda ser de su inter\u00e9s. En este sentido, podemos utilizar el correo electr\u00f3nico, los SMS, las redes sociales o el correo postal para enviarle comunicaciones comerciales directas. Usted puede optar por no recibir material publicitario de nuestra parte utilizando la opci\u00f3n de exclusi\u00f3n que se le ofrece (por ejemplo, un enlace para darse de baja);<\/li>\n<li>por nuestros intereses leg\u00edtimos, entre ellos:<br><\/li><ol type=\"i\">\n<li>desarrollar y llevar a cabo actividades de marketing y realizar estudios y an\u00e1lisis de mercado y elaborar estad\u00edsticas;<\/li>\n<li>mejorar y optimizar nuestra oferta de servicios y la experiencia del cliente;<\/li>\n<li>enviarle mensajes administrativos, recordatorios, avisos, actualizaciones y otra informaci\u00f3n solicitada por usted;<\/li>\n<li>estudiar su solicitud de empleo; y<\/li>\n<li>la prestaci\u00f3n de nuestros servicios.<\/li>\n<\/ol>\n\n<\/ol>\n\n<\/ol><div><br><\/div>\n<h5>COMPARTIR SUS DATOS<\/h5>\n<ol start=\"9\">\n<li>Podemos compartir sus datos personales en determinadas circunstancias, como se indica a continuaci\u00f3n:<br><\/li><ol type=\"a\">\n<li>cuando se produzca un cambio de control en nuestra empresa o una venta o transferencia de activos empresariales, nos reservamos el derecho a transferir, en la medida en que lo permita la ley, nuestras bases de datos de usuarios, junto con los datos personales y no personales contenidos en dichas bases de datos. Esta informaci\u00f3n podr\u00e1 ser revelada a un comprador potencial en virtud de un acuerdo para mantener la confidencialidad. S\u00f3lo revelaremos informaci\u00f3n de buena fe y cuando as\u00ed lo exija cualquiera de las circunstancias anteriores;<\/li>\n<li>agencias de verificaci\u00f3n de cr\u00e9dito por razones de control de cr\u00e9dito;<\/li>\n<li>las divulgaciones exigidas por la ley o la normativa; y<\/li>\n<li>proveedores de servicios y otros terceros afiliados que nos permitan prestarle nuestros servicios, incluidos otros asesores profesionales como contables, proveedores de servicios de recuperaci\u00f3n en caso de cat\u00e1strofe o auditores y\/o asesores extranjeros.<\/li>\n<\/ol>\n\n<\/ol><div><br><\/div>\n<h5>SEGURIDAD<\/h5>\n<ol start=\"10\">\n<li>Tomamos medidas razonables para garantizar que sus datos personales est\u00e9n seguros y protegidos frente a usos indebidos o accesos no autorizados. Nuestros sistemas inform\u00e1ticos est\u00e1n protegidos por contrase\u00f1a y utilizamos una serie de medidas administrativas y t\u00e9cnicas para protegerlos. Sin embargo, no podemos garantizar la seguridad de sus datos personales.<\/li>\n<\/ol><div><br><\/div>\n<h5>ENLACES<\/h5>\n<ol start=\"11\">\n<li>Nuestro sitio web puede contener enlaces a otros sitios web. Dichos enlaces se facilitan por comodidad y pueden no estar actualizados o no ser mantenidos. No somos responsables de las pr\u00e1cticas de privacidad de esos sitios web enlazados y le sugerimos que revise las pol\u00edticas de privacidad de esos sitios web antes de utilizarlos.<\/li>\n<\/ol><div><br><\/div>\n<h5>SUS DERECHOS<\/h5>\n<ol start=\"12\">\n<li>Usted tiene varios derechos con respecto al uso que hacemos de sus datos personales:<br><ol type=\"a\">\n<li><strong>Acceda a<\/strong>: Tiene derecho a acceder a su informaci\u00f3n (si la estamos procesando) y a otros datos (similares a los que figuran en este aviso de privacidad). De este modo, podr\u00e1 comprobar que utilizamos sus datos de acuerdo con la legislaci\u00f3n sobre protecci\u00f3n de datos.<\/li>\n<li><strong>Inf\u00f3rmese<\/strong>: Usted tiene derecho a recibir informaci\u00f3n clara, transparente y f\u00e1cilmente comprensible sobre c\u00f3mo utilizamos sus datos y sobre sus derechos. Por eso le facilitamos la informaci\u00f3n de esta pol\u00edtica de privacidad.<\/li>\n<li><strong>Rectificaci\u00f3n<\/strong>: Nuestro objetivo es mantener sus datos personales exactos, actualizados y completos. Le animamos a que se ponga en contacto con nosotros a trav\u00e9s de nuestro formulario de contacto para comunicarnos si alguno de sus datos personales no es exacto o cambia, de modo que podamos mantener sus datos personales actualizados.<\/li>\n<li><strong>Objetar<\/strong>: Tambi\u00e9n tiene derecho a oponerse al tratamiento de sus datos personales en determinadas circunstancias, incluido el tratamiento para mercadotecnia directa.<\/li>\n<li><strong>Restringir<\/strong>: Tiene derecho a \"bloquear\" o suprimir el uso posterior de su informaci\u00f3n. Cuando se restringe el tratamiento, podemos seguir almacenando su informaci\u00f3n, pero no podemos seguir utiliz\u00e1ndola.<\/li>\n<li><strong>Borrado<\/strong>: Tiene derecho a pedirnos que borremos sus datos personales cuando \u00e9stos ya no sean necesarios para los fines para los que fueron recogidos o cuando, entre otras cosas, sus datos personales hayan sido tratados ilegalmente.<\/li>\n<li><strong>Portabilidad<\/strong>: Tiene derecho a solicitar que algunos de sus datos personales se le faciliten a usted, o a otro responsable del tratamiento, en un formato de uso com\u00fan legible por m\u00e1quina.<\/li>\n<li><strong>Quejas<\/strong>: Si cree que se han vulnerado sus derechos en materia de protecci\u00f3n de datos, tiene derecho a presentar una reclamaci\u00f3n ante la autoridad de control competente. En el Reino Unido, la autoridad supervisora es la Oficina del Comisario de Informaci\u00f3n.<\/li>\n<li><strong>Retirar el consentimiento<\/strong>: Si ha dado su consentimiento a cualquier cosa que hagamos con sus datos personales, tiene derecho a retirarlo en cualquier momento. Esto incluye su derecho a retirar el consentimiento para que utilicemos sus datos personales con fines de marketing.<\/li>\n<\/ol>\n<p>Puede ejercer en cualquier momento cualquiera de los derechos mencionados poni\u00e9ndose en contacto con nuestra direcci\u00f3n de correo electr\u00f3nico facilitada a continuaci\u00f3n.<\/p>\n<\/li>\n<\/ol><div><br><\/div>\n<h5>CU\u00c1NTO TIEMPO CONSERVAMOS LOS DATOS<\/h5>\n<ol start=\"14\">\n<li>S\u00f3lo conservaremos sus datos personales durante el tiempo necesario para cumplir los fines para los que los recopilamos, incluido el cumplimiento de cualquier requisito legal, contable o de elaboraci\u00f3n de informes. Destruiremos de forma segura sus datos personales de conformidad con las leyes y normativas aplicables.\n<p>Si desea m\u00e1s informaci\u00f3n sobre nuestros periodos espec\u00edficos de conservaci\u00f3n de sus datos personales, p\u00f3ngase en contacto con nosotros a trav\u00e9s de la direcci\u00f3n de correo electr\u00f3nico que se indica a continuaci\u00f3n.<\/p>\n<\/li>\n<\/ol><div><br><\/div>\n<h5>TRANSFERENCIAS FUERA DEL ESPACIO ECON\u00d3MICO EUROPEO (\"EEE\")<\/h5>\n<ol start=\"16\">\n<li>Para prestar nuestros servicios, podemos transferir los datos personales que recopilamos a pa\u00edses fuera del Reino Unido o del EEE que no ofrezcan el mismo nivel de protecci\u00f3n de datos que el pa\u00eds en el que usted reside y que no est\u00e9n reconocidos por la Comisi\u00f3n Europea como proveedores de un nivel adecuado de protecci\u00f3n de datos.\n<p>Cuando lo hagamos, nos aseguraremos de que est\u00e9n protegidos en la misma medida que en el EEE y el Reino Unido, ya que estableceremos las salvaguardias adecuadas para proteger sus datos personales, que pueden incluir cl\u00e1usulas contractuales est\u00e1ndar.<\/p>\n<p>Si desea m\u00e1s informaci\u00f3n, p\u00f3ngase en contacto con nosotros en la direcci\u00f3n de correo electr\u00f3nico que figura a continuaci\u00f3n.<\/p>\n<\/li>\n<\/ol><div><br><\/div>\n<h5>CONTACTO<\/h5>\n<ol start=\"19\">\n<li>Si desea obtener m\u00e1s informaci\u00f3n sobre nuestra pol\u00edtica de privacidad o nuestras pr\u00e1cticas, acceder a sus datos personales, corregirlos o presentar una queja, p\u00f3ngase en contacto con nosotros a trav\u00e9s de los datos que se indican a continuaci\u00f3n:\n<p><strong>Correo electr\u00f3nico<\/strong>: grant.davies@eclicks.com.au<\/p>\n<p>Es posible que modifiquemos esta pol\u00edtica de privacidad de vez en cuando publicando una copia actualizada en nuestro sitio web, por lo que le recomendamos que lo consulte con regularidad para asegurarse de que conoce nuestra pol\u00edtica de privacidad m\u00e1s reciente. Cuando introduzcamos cambios significativos, procuraremos notific\u00e1rselo por correo electr\u00f3nico.<\/p>\n<\/li>\n<\/ol>\n<\/div>\n<\/div>\n<\/div>\n<\/div>\n<\/div>\n<\/div>\n<p><\/p><\/main><p><\/p>\t\t\t\t\t\t\t\t<\/div>\n\t\t\t\t<\/div>\n\t\t\t\t\t<\/div>\n\t\t\t\t<\/div>\n\t\t\t\t<\/div>","protected":false},"excerpt":{"rendered":"<p>INTRODUCTION This document sets out the privacy policy of Verbalate Pty Ltd ACN 667 685 216 (referred to in this privacy policy as \u2018we\u2019, \u2018us\u2019, or \u2018our\u2019). For the purposes of applicable data protection law, (in particular, the General Data Protection Regulation (EU) 2016\/679 (the \u201cGDPR\u201d) and the UK Data Protection Act 2018), your data [&hellip;]<\/p>\n","protected":false},"author":2,"featured_media":0,"parent":0,"menu_order":0,"comment_status":"closed","ping_status":"closed","template":"","meta":{"_acf_changed":false,"footnotes":""},"class_list":["post-3935","page","type-page","status-publish","hentry"],"acf":[],"yoast_head":"<!-- This site is optimized with the Yoast SEO Premium plugin v25.6 (Yoast SEO v27.4) - https:\/\/yoast.com\/product\/yoast-seo-premium-wordpress\/ -->\n<title>PRIVACY POLICY - Verbalate\u2122<\/title>\n<meta name=\"robots\" content=\"index, follow, max-snippet:-1, max-image-preview:large, max-video-preview:-1\" \/>\n<link rel=\"canonical\" href=\"https:\/\/verbalate.ai\/es\/politica-de-privacidad\/\" \/>\n<meta property=\"og:locale\" content=\"es_ES\" \/>\n<meta property=\"og:type\" content=\"article\" \/>\n<meta property=\"og:title\" content=\"PRIVACY POLICY\" \/>\n<meta property=\"og:description\" content=\"INTRODUCTION This document sets out the privacy policy of Verbalate Pty Ltd ACN 667 685 216 (referred to in this privacy policy as \u2018we\u2019, \u2018us\u2019, or \u2018our\u2019). For the purposes of applicable data protection law, (in particular, the General Data Protection Regulation (EU) 2016\/679 (the \u201cGDPR\u201d) and the UK Data Protection Act 2018), your data [&hellip;]\" \/>\n<meta property=\"og:url\" content=\"https:\/\/verbalate.ai\/es\/politica-de-privacidad\/\" \/>\n<meta property=\"og:site_name\" content=\"Verbalate\u2122\" \/>\n<meta property=\"article:publisher\" content=\"https:\/\/www.facebook.com\/verbalateai\" \/>\n<meta property=\"article:modified_time\" content=\"2024-07-02T18:42:30+00:00\" \/>\n<meta property=\"og:image\" content=\"https:\/\/verbalate.ai\/wp-content\/uploads\/2024\/05\/verbalate-og.png\" \/>\n\t<meta property=\"og:image:width\" content=\"1200\" \/>\n\t<meta property=\"og:image:height\" content=\"675\" \/>\n\t<meta property=\"og:image:type\" content=\"image\/png\" \/>\n<meta name=\"twitter:card\" content=\"summary_large_image\" \/>\n<meta name=\"twitter:site\" content=\"@verbalateai\" \/>\n<meta name=\"twitter:label1\" content=\"Tiempo de lectura\" \/>\n\t<meta name=\"twitter:data1\" content=\"14 minutos\" \/>\n<script type=\"application\/ld+json\" class=\"yoast-schema-graph\">{\"@context\":\"https:\\\/\\\/schema.org\",\"@graph\":[{\"@type\":\"WebPage\",\"@id\":\"https:\\\/\\\/verbalate.ai\\\/privacy-policy\\\/\",\"url\":\"https:\\\/\\\/verbalate.ai\\\/privacy-policy\\\/\",\"name\":\"PRIVACY POLICY - Verbalate\u2122\",\"isPartOf\":{\"@id\":\"https:\\\/\\\/verbalate.ai\\\/#website\"},\"datePublished\":\"2024-07-02T18:39:56+00:00\",\"dateModified\":\"2024-07-02T18:42:30+00:00\",\"breadcrumb\":{\"@id\":\"https:\\\/\\\/verbalate.ai\\\/privacy-policy\\\/#breadcrumb\"},\"inLanguage\":\"es\",\"potentialAction\":[{\"@type\":\"ReadAction\",\"target\":[\"https:\\\/\\\/verbalate.ai\\\/privacy-policy\\\/\"]}]},{\"@type\":\"BreadcrumbList\",\"@id\":\"https:\\\/\\\/verbalate.ai\\\/privacy-policy\\\/#breadcrumb\",\"itemListElement\":[{\"@type\":\"ListItem\",\"position\":1,\"name\":\"Home\",\"item\":\"https:\\\/\\\/verbalate.ai\\\/\"},{\"@type\":\"ListItem\",\"position\":2,\"name\":\"PRIVACY POLICY\"}]},{\"@type\":\"WebSite\",\"@id\":\"https:\\\/\\\/verbalate.ai\\\/#website\",\"url\":\"https:\\\/\\\/verbalate.ai\\\/\",\"name\":\"Verbalate\",\"description\":\"Video Translation &amp; Dubbing Platform.\",\"publisher\":{\"@id\":\"https:\\\/\\\/verbalate.ai\\\/#organization\"},\"potentialAction\":[{\"@type\":\"SearchAction\",\"target\":{\"@type\":\"EntryPoint\",\"urlTemplate\":\"https:\\\/\\\/verbalate.ai\\\/?s={search_term_string}\"},\"query-input\":{\"@type\":\"PropertyValueSpecification\",\"valueRequired\":true,\"valueName\":\"search_term_string\"}}],\"inLanguage\":\"es\"},{\"@type\":\"Organization\",\"@id\":\"https:\\\/\\\/verbalate.ai\\\/#organization\",\"name\":\"Verbalate\",\"url\":\"https:\\\/\\\/verbalate.ai\\\/\",\"logo\":{\"@type\":\"ImageObject\",\"inLanguage\":\"es\",\"@id\":\"https:\\\/\\\/verbalate.ai\\\/#\\\/schema\\\/logo\\\/image\\\/\",\"url\":\"https:\\\/\\\/verbalate.ai\\\/wp-content\\\/uploads\\\/2024\\\/05\\\/Link-\u2192-verbalate-translation-software-logo.svg.svg\",\"contentUrl\":\"https:\\\/\\\/verbalate.ai\\\/wp-content\\\/uploads\\\/2024\\\/05\\\/Link-\u2192-verbalate-translation-software-logo.svg.svg\",\"caption\":\"Verbalate\"},\"image\":{\"@id\":\"https:\\\/\\\/verbalate.ai\\\/#\\\/schema\\\/logo\\\/image\\\/\"},\"sameAs\":[\"https:\\\/\\\/www.facebook.com\\\/verbalateai\",\"https:\\\/\\\/x.com\\\/verbalateai\",\"https:\\\/\\\/www.youtube.com\\\/@verbalateai\",\"https:\\\/\\\/www.linkedin.com\\\/company\\\/verbalate-ai\",\"https:\\\/\\\/www.instagram.com\\\/verbalateai\\\/\"]}]}<\/script>\n<!-- \/ Yoast SEO Premium plugin. -->","yoast_head_json":{"title":"POL\u00cdTICA DE PRIVACIDAD - Verbalate\u2122","robots":{"index":"index","follow":"follow","max-snippet":"max-snippet:-1","max-image-preview":"max-image-preview:large","max-video-preview":"max-video-preview:-1"},"canonical":"https:\/\/verbalate.ai\/es\/politica-de-privacidad\/","og_locale":"es_ES","og_type":"article","og_title":"PRIVACY POLICY","og_description":"INTRODUCTION This document sets out the privacy policy of Verbalate Pty Ltd ACN 667 685 216 (referred to in this privacy policy as \u2018we\u2019, \u2018us\u2019, or \u2018our\u2019). For the purposes of applicable data protection law, (in particular, the General Data Protection Regulation (EU) 2016\/679 (the \u201cGDPR\u201d) and the UK Data Protection Act 2018), your data [&hellip;]","og_url":"https:\/\/verbalate.ai\/es\/politica-de-privacidad\/","og_site_name":"Verbalate\u2122","article_publisher":"https:\/\/www.facebook.com\/verbalateai","article_modified_time":"2024-07-02T18:42:30+00:00","og_image":[{"width":1200,"height":675,"url":"https:\/\/verbalate.ai\/wp-content\/uploads\/2024\/05\/verbalate-og.png","type":"image\/png"}],"twitter_card":"summary_large_image","twitter_site":"@verbalateai","twitter_misc":{"Tiempo de lectura":"14 minutos"},"schema":{"@context":"https:\/\/schema.org","@graph":[{"@type":"WebPage","@id":"https:\/\/verbalate.ai\/privacy-policy\/","url":"https:\/\/verbalate.ai\/privacy-policy\/","name":"POL\u00cdTICA DE PRIVACIDAD - Verbalate\u2122","isPartOf":{"@id":"https:\/\/verbalate.ai\/#website"},"datePublished":"2024-07-02T18:39:56+00:00","dateModified":"2024-07-02T18:42:30+00:00","breadcrumb":{"@id":"https:\/\/verbalate.ai\/privacy-policy\/#breadcrumb"},"inLanguage":"es","potentialAction":[{"@type":"ReadAction","target":["https:\/\/verbalate.ai\/privacy-policy\/"]}]},{"@type":"BreadcrumbList","@id":"https:\/\/verbalate.ai\/privacy-policy\/#breadcrumb","itemListElement":[{"@type":"ListItem","position":1,"name":"Home","item":"https:\/\/verbalate.ai\/"},{"@type":"ListItem","position":2,"name":"PRIVACY POLICY"}]},{"@type":"WebSite","@id":"https:\/\/verbalate.ai\/#website","url":"https:\/\/verbalate.ai\/","name":"Verbalate","description":"Plataforma de traducci\u00f3n y doblaje de v\u00eddeo.","publisher":{"@id":"https:\/\/verbalate.ai\/#organization"},"potentialAction":[{"@type":"SearchAction","target":{"@type":"EntryPoint","urlTemplate":"https:\/\/verbalate.ai\/?s={search_term_string}"},"query-input":{"@type":"PropertyValueSpecification","valueRequired":true,"valueName":"search_term_string"}}],"inLanguage":"es"},{"@type":"Organization","@id":"https:\/\/verbalate.ai\/#organization","name":"Verbalate","url":"https:\/\/verbalate.ai\/","logo":{"@type":"ImageObject","inLanguage":"es","@id":"https:\/\/verbalate.ai\/#\/schema\/logo\/image\/","url":"https:\/\/verbalate.ai\/wp-content\/uploads\/2024\/05\/Link-\u2192-verbalate-translation-software-logo.svg.svg","contentUrl":"https:\/\/verbalate.ai\/wp-content\/uploads\/2024\/05\/Link-\u2192-verbalate-translation-software-logo.svg.svg","caption":"Verbalate"},"image":{"@id":"https:\/\/verbalate.ai\/#\/schema\/logo\/image\/"},"sameAs":["https:\/\/www.facebook.com\/verbalateai","https:\/\/x.com\/verbalateai","https:\/\/www.youtube.com\/@verbalateai","https:\/\/www.linkedin.com\/company\/verbalate-ai","https:\/\/www.instagram.com\/verbalateai\/"]}]}},"jetpack_sharing_enabled":true,"_links":{"self":[{"href":"https:\/\/verbalate.ai\/es\/wp-json\/wp\/v2\/pages\/3935","targetHints":{"allow":["GET"]}}],"collection":[{"href":"https:\/\/verbalate.ai\/es\/wp-json\/wp\/v2\/pages"}],"about":[{"href":"https:\/\/verbalate.ai\/es\/wp-json\/wp\/v2\/types\/page"}],"author":[{"embeddable":true,"href":"https:\/\/verbalate.ai\/es\/wp-json\/wp\/v2\/users\/2"}],"replies":[{"embeddable":true,"href":"https:\/\/verbalate.ai\/es\/wp-json\/wp\/v2\/comments?post=3935"}],"version-history":[{"count":0,"href":"https:\/\/verbalate.ai\/es\/wp-json\/wp\/v2\/pages\/3935\/revisions"}],"wp:attachment":[{"href":"https:\/\/verbalate.ai\/es\/wp-json\/wp\/v2\/media?parent=3935"}],"curies":[{"name":"wp","href":"https:\/\/api.w.org\/{rel}","templated":true}]}}