{"id":3935,"date":"2024-07-02T18:39:56","date_gmt":"2024-07-02T18:39:56","guid":{"rendered":"https:\/\/verbalate.ai\/?page_id=3935"},"modified":"2024-07-02T18:42:30","modified_gmt":"2024-07-02T18:42:30","slug":"privatlivspolitik","status":"publish","type":"page","link":"https:\/\/verbalate.ai\/da\/privacy-policy\/","title":{"rendered":"POLITIK FOR BESKYTTELSE AF PERSONLIGE OPLYSNINGER"},"content":{"rendered":"<div data-elementor-type=\"wp-page\" data-elementor-id=\"3935\" class=\"elementor elementor-3935\" data-elementor-post-type=\"page\">\n\t\t\t\t<div class=\"elementor-element elementor-element-b5fbd69 pad-tb-huge e-flex e-con-boxed e-con e-parent\" data-id=\"b5fbd69\" data-element_type=\"container\" data-e-type=\"container\">\n\t\t\t\t\t<div class=\"e-con-inner\">\n\t\t\t\t<div class=\"elementor-element elementor-element-0e6bd5f elementor-widget elementor-widget-text-editor\" data-id=\"0e6bd5f\" data-element_type=\"widget\" data-e-type=\"widget\" data-widget_type=\"text-editor.default\">\n\t\t\t\t<div class=\"elementor-widget-container\">\n\t\t\t\t\t\t\t\t\t<p><\/p><main id=\"content\" class=\"site-main post-327 page type-page status-publish hentry\"><p><\/p>\n<div class=\"page-content\">\n<div class=\"elementor elementor-327\" data-elementor-type=\"wp-page\" data-elementor-id=\"327\" data-elementor-post-type=\"page\">\n<div class=\"elementor-element elementor-element-4f64f00 e-flex e-con-boxed e-con e-parent\" data-id=\"4f64f00\" data-element_type=\"container\" data-core-v316-plus=\"true\">\n<div class=\"e-con-inner\">\n<div class=\"elementor-element elementor-element-bdb5181 elementor-widget elementor-widget-text-editor\" data-id=\"bdb5181\" data-element_type=\"widget\" data-widget_type=\"text-editor.default\">\n<div class=\"elementor-widget-container\">\n<h5>INDLEDNING<\/h5>\n<ol>\n<li>Dette dokument beskriver privatlivspolitikken for Verbalate Pty Ltd ACN 667 685 216 (omtalt i denne privatlivspolitik som \"vi\", \"os\" eller \"vores\"). Med henblik p\u00e5 g\u00e6ldende databeskyttelseslovgivning (is\u00e6r den generelle databeskyttelsesforordning (EU) 2016\/679 (\"<strong>GDPR<\/strong>\") og den britiske databeskyttelseslov 2018), vil dine data blive kontrolleret af os.<\/li>\n<li>Denne privatlivspolitik g\u00e6lder, n\u00e5r vi indsamler dine personlige oplysninger og\/eller personlige data (dine&nbsp;<strong>personlige data<\/strong>). Dette omfatter forholdet mellem dig, den bes\u00f8gende p\u00e5 dette websted (enten direkte som vores kunde eller som personale hos vores kunde), og os, ejeren og udbyderen af dette websted, og ogs\u00e5 hvor vi er instrueret af en tredjepart til at behandle dine personlige data. Denne privatlivspolitik g\u00e6lder for vores brug af alle data, der indsamles af os eller leveres af dig i forbindelse med din brug af webstedet og levering af vores tjenester til dig.<\/li>\n<li>Vi tager vores forpligtelser til at beskytte privatlivets fred alvorligt. L\u00e6s venligst denne privatlivspolitik omhyggeligt, da den indeholder vigtige oplysninger om, hvem vi er, og hvordan og hvorfor vi indsamler, opbevarer, bruger og deler dine personlige data i forbindelse med din brug af vores hjemmeside. Den forklarer ogs\u00e5 dine rettigheder i forhold til dine persondata, og hvordan du kontakter os eller en relevant tilsynsmyndighed, hvis du har en klage.<\/li>\n<\/ol><div><br><\/div>\n<h5>TYPER AF PERSONLIGE OPLYSNINGER, VI INDSAMLER<\/h5>\n<ol start=\"4\">\n<li>De personoplysninger, vi indsamler, kan omfatte f\u00f8lgende:<br><\/li><ol type=\"a\">\n<li>navn;<\/li>\n<li>postadresse eller gadeadresse;<\/li>\n<li>e-mail-adresse;<\/li>\n<li>oplysninger om sociale medier;<\/li>\n<li>telefonnummer og andre kontaktoplysninger;<\/li>\n<li>alder;<\/li>\n<li>F\u00f8dselsdato;<\/li>\n<li>kreditkort eller andre betalingsoplysninger;<\/li>\n<li>oplysninger om din virksomhed eller personlige forhold;<\/li>\n<li>oplysninger i forbindelse med eventuelle kundeunders\u00f8gelser, sp\u00f8rgeskemaer og kampagner, som du deltager i;<\/li>\n<li>n\u00e5r vi bruger analytiske cookies, din enhedsidentitet og -type, IP-adresse, oplysninger om geografisk placering, sidevisningsstatistik, reklamedata og standard weblogoplysninger;<\/li>\n<li>oplysninger om tredjeparter; og<\/li>\n<li>alle andre oplysninger, som du giver os via dette websted, i forbindelse med at vi leverer tjenester til dig, eller som p\u00e5 anden m\u00e5de kr\u00e6ves af os eller gives af dig.<\/li>\n<\/ol>\n\n<\/ol><div><br><\/div>\n<h5>HVORDAN VI INDSAMLER PERSONLIGE OPLYSNINGER<\/h5>\n<ol start=\"5\">\n<li>Vi bestr\u00e6ber os p\u00e5 at sikre, at de oplysninger, vi indsamler, er fuldst\u00e6ndige, n\u00f8jagtige, tilg\u00e6ngelige og ikke genstand for uautoriseret adgang.\n<p>Vi kan indsamle personoplysninger enten direkte fra dig eller fra tredjeparter, herunder hvor du:<\/p>\n<ol type=\"a\">\n<li>Kontakt os via vores hjemmeside;<\/li>\n<li>kommunikere med os via e-mail, telefon, sms, sociale applikationer (f.eks. LinkedIn, Facebook eller Twitter) eller p\u00e5 anden vis;<\/li>\n<li>engagere os til at udf\u00f8re tjenester for dig;<\/li>\n<li>n\u00e5r du eller din organisation tilbyder at levere eller leverer tjenester til os;<\/li>\n<li>interagere med vores hjemmeside, sociale applikationer, tjenester, indhold og reklamer; og<\/li>\n<li>\n<blockquote>\n<p>investere i vores virksomhed eller foresp\u00f8rge om et potentielt k\u00f8b i vores virksomhed.<\/p>\n<\/blockquote>\n<\/li>\n<\/ol>\n<p>Vi kan ogs\u00e5 indsamle personoplysninger fra dig, n\u00e5r du bruger eller tilg\u00e5r vores hjemmeside eller vores sider p\u00e5 de sociale medier. Dette kan ske ved hj\u00e6lp af webanalysev\u00e6rkt\u00f8jer, 'cookies' eller andre lignende sporingsteknologier, der giver os mulighed for at spore og analysere din brug af webstedet. For mere information, se venligst vores cookiepolitik.<\/p>\n<\/li>\n<\/ol><div><br><\/div>\n<h5>BRUG AF DINE PERSONLIGE OPLYSNINGER<\/h5>\n<ol start=\"8\">\n<li>Vi indsamler og bruger personoplysninger til f\u00f8lgende form\u00e5l:<br><\/li><ol type=\"a\">\n<li>at levere tjenester eller oplysninger til dig;<\/li>\n<li>til registrering og administrative form\u00e5l;<\/li>\n<li>for at overholde vores juridiske forpligtelser, l\u00f8se tvister eller h\u00e5ndh\u00e6ve vores aftaler med tredjeparter;<\/li>\n<li>hvor vi har dit samtykke, herunder til at sende dig markedsf\u00f8rings- og reklamemeddelelser og andre oplysninger, der kan v\u00e6re af interesse for dig. I den forbindelse kan vi bruge e-mail, sms, sociale medier eller post til at sende dig direkte markedsf\u00f8ringskommunikation. Du kan frav\u00e6lge at modtage markedsf\u00f8ringsmateriale fra os ved at bruge den angivne fravalgsmulighed (f.eks. et afmeldingslink);<\/li>\n<li>for vores legitime interesser, herunder:<br><\/li><ol type=\"i\">\n<li>at udvikle og gennemf\u00f8re markedsf\u00f8ringsaktiviteter og foretage markedsunders\u00f8gelser og -analyser samt udvikle statistikker;<\/li>\n<li>at forbedre og optimere vores servicetilbud og kundeoplevelse;<\/li>\n<li>at sende dig administrative meddelelser, p\u00e5mindelser, meddelelser, opdateringer og andre oplysninger, som du har anmodet om;<\/li>\n<li>at overveje en ans\u00f8gning om ans\u00e6ttelse fra dig; og<\/li>\n<li>levering af vores tjenester.<\/li>\n<\/ol>\n\n<\/ol>\n\n<\/ol><div><br><\/div>\n<h5>DELING AF DINE DATA<\/h5>\n<ol start=\"9\">\n<li>Vi kan dele dine personlige data under visse omst\u00e6ndigheder, som f\u00f8lger:<br><\/li><ol type=\"a\">\n<li>Hvis der sker en \u00e6ndring af kontrollen med vores virksomhed eller et salg eller en overf\u00f8rsel af forretningsaktiver, forbeholder vi os ret til at overf\u00f8re vores brugerdatabaser i det omfang, det er tilladt ved lov, sammen med alle personlige data og ikke-personlige data, der er indeholdt i disse databaser. Disse oplysninger kan videregives til en potentiel k\u00f8ber i henhold til en aftale om at opretholde fortrolighed. Vi vil kun s\u00f8ge at videregive oplysninger i god tro, og hvor det kr\u00e6ves af nogen af de ovenn\u00e6vnte omst\u00e6ndigheder;<\/li>\n<li>kreditvurderingsbureauer af hensyn til kreditkontrol;<\/li>\n<li>videregivelser, der kr\u00e6ves i henhold til lov eller bestemmelser; og<\/li>\n<li>tjenesteudbydere og andre tilknyttede tredjeparter for at g\u00f8re det muligt for os at levere vores tjenester til dig, herunder andre professionelle r\u00e5dgivere som f.eks. revisorer, udbydere af katastrofeberedskabstjenester eller revisorer og\/eller udenlandske advokater.<\/li>\n<\/ol>\n\n<\/ol><div><br><\/div>\n<h5>SIKKERHED<\/h5>\n<ol start=\"10\">\n<li>Vi tager rimelige skridt til at sikre, at dine personlige data er sikre og beskyttet mod misbrug eller uautoriseret adgang. Vores informationsteknologiske systemer er beskyttet med adgangskode, og vi bruger en r\u00e6kke administrative og tekniske foranstaltninger til at beskytte disse systemer. Vi kan dog ikke garantere sikkerheden af dine personlige data.<\/li>\n<\/ol><div><br><\/div>\n<h5>LINKS<\/h5>\n<ol start=\"11\">\n<li>Vores hjemmeside kan indeholde links til andre hjemmesider. Disse links leveres for nemheds skyld og er muligvis ikke aktuelle eller vedligeholdes. Vi er ikke ansvarlige for fortrolighedspraksis p\u00e5 disse linkede websteder, og vi foresl\u00e5r, at du gennemg\u00e5r fortrolighedspolitikkerne p\u00e5 disse websteder, f\u00f8r du bruger dem.<\/li>\n<\/ol><div><br><\/div>\n<h5>DINE RETTIGHEDER<\/h5>\n<ol start=\"12\">\n<li>Du har forskellige rettigheder i forhold til vores brug af dine personlige data:<br><ol type=\"a\">\n<li><strong>Adgang<\/strong>: Du har ret til at f\u00e5 adgang til dine oplysninger (hvis vi behandler dem) og visse andre oplysninger (svarende til dem, der er angivet i denne meddelelse om beskyttelse af personlige oplysninger). Dette er for, at du er klar over og kan kontrollere, at vi bruger dine oplysninger i overensstemmelse med databeskyttelsesloven.<\/li>\n<li><strong>Bliv informeret<\/strong>: Du har ret til at f\u00e5 klare, gennemsigtige og letforst\u00e5elige oplysninger om, hvordan vi bruger dine oplysninger og dine rettigheder. Det er derfor, vi giver dig oplysningerne i denne privatlivspolitik.<\/li>\n<li><strong>Udbedring<\/strong>: Vi tilstr\u00e6ber at holde dine personlige data n\u00f8jagtige, aktuelle og fuldst\u00e6ndige. Vi opfordrer dig til at kontakte os via vores kontaktformular for at fort\u00e6lle os, hvis nogle af dine personlige data ikke er korrekte eller \u00e6ndres, s\u00e5 vi kan holde dine personlige data opdaterede.<\/li>\n<li><strong>G\u00f8r indsigelse<\/strong>: Du har ogs\u00e5 ret til at g\u00f8re indsigelse mod behandling af dine personlige data under visse omst\u00e6ndigheder, herunder behandling til direkte markedsf\u00f8ring.<\/li>\n<li><strong>Begr\u00e6nsning<\/strong>: Du har ret til at 'blokere' eller undertrykke yderligere brug af dine oplysninger. N\u00e5r behandlingen er begr\u00e6nset, kan vi stadig gemme dine oplysninger, men m\u00e5 ikke bruge dem yderligere.<\/li>\n<li><strong>Udslettelse<\/strong>: Du har ret til at bede os om at slette dine personlige data, n\u00e5r de personlige data ikke l\u00e6ngere er n\u00f8dvendige til de form\u00e5l, som de blev indsamlet til, eller n\u00e5r dine personlige data blandt andet er blevet behandlet ulovligt.<\/li>\n<li><strong>B\u00e6rbarhed<\/strong>: Du har ret til at anmode om, at nogle af dine personoplysninger udleveres til dig eller til en anden dataansvarlig i et almindeligt anvendt, maskinl\u00e6sbart format.<\/li>\n<li><strong>Klager<\/strong>: Hvis du mener, at dine databeskyttelsesrettigheder er blevet kr\u00e6nket, har du ret til at indgive en klage til den relevante tilsynsmyndighed. I Storbritannien er tilsynsmyndigheden Information Commissioner's Office.<\/li>\n<li><strong>Tr\u00e6k samtykke tilbage<\/strong>: Hvis du har givet dit samtykke til noget, vi g\u00f8r med dine personlige data, har du ret til at tr\u00e6kke dit samtykke tilbage til enhver tid. Dette omfatter din ret til at tr\u00e6kke dit samtykke til, at vi bruger dine personoplysninger til markedsf\u00f8ringsform\u00e5l, tilbage.<\/li>\n<\/ol>\n<p>Du kan til enhver tid ud\u00f8ve enhver af ovenst\u00e5ende rettigheder ved at kontakte vores e-mailadresse, der er angivet nedenfor.<\/p>\n<\/li>\n<\/ol><div><br><\/div>\n<h5>HVOR L\u00c6NGE VI OPBEVARER DATA<\/h5>\n<ol start=\"14\">\n<li>Vi opbevarer kun dine personoplysninger, s\u00e5 l\u00e6nge det er n\u00f8dvendigt for at opfylde de form\u00e5l, vi indsamlede dem til, herunder med henblik p\u00e5 at opfylde eventuelle juridiske, regnskabsm\u00e6ssige eller rapporteringsm\u00e6ssige krav. Vi destruerer dine personoplysninger p\u00e5 en sikker m\u00e5de i overensstemmelse med g\u00e6ldende love og regler.\n<p>Hvis du \u00f8nsker yderligere oplysninger om vores specifikke opbevaringsperioder for dine personlige data, bedes du kontakte os via vores e-mailadresse nedenfor.<\/p>\n<\/li>\n<\/ol><div><br><\/div>\n<h5>OVERF\u00d8RSLER UDEN FOR DET EUROP\u00c6ISKE \u00d8KONOMISKE SAMARBEJDSOMR\u00c5DE (\"E\u00d8S\")<\/h5>\n<ol start=\"16\">\n<li>For at levere vores tjenester kan vi overf\u00f8re de personoplysninger, vi indsamler, til lande uden for Storbritannien eller E\u00d8S, som ikke giver samme niveau af databeskyttelse som det land, du bor i, og som ikke er anerkendt af Europa-Kommissionen som havende et tilstr\u00e6kkeligt niveau af databeskyttelse.\n<p>N\u00e5r vi g\u00f8r dette, vil vi sikre, at de er beskyttet i samme omfang som i E\u00d8S og Storbritannien, da vi vil indf\u00f8re passende sikkerhedsforanstaltninger for at beskytte dine persondata, hvilket kan omfatte standardkontraktklausuler.<\/p>\n<p>Hvis du vil have flere oplysninger, kan du kontakte os p\u00e5 nedenst\u00e5ende e-mailadresse.<\/p>\n<\/li>\n<\/ol><div><br><\/div>\n<h5>KONTAKT OS<\/h5>\n<ol start=\"19\">\n<li>For yderligere oplysninger om vores privatlivspolitik eller praksis, eller for at f\u00e5 adgang til eller rette dine personlige data eller indgive en klage, bedes du kontakte os ved hj\u00e6lp af nedenst\u00e5ende oplysninger:\n<p><strong>E-mail<\/strong>: grant.davies@eclicks.com.au<\/p>\n<p>Vi kan \u00e6ndre denne privatlivspolitik fra tid til anden ved at l\u00e6gge en opdateret kopi ud p\u00e5 vores hjemmeside, og vi opfordrer dig til at tjekke vores hjemmeside regelm\u00e6ssigt for at sikre, at du er opm\u00e6rksom p\u00e5 vores mest aktuelle privatlivspolitik. Hvis vi foretager v\u00e6sentlige \u00e6ndringer, vil vi bestr\u00e6be os p\u00e5 at underrette dig via e-mail.<\/p>\n<\/li>\n<\/ol>\n<\/div>\n<\/div>\n<\/div>\n<\/div>\n<\/div>\n<\/div>\n<p><\/p><\/main><p><\/p>\t\t\t\t\t\t\t\t<\/div>\n\t\t\t\t<\/div>\n\t\t\t\t\t<\/div>\n\t\t\t\t<\/div>\n\t\t\t\t<\/div>","protected":false},"excerpt":{"rendered":"<p>INTRODUCTION This document sets out the privacy policy of Verbalate Pty Ltd ACN 667 685 216 (referred to in this privacy policy as \u2018we\u2019, \u2018us\u2019, or \u2018our\u2019). For the purposes of applicable data protection law, (in particular, the General Data Protection Regulation (EU) 2016\/679 (the \u201cGDPR\u201d) and the UK Data Protection Act 2018), your data [&hellip;]<\/p>\n","protected":false},"author":2,"featured_media":0,"parent":0,"menu_order":0,"comment_status":"closed","ping_status":"closed","template":"","meta":{"_acf_changed":false,"footnotes":""},"class_list":["post-3935","page","type-page","status-publish","hentry"],"acf":[],"yoast_head":"<!-- This site is optimized with the Yoast SEO Premium plugin v25.6 (Yoast SEO v27.4) - https:\/\/yoast.com\/product\/yoast-seo-premium-wordpress\/ -->\n<title>PRIVACY POLICY - Verbalate\u2122<\/title>\n<meta name=\"robots\" content=\"index, follow, max-snippet:-1, max-image-preview:large, max-video-preview:-1\" \/>\n<link rel=\"canonical\" href=\"https:\/\/verbalate.ai\/da\/privatlivspolitik\/\" \/>\n<meta property=\"og:locale\" content=\"da_DK\" \/>\n<meta property=\"og:type\" content=\"article\" \/>\n<meta property=\"og:title\" content=\"PRIVACY POLICY\" \/>\n<meta property=\"og:description\" content=\"INTRODUCTION This document sets out the privacy policy of Verbalate Pty Ltd ACN 667 685 216 (referred to in this privacy policy as \u2018we\u2019, \u2018us\u2019, or \u2018our\u2019). For the purposes of applicable data protection law, (in particular, the General Data Protection Regulation (EU) 2016\/679 (the \u201cGDPR\u201d) and the UK Data Protection Act 2018), your data [&hellip;]\" \/>\n<meta property=\"og:url\" content=\"https:\/\/verbalate.ai\/da\/privatlivspolitik\/\" \/>\n<meta property=\"og:site_name\" content=\"Verbalate\u2122\" \/>\n<meta property=\"article:publisher\" content=\"https:\/\/www.facebook.com\/verbalateai\" \/>\n<meta property=\"article:modified_time\" content=\"2024-07-02T18:42:30+00:00\" \/>\n<meta property=\"og:image\" content=\"https:\/\/verbalate.ai\/wp-content\/uploads\/2024\/05\/verbalate-og.png\" \/>\n\t<meta property=\"og:image:width\" content=\"1200\" \/>\n\t<meta property=\"og:image:height\" content=\"675\" \/>\n\t<meta property=\"og:image:type\" content=\"image\/png\" \/>\n<meta name=\"twitter:card\" content=\"summary_large_image\" \/>\n<meta name=\"twitter:site\" content=\"@verbalateai\" \/>\n<meta name=\"twitter:label1\" content=\"Estimeret l\u00e6setid\" \/>\n\t<meta name=\"twitter:data1\" content=\"14 minutter\" \/>\n<script type=\"application\/ld+json\" class=\"yoast-schema-graph\">{\"@context\":\"https:\\\/\\\/schema.org\",\"@graph\":[{\"@type\":\"WebPage\",\"@id\":\"https:\\\/\\\/verbalate.ai\\\/privacy-policy\\\/\",\"url\":\"https:\\\/\\\/verbalate.ai\\\/privacy-policy\\\/\",\"name\":\"PRIVACY POLICY - Verbalate\u2122\",\"isPartOf\":{\"@id\":\"https:\\\/\\\/verbalate.ai\\\/#website\"},\"datePublished\":\"2024-07-02T18:39:56+00:00\",\"dateModified\":\"2024-07-02T18:42:30+00:00\",\"breadcrumb\":{\"@id\":\"https:\\\/\\\/verbalate.ai\\\/privacy-policy\\\/#breadcrumb\"},\"inLanguage\":\"da-DK\",\"potentialAction\":[{\"@type\":\"ReadAction\",\"target\":[\"https:\\\/\\\/verbalate.ai\\\/privacy-policy\\\/\"]}]},{\"@type\":\"BreadcrumbList\",\"@id\":\"https:\\\/\\\/verbalate.ai\\\/privacy-policy\\\/#breadcrumb\",\"itemListElement\":[{\"@type\":\"ListItem\",\"position\":1,\"name\":\"Home\",\"item\":\"https:\\\/\\\/verbalate.ai\\\/\"},{\"@type\":\"ListItem\",\"position\":2,\"name\":\"PRIVACY POLICY\"}]},{\"@type\":\"WebSite\",\"@id\":\"https:\\\/\\\/verbalate.ai\\\/#website\",\"url\":\"https:\\\/\\\/verbalate.ai\\\/\",\"name\":\"Verbalate\",\"description\":\"Video Translation &amp; Dubbing Platform.\",\"publisher\":{\"@id\":\"https:\\\/\\\/verbalate.ai\\\/#organization\"},\"potentialAction\":[{\"@type\":\"SearchAction\",\"target\":{\"@type\":\"EntryPoint\",\"urlTemplate\":\"https:\\\/\\\/verbalate.ai\\\/?s={search_term_string}\"},\"query-input\":{\"@type\":\"PropertyValueSpecification\",\"valueRequired\":true,\"valueName\":\"search_term_string\"}}],\"inLanguage\":\"da-DK\"},{\"@type\":\"Organization\",\"@id\":\"https:\\\/\\\/verbalate.ai\\\/#organization\",\"name\":\"Verbalate\",\"url\":\"https:\\\/\\\/verbalate.ai\\\/\",\"logo\":{\"@type\":\"ImageObject\",\"inLanguage\":\"da-DK\",\"@id\":\"https:\\\/\\\/verbalate.ai\\\/#\\\/schema\\\/logo\\\/image\\\/\",\"url\":\"https:\\\/\\\/verbalate.ai\\\/wp-content\\\/uploads\\\/2024\\\/05\\\/Link-\u2192-verbalate-translation-software-logo.svg.svg\",\"contentUrl\":\"https:\\\/\\\/verbalate.ai\\\/wp-content\\\/uploads\\\/2024\\\/05\\\/Link-\u2192-verbalate-translation-software-logo.svg.svg\",\"caption\":\"Verbalate\"},\"image\":{\"@id\":\"https:\\\/\\\/verbalate.ai\\\/#\\\/schema\\\/logo\\\/image\\\/\"},\"sameAs\":[\"https:\\\/\\\/www.facebook.com\\\/verbalateai\",\"https:\\\/\\\/x.com\\\/verbalateai\",\"https:\\\/\\\/www.youtube.com\\\/@verbalateai\",\"https:\\\/\\\/www.linkedin.com\\\/company\\\/verbalate-ai\",\"https:\\\/\\\/www.instagram.com\\\/verbalateai\\\/\"]}]}<\/script>\n<!-- \/ Yoast SEO Premium plugin. -->","yoast_head_json":{"title":"Politik for beskyttelse af personlige oplysninger - Verbalate\u2122","robots":{"index":"index","follow":"follow","max-snippet":"max-snippet:-1","max-image-preview":"max-image-preview:large","max-video-preview":"max-video-preview:-1"},"canonical":"https:\/\/verbalate.ai\/da\/privatlivspolitik\/","og_locale":"da_DK","og_type":"article","og_title":"PRIVACY POLICY","og_description":"INTRODUCTION This document sets out the privacy policy of Verbalate Pty Ltd ACN 667 685 216 (referred to in this privacy policy as \u2018we\u2019, \u2018us\u2019, or \u2018our\u2019). For the purposes of applicable data protection law, (in particular, the General Data Protection Regulation (EU) 2016\/679 (the \u201cGDPR\u201d) and the UK Data Protection Act 2018), your data [&hellip;]","og_url":"https:\/\/verbalate.ai\/da\/privatlivspolitik\/","og_site_name":"Verbalate\u2122","article_publisher":"https:\/\/www.facebook.com\/verbalateai","article_modified_time":"2024-07-02T18:42:30+00:00","og_image":[{"width":1200,"height":675,"url":"https:\/\/verbalate.ai\/wp-content\/uploads\/2024\/05\/verbalate-og.png","type":"image\/png"}],"twitter_card":"summary_large_image","twitter_site":"@verbalateai","twitter_misc":{"Estimeret l\u00e6setid":"14 minutter"},"schema":{"@context":"https:\/\/schema.org","@graph":[{"@type":"WebPage","@id":"https:\/\/verbalate.ai\/privacy-policy\/","url":"https:\/\/verbalate.ai\/privacy-policy\/","name":"Politik for beskyttelse af personlige oplysninger - Verbalate\u2122","isPartOf":{"@id":"https:\/\/verbalate.ai\/#website"},"datePublished":"2024-07-02T18:39:56+00:00","dateModified":"2024-07-02T18:42:30+00:00","breadcrumb":{"@id":"https:\/\/verbalate.ai\/privacy-policy\/#breadcrumb"},"inLanguage":"da-DK","potentialAction":[{"@type":"ReadAction","target":["https:\/\/verbalate.ai\/privacy-policy\/"]}]},{"@type":"BreadcrumbList","@id":"https:\/\/verbalate.ai\/privacy-policy\/#breadcrumb","itemListElement":[{"@type":"ListItem","position":1,"name":"Home","item":"https:\/\/verbalate.ai\/"},{"@type":"ListItem","position":2,"name":"PRIVACY POLICY"}]},{"@type":"WebSite","@id":"https:\/\/verbalate.ai\/#website","url":"https:\/\/verbalate.ai\/","name":"Verbalate","description":"Platform til videoovers\u00e6ttelse og -dubbing.","publisher":{"@id":"https:\/\/verbalate.ai\/#organization"},"potentialAction":[{"@type":"SearchAction","target":{"@type":"EntryPoint","urlTemplate":"https:\/\/verbalate.ai\/?s={search_term_string}"},"query-input":{"@type":"PropertyValueSpecification","valueRequired":true,"valueName":"search_term_string"}}],"inLanguage":"da-DK"},{"@type":"Organization","@id":"https:\/\/verbalate.ai\/#organization","name":"Verbalate","url":"https:\/\/verbalate.ai\/","logo":{"@type":"ImageObject","inLanguage":"da-DK","@id":"https:\/\/verbalate.ai\/#\/schema\/logo\/image\/","url":"https:\/\/verbalate.ai\/wp-content\/uploads\/2024\/05\/Link-\u2192-verbalate-translation-software-logo.svg.svg","contentUrl":"https:\/\/verbalate.ai\/wp-content\/uploads\/2024\/05\/Link-\u2192-verbalate-translation-software-logo.svg.svg","caption":"Verbalate"},"image":{"@id":"https:\/\/verbalate.ai\/#\/schema\/logo\/image\/"},"sameAs":["https:\/\/www.facebook.com\/verbalateai","https:\/\/x.com\/verbalateai","https:\/\/www.youtube.com\/@verbalateai","https:\/\/www.linkedin.com\/company\/verbalate-ai","https:\/\/www.instagram.com\/verbalateai\/"]}]}},"jetpack_sharing_enabled":true,"_links":{"self":[{"href":"https:\/\/verbalate.ai\/da\/wp-json\/wp\/v2\/pages\/3935","targetHints":{"allow":["GET"]}}],"collection":[{"href":"https:\/\/verbalate.ai\/da\/wp-json\/wp\/v2\/pages"}],"about":[{"href":"https:\/\/verbalate.ai\/da\/wp-json\/wp\/v2\/types\/page"}],"author":[{"embeddable":true,"href":"https:\/\/verbalate.ai\/da\/wp-json\/wp\/v2\/users\/2"}],"replies":[{"embeddable":true,"href":"https:\/\/verbalate.ai\/da\/wp-json\/wp\/v2\/comments?post=3935"}],"version-history":[{"count":0,"href":"https:\/\/verbalate.ai\/da\/wp-json\/wp\/v2\/pages\/3935\/revisions"}],"wp:attachment":[{"href":"https:\/\/verbalate.ai\/da\/wp-json\/wp\/v2\/media?parent=3935"}],"curies":[{"name":"wp","href":"https:\/\/api.w.org\/{rel}","templated":true}]}}